{"id":1294,"date":"2025-09-28T07:52:35","date_gmt":"2025-09-28T07:52:35","guid":{"rendered":"https:\/\/uhmwpemanufacture.com\/?post_type=product&#038;p=1294"},"modified":"2025-09-28T07:52:35","modified_gmt":"2025-09-28T07:52:35","slug":"heavy-duty-uhmwpe-cribbing-blocks-crane-outrigger-pads-crane","status":"publish","type":"product","link":"https:\/\/uhmwpemanufacture.com\/fr\/heavy-duty-uhmwpe-cribbing-blocks-crane-outrigger-pads-crane\/","title":{"rendered":"Blocs d'encastrement en UHMWPE tr\u00e8s r\u00e9sistants Coussinets d'encastrement pour grues Grue"},"content":{"rendered":"<h2>Blocs d'encastrement en UHMWPE tr\u00e8s r\u00e9sistants Coussinets pour grues et ponts roulants<\/h2>\n<p>Nos blocs d'encastrement et nos tampons pour grues en UHMWPE sont con\u00e7us pour offrir une r\u00e9sistance et une s\u00e9curit\u00e9 sup\u00e9rieures pour les grues et les machines lourdes. Fabriqu\u00e9s en poly\u00e9thyl\u00e8ne \u00e0 tr\u00e8s haut poids mol\u00e9culaire, ils sont l\u00e9gers, r\u00e9silients et r\u00e9sistants \u00e0 l'eau, aux produits chimiques et aux conditions climatiques extr\u00eames. La surface antid\u00e9rapante garantit un positionnement s\u00fbr, tandis que la r\u00e9sistance \u00e9lev\u00e9e aux effets emp\u00eache la fracturation ou l'\u00e9clatement sous des tonnes lourdes. Faciles \u00e0 manipuler et recyclables, ces plaques prot\u00e8gent les surfaces au sol et prolongent la dur\u00e9e de vie des \u00e9quipements. Parfaits pour le b\u00e2timent et la construction, l'exploitation mini\u00e8re et les op\u00e9rations de formation industrielle, ils offrent une assistance fiable et durable dans des atmosph\u00e8res exigeantes.<\/p>","protected":false},"excerpt":{"rendered":"<p>Les blocs d'encastrement et les plaques d'ancrage en UHMWPE tr\u00e8s r\u00e9sistants offrent un support solide et stable pour les grues et les machines lourdes. L\u00e9gers, durables et r\u00e9sistants aux intemp\u00e9ries, ils pr\u00e9sentent des surfaces antid\u00e9rapantes et une grande r\u00e9sistance aux chocs, garantissant un levage s\u00fbr et fiable dans les environnements exigeants.<\/p>","protected":false},"featured_media":1295,"template":"","meta":{"_gspb_post_css":""},"product_brand":[],"product_cat":[15,21],"product_tag":[197,198,113],"class_list":{"0":"post-1294","1":"product","2":"type-product","3":"status-publish","4":"has-post-thumbnail","6":"product_cat-uhmwpe-hdpe-sheets-plates","7":"product_cat-uhmwpe-fender-pads","8":"product_tag-crane-outrigger-pads","9":"product_tag-heavy-machinery-stabilizer","10":"product_tag-uhmwpe-cribbing-blocks","12":"first","13":"instock","14":"shipping-taxable","15":"product-type-simple"},"_links":{"self":[{"href":"https:\/\/uhmwpemanufacture.com\/fr\/wp-json\/wp\/v2\/product\/1294","targetHints":{"allow":["GET"]}}],"collection":[{"href":"https:\/\/uhmwpemanufacture.com\/fr\/wp-json\/wp\/v2\/product"}],"about":[{"href":"https:\/\/uhmwpemanufacture.com\/fr\/wp-json\/wp\/v2\/types\/product"}],"wp:featuredmedia":[{"embeddable":true,"href":"https:\/\/uhmwpemanufacture.com\/fr\/wp-json\/wp\/v2\/media\/1295"}],"wp:attachment":[{"href":"https:\/\/uhmwpemanufacture.com\/fr\/wp-json\/wp\/v2\/media?parent=1294"}],"wp:term":[{"taxonomy":"product_brand","embeddable":true,"href":"https:\/\/uhmwpemanufacture.com\/fr\/wp-json\/wp\/v2\/product_brand?post=1294"},{"taxonomy":"product_cat","embeddable":true,"href":"https:\/\/uhmwpemanufacture.com\/fr\/wp-json\/wp\/v2\/product_cat?post=1294"},{"taxonomy":"product_tag","embeddable":true,"href":"https:\/\/uhmwpemanufacture.com\/fr\/wp-json\/wp\/v2\/product_tag?post=1294"}],"curies":[{"name":"wp","href":"https:\/\/api.w.org\/{rel}","templated":true}]}}