{"id":1298,"date":"2025-09-28T07:56:37","date_gmt":"2025-09-28T07:56:37","guid":{"rendered":"https:\/\/uhmwpemanufacture.com\/?post_type=product&#038;p=1298"},"modified":"2025-09-28T07:56:37","modified_gmt":"2025-09-28T07:56:37","slug":"uhmwpe-sheet-ultra-high-molecular-weight-polyethylene-board","status":"publish","type":"product","link":"https:\/\/uhmwpemanufacture.com\/fr\/uhmwpe-sheet-ultra-high-molecular-weight-polyethylene-board\/","title":{"rendered":"Panneau de poly\u00e9thyl\u00e8ne \u00e0 poids mol\u00e9culaire ultra \u00e9lev\u00e9 (UHMWPE)"},"content":{"rendered":"<h2>Panneau de poly\u00e9thyl\u00e8ne \u00e0 poids mol\u00e9culaire ultra \u00e9lev\u00e9 (UHMWPE)<\/h2>\n<p>Nos plaques UHMWPE sont con\u00e7ues pour offrir une r\u00e9sistance, une robustesse et une commodit\u00e9 impressionnantes, ce qui les rend adapt\u00e9es aux applications commerciales exigeantes. Gr\u00e2ce au poly\u00e9thyl\u00e8ne \u00e0 tr\u00e8s haut poids mol\u00e9culaire, ces panneaux offrent une r\u00e9sistance exceptionnelle \u00e0 l'usure, une faible friction et une grande r\u00e9sistance aux chocs, ce qui garantit une longue dur\u00e9e de vie, m\u00eame sous des tonnes lourdes. Ils sont insensibles \u00e0 l'humidit\u00e9 et aux produits chimiques, ce qui pr\u00e9serve la s\u00e9curit\u00e9 dans les atmosph\u00e8res difficiles. Faciles \u00e0 fabriquer, \u00e0 couper et \u00e0 produire, les feuilles d'UHMWPE sont couramment utilis\u00e9es pour les rev\u00eatements, les roulements, les engrenages, les goulottes et les obstacles de protection. Propos\u00e9es dans diff\u00e9rentes dimensions et \u00e9paisseurs, elles constituent des solutions fiables et rentables pour les march\u00e9s de la construction, de l'exploitation mini\u00e8re et de la production.<\/p>","protected":false},"excerpt":{"rendered":"<p>Les feuilles d'UHMWPE offrent une solidit\u00e9 exceptionnelle, une r\u00e9sistance \u00e0 l'usure et une faible friction pour un usage industriel. R\u00e9sistantes \u00e0 l'humidit\u00e9 et aux produits chimiques, elles sont id\u00e9ales pour les rev\u00eatements, les roulements, les engrenages et les composants de protection dans les applications de construction, d'exploitation mini\u00e8re et de fabrication.<\/p>","protected":false},"featured_media":1300,"template":"","meta":{"_gspb_post_css":""},"product_brand":[],"product_cat":[15,17],"product_tag":[117,199,56],"class_list":{"0":"post-1298","1":"product","2":"type-product","3":"status-publish","4":"has-post-thumbnail","6":"product_cat-uhmwpe-hdpe-sheets-plates","7":"product_cat-uhmwpe-sheets","8":"product_tag-industrial-plastic-sheet","9":"product_tag-polyethylene-board","10":"product_tag-uhmwpe-sheet","12":"first","13":"instock","14":"shipping-taxable","15":"product-type-simple"},"_links":{"self":[{"href":"https:\/\/uhmwpemanufacture.com\/fr\/wp-json\/wp\/v2\/product\/1298","targetHints":{"allow":["GET"]}}],"collection":[{"href":"https:\/\/uhmwpemanufacture.com\/fr\/wp-json\/wp\/v2\/product"}],"about":[{"href":"https:\/\/uhmwpemanufacture.com\/fr\/wp-json\/wp\/v2\/types\/product"}],"wp:featuredmedia":[{"embeddable":true,"href":"https:\/\/uhmwpemanufacture.com\/fr\/wp-json\/wp\/v2\/media\/1300"}],"wp:attachment":[{"href":"https:\/\/uhmwpemanufacture.com\/fr\/wp-json\/wp\/v2\/media?parent=1298"}],"wp:term":[{"taxonomy":"product_brand","embeddable":true,"href":"https:\/\/uhmwpemanufacture.com\/fr\/wp-json\/wp\/v2\/product_brand?post=1298"},{"taxonomy":"product_cat","embeddable":true,"href":"https:\/\/uhmwpemanufacture.com\/fr\/wp-json\/wp\/v2\/product_cat?post=1298"},{"taxonomy":"product_tag","embeddable":true,"href":"https:\/\/uhmwpemanufacture.com\/fr\/wp-json\/wp\/v2\/product_tag?post=1298"}],"curies":[{"name":"wp","href":"https:\/\/api.w.org\/{rel}","templated":true}]}}