{"id":1306,"date":"2025-09-28T08:00:54","date_gmt":"2025-09-28T08:00:54","guid":{"rendered":"https:\/\/uhmwpemanufacture.com\/?post_type=product&#038;p=1306"},"modified":"2025-09-28T08:01:50","modified_gmt":"2025-09-28T08:01:50","slug":"heavy-duty-track-mats-hdpe-plastic-sheet-protection-mat","status":"publish","type":"product","link":"https:\/\/uhmwpemanufacture.com\/fr\/heavy-duty-track-mats-hdpe-plastic-sheet-protection-mat\/","title":{"rendered":"Tapis de piste \u00e0 usage intensif Tapis de protection en feuille de plastique Hdpe"},"content":{"rendered":"<h2>Tapis de piste \u00e0 usage intensif Tapis de protection en plastique HDPE<\/h2>\n<p>Nos tapis de sol robustes en PEHD sont con\u00e7us pour offrir une protection solide et stable aux machines lourdes, aux v\u00e9hicules et aux outils sur les sites de construction, d'exploitation mini\u00e8re et d'activit\u00e9s occasionnelles. Fabriqu\u00e9s en poly\u00e9thyl\u00e8ne haute densit\u00e9, ces tapis sont \u00e0 la fois l\u00e9gers et extr\u00eamement durables. Ils pr\u00e9sentent une r\u00e9sistance exceptionnelle \u00e0 la charge et aux influences, aux produits chimiques et \u00e0 l'humidit\u00e9. La surface textur\u00e9e antid\u00e9rapante am\u00e9liore la traction, garantissant des op\u00e9rations s\u00fbres sur des surfaces en pente, sablonneuses ou irr\u00e9guli\u00e8res. Faciles \u00e0 d\u00e9placer, \u00e0 installer et \u00e0 r\u00e9utiliser, ils offrent une s\u00e9curit\u00e9 au sol abordable et respectueuse de l'environnement. Elles sont id\u00e9ales pour l'am\u00e9nagement de voies d'acc\u00e8s \u00e0 court terme, de plates-formes de travail et pour la protection des terrains dans des environnements exigeants.<\/p>","protected":false},"excerpt":{"rendered":"<p>Les tapis de chenilles robustes en PEHD offrent une protection durable du sol pour les machines et les v\u00e9hicules lourds. Dot\u00e9s de surfaces antid\u00e9rapantes et d'une grande r\u00e9sistance \u00e0 la charge, ils sont id\u00e9aux pour les routes temporaires, les plates-formes de travail et les chantiers de construction, car ils assurent la stabilit\u00e9 sur les sols mous ou irr\u00e9guliers.<\/p>","protected":false},"featured_media":1310,"template":"","meta":{"_gspb_post_css":""},"product_brand":[],"product_cat":[24,26],"product_tag":[72,200,79],"class_list":{"0":"post-1306","1":"product","2":"type-product","3":"status-publish","4":"has-post-thumbnail","6":"product_cat-ground-protection-road-mats","7":"product_cat-base-mats","8":"product_tag-ground-protection-mats","9":"product_tag-hdpe-track-mats","10":"product_tag-heavy-duty-road-mats","12":"first","13":"instock","14":"shipping-taxable","15":"product-type-simple"},"_links":{"self":[{"href":"https:\/\/uhmwpemanufacture.com\/fr\/wp-json\/wp\/v2\/product\/1306","targetHints":{"allow":["GET"]}}],"collection":[{"href":"https:\/\/uhmwpemanufacture.com\/fr\/wp-json\/wp\/v2\/product"}],"about":[{"href":"https:\/\/uhmwpemanufacture.com\/fr\/wp-json\/wp\/v2\/types\/product"}],"wp:featuredmedia":[{"embeddable":true,"href":"https:\/\/uhmwpemanufacture.com\/fr\/wp-json\/wp\/v2\/media\/1310"}],"wp:attachment":[{"href":"https:\/\/uhmwpemanufacture.com\/fr\/wp-json\/wp\/v2\/media?parent=1306"}],"wp:term":[{"taxonomy":"product_brand","embeddable":true,"href":"https:\/\/uhmwpemanufacture.com\/fr\/wp-json\/wp\/v2\/product_brand?post=1306"},{"taxonomy":"product_cat","embeddable":true,"href":"https:\/\/uhmwpemanufacture.com\/fr\/wp-json\/wp\/v2\/product_cat?post=1306"},{"taxonomy":"product_tag","embeddable":true,"href":"https:\/\/uhmwpemanufacture.com\/fr\/wp-json\/wp\/v2\/product_tag?post=1306"}],"curies":[{"name":"wp","href":"https:\/\/api.w.org\/{rel}","templated":true}]}}