{"id":1314,"date":"2025-09-28T08:07:09","date_gmt":"2025-09-28T08:07:09","guid":{"rendered":"https:\/\/uhmwpemanufacture.com\/?post_type=product&#038;p=1314"},"modified":"2025-09-28T08:07:09","modified_gmt":"2025-09-28T08:07:09","slug":"high-precision-plastic-injection-molding-manufacture-molding","status":"publish","type":"product","link":"https:\/\/uhmwpemanufacture.com\/fr\/high-precision-plastic-injection-molding-manufacture-molding\/","title":{"rendered":"Moulage par injection de plastique de haute pr\u00e9cision Fabrication de moulage"},"content":{"rendered":"<h2>Moulage par injection de plastique de haute pr\u00e9cision Fabrication de moulage<\/h2>\n<p>Nos services de moulage par injection de plastique de haute pr\u00e9cision fournissent des composants r\u00e9put\u00e9s, exacts et durables, con\u00e7us pour r\u00e9pondre \u00e0 divers besoins commerciaux. Gr\u00e2ce \u00e0 une technologie de moulage sophistiqu\u00e9e et \u00e0 l'utilisation de PP, PE, nylon et autres plastiques techniques de haute qualit\u00e9, nous produisons des \u00e9l\u00e9ments d'une pr\u00e9cision dimensionnelle et d'une finition de surface exceptionnelles. Ces pi\u00e8ces sont \u00e0 la fois l\u00e9g\u00e8res et solides, r\u00e9sistantes \u00e0 l'usage, aux effets et aux produits chimiques, ce qui les rend appropri\u00e9es pour les v\u00e9hicules, les appareils \u00e9lectroniques, les emballages de produits et les articles destin\u00e9s aux clients. Gr\u00e2ce \u00e0 notre capacit\u00e9 \u00e0 personnaliser les formes, les dimensions et les teintes, nous sommes en mesure de proposer des rem\u00e8des qui r\u00e9pondent aux exigences d\u00e9taill\u00e9es des clients. En tant que producteur de confiance, nous garantissons la coh\u00e9rence, la performance et une production \u00e9conomique.<\/p>","protected":false},"excerpt":{"rendered":"<p>Le moulage par injection de plastique de haute pr\u00e9cision permet d'obtenir des pi\u00e8ces pr\u00e9cises et durables avec une excellente finition. En utilisant du PP, du PE, du nylon et des plastiques techniques, nous fournissons des composants personnalis\u00e9s pour l'automobile, l'\u00e9lectronique, l'emballage et les applications industrielles avec une qualit\u00e9 constante.<\/p>","protected":false},"featured_media":1317,"template":"","meta":{"_gspb_post_css":""},"product_brand":[],"product_cat":[35],"product_tag":[202,163,201],"class_list":{"0":"post-1314","1":"product","2":"type-product","3":"status-publish","4":"has-post-thumbnail","6":"product_cat-pp-pe-products","7":"product_tag-custom-plastic-components","8":"product_tag-plastic-injection-molding","9":"product_tag-precision-molded-parts","11":"first","12":"instock","13":"shipping-taxable","14":"product-type-simple"},"_links":{"self":[{"href":"https:\/\/uhmwpemanufacture.com\/fr\/wp-json\/wp\/v2\/product\/1314","targetHints":{"allow":["GET"]}}],"collection":[{"href":"https:\/\/uhmwpemanufacture.com\/fr\/wp-json\/wp\/v2\/product"}],"about":[{"href":"https:\/\/uhmwpemanufacture.com\/fr\/wp-json\/wp\/v2\/types\/product"}],"wp:featuredmedia":[{"embeddable":true,"href":"https:\/\/uhmwpemanufacture.com\/fr\/wp-json\/wp\/v2\/media\/1317"}],"wp:attachment":[{"href":"https:\/\/uhmwpemanufacture.com\/fr\/wp-json\/wp\/v2\/media?parent=1314"}],"wp:term":[{"taxonomy":"product_brand","embeddable":true,"href":"https:\/\/uhmwpemanufacture.com\/fr\/wp-json\/wp\/v2\/product_brand?post=1314"},{"taxonomy":"product_cat","embeddable":true,"href":"https:\/\/uhmwpemanufacture.com\/fr\/wp-json\/wp\/v2\/product_cat?post=1314"},{"taxonomy":"product_tag","embeddable":true,"href":"https:\/\/uhmwpemanufacture.com\/fr\/wp-json\/wp\/v2\/product_tag?post=1314"}],"curies":[{"name":"wp","href":"https:\/\/api.w.org\/{rel}","templated":true}]}}