{"id":1320,"date":"2025-09-28T08:11:18","date_gmt":"2025-09-28T08:11:18","guid":{"rendered":"https:\/\/uhmwpemanufacture.com\/?post_type=product&#038;p=1320"},"modified":"2025-09-28T08:11:49","modified_gmt":"2025-09-28T08:11:49","slug":"hdpe-uhmwpe-synthetic-flooring-tile-panels-hdpe-ice-sheets","status":"publish","type":"product","link":"https:\/\/uhmwpemanufacture.com\/fr\/hdpe-uhmwpe-synthetic-flooring-tile-panels-hdpe-ice-sheets\/","title":{"rendered":"HDPE &amp; UHMWPE Rev\u00eatements de sol synth\u00e9tiques Panneaux de dalles HDPE Ice Sheets"},"content":{"rendered":"<h2>HDPE &amp; UHMWPE Rev\u00eatements de sol synth\u00e9tiques Panneaux de carreaux c\u00e9ramiques Feuilles de glace HDPE<\/h2>\n<p>Nos panneaux de rev\u00eatement de sol artificiel en HDPE et UHMWPE sont con\u00e7us pour reproduire le glissement lisse de la v\u00e9ritable glace, ce qui les rend adapt\u00e9s aux patinoires, aux entra\u00eenements de hockey et \u00e0 l'utilisation dans le cadre des loisirs. Fabriqu\u00e9s en poly\u00e9thyl\u00e8ne haute densit\u00e9 et \u00e0 ultra-haut poids mol\u00e9culaire, ces panneaux offrent une long\u00e9vit\u00e9 exceptionnelle, un frottement r\u00e9duit et une r\u00e9sistance aux effets. Leur style d'embo\u00eetement permet une installation rapide et des performances stables, tandis que les b\u00e2timents r\u00e9sistants aux intemp\u00e9ries les rendent adapt\u00e9s \u00e0 une utilisation int\u00e9rieure et ext\u00e9rieure. Faciles \u00e0 nettoyer et \u00e0 entretenir, ces plaques de glace synth\u00e9tique sont r\u00e9glables en dimensions et en teintes, offrant ainsi une option de rev\u00eatement de sol \u00e9conomique et r\u00e9siliente.<\/p>","protected":false},"excerpt":{"rendered":"<p>Les panneaux de rev\u00eatement de sol synth\u00e9tique HDPE et UHMWPE reproduisent la vraie glace avec une glisse douce, une durabilit\u00e9 et une faible friction. Faciles \u00e0 installer et r\u00e9sistants aux intemp\u00e9ries, ils sont id\u00e9aux pour l'entra\u00eenement au hockey, les patinoires et les loisirs, offrant des performances durables \u00e0 l'int\u00e9rieur comme \u00e0 l'ext\u00e9rieur.<\/p>","protected":false},"featured_media":1323,"template":"","meta":{"_gspb_post_css":""},"product_brand":[],"product_cat":[29,32],"product_tag":[203,126,204],"class_list":{"0":"post-1320","1":"product","2":"type-product","3":"status-publish","4":"has-post-thumbnail","6":"product_cat-ice-rink-products","7":"product_cat-ice-synthetic-panels","8":"product_tag-hdpe-ice-sheets","9":"product_tag-synthetic-ice-panels","10":"product_tag-uhmwpe-flooring-tiles","12":"first","13":"instock","14":"shipping-taxable","15":"product-type-simple"},"_links":{"self":[{"href":"https:\/\/uhmwpemanufacture.com\/fr\/wp-json\/wp\/v2\/product\/1320","targetHints":{"allow":["GET"]}}],"collection":[{"href":"https:\/\/uhmwpemanufacture.com\/fr\/wp-json\/wp\/v2\/product"}],"about":[{"href":"https:\/\/uhmwpemanufacture.com\/fr\/wp-json\/wp\/v2\/types\/product"}],"wp:featuredmedia":[{"embeddable":true,"href":"https:\/\/uhmwpemanufacture.com\/fr\/wp-json\/wp\/v2\/media\/1323"}],"wp:attachment":[{"href":"https:\/\/uhmwpemanufacture.com\/fr\/wp-json\/wp\/v2\/media?parent=1320"}],"wp:term":[{"taxonomy":"product_brand","embeddable":true,"href":"https:\/\/uhmwpemanufacture.com\/fr\/wp-json\/wp\/v2\/product_brand?post=1320"},{"taxonomy":"product_cat","embeddable":true,"href":"https:\/\/uhmwpemanufacture.com\/fr\/wp-json\/wp\/v2\/product_cat?post=1320"},{"taxonomy":"product_tag","embeddable":true,"href":"https:\/\/uhmwpemanufacture.com\/fr\/wp-json\/wp\/v2\/product_tag?post=1320"}],"curies":[{"name":"wp","href":"https:\/\/api.w.org\/{rel}","templated":true}]}}