{"id":1327,"date":"2025-09-28T08:14:47","date_gmt":"2025-09-28T08:14:47","guid":{"rendered":"https:\/\/uhmwpemanufacture.com\/?post_type=product&#038;p=1327"},"modified":"2025-09-28T08:14:47","modified_gmt":"2025-09-28T08:14:47","slug":"high-performance-outdoor-hockey-rink-pe-sheet-wholesaler","status":"publish","type":"product","link":"https:\/\/uhmwpemanufacture.com\/fr\/high-performance-outdoor-hockey-rink-pe-sheet-wholesaler\/","title":{"rendered":"Plaque PE haute performance pour patinoire ext\u00e9rieure Wholesaler"},"content":{"rendered":"<h2>Plaque PE haute efficacit\u00e9 pour patinoire ext\u00e9rieure Grossiste<\/h2>\n<p>Nos plaques PE pour patinoires de hockey ext\u00e9rieures sont con\u00e7ues pour offrir un mouvement fluide, une solidit\u00e9 et une s\u00e9curit\u00e9 pour le patinage professionnel et de loisir. Fabriqu\u00e9es \u00e0 partir de poly\u00e9thyl\u00e8ne co\u00fbteux, ces feuilles offrent une excellente r\u00e9sistance aux effets, un faible frottement et une stabilit\u00e9 aux conditions m\u00e9t\u00e9orologiques, ce qui garantit une utilisation fiable en ext\u00e9rieur. Leur structure robuste r\u00e9siste \u00e0 l'usure et \u00e0 l'exposition directe aux UV, tandis que les panneaux faciles \u00e0 installer permettent une configuration et un entretien rapides. Adapt\u00e9s aux patinoires de hockey, aux centres d'entra\u00eenement et aux terrains de loisirs, ils garantissent une efficacit\u00e9 durable. En tant que distributeur de confiance, nous fournissons des dimensions et des densit\u00e9s personnalisables pour r\u00e9pondre aux diverses demandes des patinoires.<\/p>","protected":false},"excerpt":{"rendered":"<p>Les feuilles de PE haute performance pour patinoires de hockey ext\u00e9rieures offrent une glisse douce, une durabilit\u00e9 et une r\u00e9sistance aux intemp\u00e9ries. Avec une faible friction et une r\u00e9sistance aux chocs, elles sont id\u00e9ales pour les patinoires, l'entra\u00eenement et l'utilisation r\u00e9cr\u00e9ative. Des dimensions personnalis\u00e9es sont disponibles aupr\u00e8s d'un grossiste de confiance pour des performances fiables.<\/p>","protected":false},"featured_media":1333,"template":"","meta":{"_gspb_post_css":""},"product_brand":[],"product_cat":[29,30],"product_tag":[205,206,207],"class_list":{"0":"post-1327","1":"product","2":"type-product","3":"status-publish","4":"has-post-thumbnail","6":"product_cat-ice-rink-products","7":"product_cat-hockey-ice-rink-dasher-boards","8":"product_tag-hockey-rink-pe-sheet","9":"product_tag-outdoor-skating-panels","10":"product_tag-polyethylene-rink-boards","12":"first","13":"instock","14":"shipping-taxable","15":"product-type-simple"},"_links":{"self":[{"href":"https:\/\/uhmwpemanufacture.com\/fr\/wp-json\/wp\/v2\/product\/1327","targetHints":{"allow":["GET"]}}],"collection":[{"href":"https:\/\/uhmwpemanufacture.com\/fr\/wp-json\/wp\/v2\/product"}],"about":[{"href":"https:\/\/uhmwpemanufacture.com\/fr\/wp-json\/wp\/v2\/types\/product"}],"wp:featuredmedia":[{"embeddable":true,"href":"https:\/\/uhmwpemanufacture.com\/fr\/wp-json\/wp\/v2\/media\/1333"}],"wp:attachment":[{"href":"https:\/\/uhmwpemanufacture.com\/fr\/wp-json\/wp\/v2\/media?parent=1327"}],"wp:term":[{"taxonomy":"product_brand","embeddable":true,"href":"https:\/\/uhmwpemanufacture.com\/fr\/wp-json\/wp\/v2\/product_brand?post=1327"},{"taxonomy":"product_cat","embeddable":true,"href":"https:\/\/uhmwpemanufacture.com\/fr\/wp-json\/wp\/v2\/product_cat?post=1327"},{"taxonomy":"product_tag","embeddable":true,"href":"https:\/\/uhmwpemanufacture.com\/fr\/wp-json\/wp\/v2\/product_tag?post=1327"}],"curies":[{"name":"wp","href":"https:\/\/api.w.org\/{rel}","templated":true}]}}