{"id":1336,"date":"2025-09-28T08:17:23","date_gmt":"2025-09-28T08:17:23","guid":{"rendered":"https:\/\/uhmwpemanufacture.com\/?post_type=product&#038;p=1336"},"modified":"2025-09-28T08:17:23","modified_gmt":"2025-09-28T08:17:23","slug":"plastic-practice-ice-hockey-shooting-pads-manufacturers","status":"publish","type":"product","link":"https:\/\/uhmwpemanufacture.com\/fr\/plastic-practice-ice-hockey-shooting-pads-manufacturers\/","title":{"rendered":"Fabricants de coussins d'entra\u00eenement en plastique pour le hockey sur glace"},"content":{"rendered":"<h2>Fabricants de coussins d'entra\u00eenement en plastique pour le hockey sur glace<\/h2>\n<p>Nos plaquettes de tir en plastique pour le hockey sur glace sont con\u00e7ues pour offrir une surface lisse, semblable \u00e0 celle de la glace, pour un entra\u00eenement efficace hors glace. Fabriqu\u00e9s en poly\u00e9thyl\u00e8ne durable, ces coussins offrent une glisse exceptionnelle, une friction r\u00e9duite et une r\u00e9sistance aux effets, ce qui permet aux joueurs d'am\u00e9liorer leurs comp\u00e9tences en mati\u00e8re de tir, de maniement de la crosse et de passe, o\u00f9 qu'ils se trouvent. L\u00e9gers mais robustes, ils sont portables et dot\u00e9s d'une pochette pour faciliter le transport et l'installation. R\u00e9sistants aux intemp\u00e9ries et durables, ces coussins de tir conviennent \u00e0 une utilisation en int\u00e9rieur et en ext\u00e9rieur, ce qui en fait la solution id\u00e9ale pour les athl\u00e8tes professionnels, les entra\u00eeneurs et les centres d'entra\u00eenement. En tant que fournisseurs de confiance, nous proposons des dimensions personnalis\u00e9es pour r\u00e9pondre \u00e0 de nombreuses exigences.<\/p>","protected":false},"excerpt":{"rendered":"<p>Les coussins d'entra\u00eenement en plastique pour le hockey sur glace offrent une surface lisse, semblable \u00e0 de la glace, pour l'entra\u00eenement hors glace. Durables, portables et r\u00e9sistants aux intemp\u00e9ries, ils sont id\u00e9aux pour am\u00e9liorer le tir, le maniement de la crosse et les passes \u00e0 l'int\u00e9rieur ou \u00e0 l'ext\u00e9rieur. Disponibles dans des tailles personnalisables pour les joueurs et les centres d'entra\u00eenement.<\/p>","protected":false},"featured_media":1342,"template":"","meta":{"_gspb_post_css":""},"product_brand":[],"product_cat":[29,31],"product_tag":[84,208,209],"class_list":{"0":"post-1336","1":"product","2":"type-product","3":"status-publish","4":"has-post-thumbnail","6":"product_cat-ice-rink-products","7":"product_cat-hockey-practice-shooting-pads","8":"product_tag-hockey-shooting-pads","9":"product_tag-practice-ice-boards","10":"product_tag-training-skill-pads","12":"first","13":"instock","14":"shipping-taxable","15":"product-type-simple"},"_links":{"self":[{"href":"https:\/\/uhmwpemanufacture.com\/fr\/wp-json\/wp\/v2\/product\/1336","targetHints":{"allow":["GET"]}}],"collection":[{"href":"https:\/\/uhmwpemanufacture.com\/fr\/wp-json\/wp\/v2\/product"}],"about":[{"href":"https:\/\/uhmwpemanufacture.com\/fr\/wp-json\/wp\/v2\/types\/product"}],"wp:featuredmedia":[{"embeddable":true,"href":"https:\/\/uhmwpemanufacture.com\/fr\/wp-json\/wp\/v2\/media\/1342"}],"wp:attachment":[{"href":"https:\/\/uhmwpemanufacture.com\/fr\/wp-json\/wp\/v2\/media?parent=1336"}],"wp:term":[{"taxonomy":"product_brand","embeddable":true,"href":"https:\/\/uhmwpemanufacture.com\/fr\/wp-json\/wp\/v2\/product_brand?post=1336"},{"taxonomy":"product_cat","embeddable":true,"href":"https:\/\/uhmwpemanufacture.com\/fr\/wp-json\/wp\/v2\/product_cat?post=1336"},{"taxonomy":"product_tag","embeddable":true,"href":"https:\/\/uhmwpemanufacture.com\/fr\/wp-json\/wp\/v2\/product_tag?post=1336"}],"curies":[{"name":"wp","href":"https:\/\/api.w.org\/{rel}","templated":true}]}}