{"id":1344,"date":"2025-09-28T08:22:50","date_gmt":"2025-09-28T08:22:50","guid":{"rendered":"https:\/\/uhmwpemanufacture.com\/?post_type=product&#038;p=1344"},"modified":"2025-09-28T08:22:50","modified_gmt":"2025-09-28T08:22:50","slug":"custom-portable-outdoor-floor-ball-dasher-boards-supplier","status":"publish","type":"product","link":"https:\/\/uhmwpemanufacture.com\/fr\/custom-portable-outdoor-floor-ball-dasher-boards-supplier\/","title":{"rendered":"Fournisseur de panneaux d'affichage de balles de sol portatifs pour l'ext\u00e9rieur"},"content":{"rendered":"<h2>Distributeur de planches de lavage portatives pour sols d'ext\u00e9rieur<\/h2>\n<p>Nos panneaux de jeu de balle portables sont con\u00e7us pour garantir l'endurance, la r\u00e9sistance et la s\u00e9curit\u00e9 des joueurs, ce qui les rend id\u00e9aux pour les terrains d'entra\u00eenement et de divertissement. Fabriqu\u00e9s en poly\u00e9thyl\u00e8ne de premi\u00e8re qualit\u00e9, ces panneaux sont r\u00e9sistants aux chocs et aux intemp\u00e9ries, et leur surface est lisse et non abrasive, ce qui permet de jouer en toute s\u00e9curit\u00e9. Le style modulaire et portable permet un montage, un d\u00e9montage et un rangement faciles, ce qui garantit l'adaptabilit\u00e9 \u00e0 des arrangements de courte dur\u00e9e ou irr\u00e9versibles. Id\u00e9ales pour l'int\u00e9rieur comme pour l'ext\u00e9rieur, elles supportent une forte usure tout en conservant une stabilit\u00e9 durable. En tant que fournisseur de confiance, nous proposons des dimensions, des teintes et des configurations personnalis\u00e9es pour r\u00e9pondre aux diverses exigences en mati\u00e8re d'exposition.<\/p>","protected":false},"excerpt":{"rendered":"<p>Les panneaux d'affichage portatifs personnalis\u00e9s pour le jeu de balle au sol en ext\u00e9rieur offrent durabilit\u00e9, r\u00e9sistance aux chocs et s\u00e9curit\u00e9 de jeu. Gr\u00e2ce \u00e0 leur conception modulaire et facile \u00e0 installer, ils sont id\u00e9aux pour une utilisation int\u00e9rieure ou ext\u00e9rieure, offrant une stabilit\u00e9 \u00e0 long terme et des options personnalisables pour les centres d'entra\u00eenement et les ar\u00e8nes de loisirs.<\/p>","protected":false},"featured_media":1349,"template":"","meta":{"_gspb_post_css":""},"product_brand":[],"product_cat":[29,33],"product_tag":[210,212,211],"class_list":{"0":"post-1344","1":"product","2":"type-product","3":"status-publish","4":"has-post-thumbnail","6":"product_cat-ice-rink-products","7":"product_cat-floor-ball-dasher-boards","8":"product_tag-floor-ball-dasher-boards","9":"product_tag-outdoor-rink-supplier","10":"product_tag-portable-sports-boards","12":"first","13":"instock","14":"shipping-taxable","15":"product-type-simple"},"_links":{"self":[{"href":"https:\/\/uhmwpemanufacture.com\/fr\/wp-json\/wp\/v2\/product\/1344","targetHints":{"allow":["GET"]}}],"collection":[{"href":"https:\/\/uhmwpemanufacture.com\/fr\/wp-json\/wp\/v2\/product"}],"about":[{"href":"https:\/\/uhmwpemanufacture.com\/fr\/wp-json\/wp\/v2\/types\/product"}],"wp:featuredmedia":[{"embeddable":true,"href":"https:\/\/uhmwpemanufacture.com\/fr\/wp-json\/wp\/v2\/media\/1349"}],"wp:attachment":[{"href":"https:\/\/uhmwpemanufacture.com\/fr\/wp-json\/wp\/v2\/media?parent=1344"}],"wp:term":[{"taxonomy":"product_brand","embeddable":true,"href":"https:\/\/uhmwpemanufacture.com\/fr\/wp-json\/wp\/v2\/product_brand?post=1344"},{"taxonomy":"product_cat","embeddable":true,"href":"https:\/\/uhmwpemanufacture.com\/fr\/wp-json\/wp\/v2\/product_cat?post=1344"},{"taxonomy":"product_tag","embeddable":true,"href":"https:\/\/uhmwpemanufacture.com\/fr\/wp-json\/wp\/v2\/product_tag?post=1344"}],"curies":[{"name":"wp","href":"https:\/\/api.w.org\/{rel}","templated":true}]}}