{"id":1352,"date":"2025-09-28T08:25:57","date_gmt":"2025-09-28T08:25:57","guid":{"rendered":"https:\/\/uhmwpemanufacture.com\/?post_type=product&#038;p=1352"},"modified":"2025-09-28T08:25:57","modified_gmt":"2025-09-28T08:25:57","slug":"nylon-injection-moulding-engineered-plastic-parts-vendor","status":"publish","type":"product","link":"https:\/\/uhmwpemanufacture.com\/fr\/nylon-injection-moulding-engineered-plastic-parts-vendor\/","title":{"rendered":"Moulage par injection de nylon Vendeur de pi\u00e8ces plastiques techniques"},"content":{"rendered":"<h2>Moulage par injection de nylon Fournisseur de composants en plastique d'ing\u00e9nierie<\/h2>\n<p>Nos composants en plastique moul\u00e9s par injection de nylon sont con\u00e7us pour la pr\u00e9cision, la r\u00e9silience et la performance d'applications industrielles populaires. Fabriqu\u00e9s avec du nylon de premi\u00e8re qualit\u00e9, ces \u00e9l\u00e9ments offrent une excellente r\u00e9sistance \u00e0 l'usure, une grande durabilit\u00e9 et une grande s\u00e9curit\u00e9 dimensionnelle. Ils sont l\u00e9gers mais solides, ce qui les rend id\u00e9aux pour les v\u00e9hicules, les machines, l'\u00e9lectronique et les produits destin\u00e9s aux clients. Gr\u00e2ce \u00e0 une technologie innovante de moulage par injection, nous garantissons une fabrication pr\u00e9cise et r\u00e9guli\u00e8re, tant pour les grandes que pour les petites s\u00e9ries. R\u00e9sistantes aux produits chimiques et \u00e0 l'abrasion, ces pi\u00e8ces en nylon offrent une fiabilit\u00e9 durable. En tant que fournisseur de confiance, nous fournissons des services personnalis\u00e9s adapt\u00e9s aux besoins de certains clients.<\/p>","protected":false},"excerpt":{"rendered":"<p>Les pi\u00e8ces en plastique technique moul\u00e9es par injection en nylon offrent solidit\u00e9, r\u00e9sistance \u00e0 l'usure et stabilit\u00e9. Id\u00e9ales pour l'automobile, les machines et l'\u00e9lectronique, ces pi\u00e8ces l\u00e9g\u00e8res mais durables sont produites avec pr\u00e9cision et adapt\u00e9es aux besoins de l'industrie.<\/p>","protected":false},"featured_media":1357,"template":"","meta":{"_gspb_post_css":""},"product_brand":[],"product_cat":[23,34],"product_tag":[214,215,213],"class_list":{"0":"post-1352","1":"product","2":"type-product","3":"status-publish","4":"has-post-thumbnail","6":"product_cat-nylon-sheets","7":"product_cat-mg-engineering-plastic-sheets","8":"product_tag-engineered-plastic-components","9":"product_tag-molded-nylon-parts","10":"product_tag-nylon-injection-parts","12":"first","13":"instock","14":"shipping-taxable","15":"product-type-simple"},"_links":{"self":[{"href":"https:\/\/uhmwpemanufacture.com\/fr\/wp-json\/wp\/v2\/product\/1352","targetHints":{"allow":["GET"]}}],"collection":[{"href":"https:\/\/uhmwpemanufacture.com\/fr\/wp-json\/wp\/v2\/product"}],"about":[{"href":"https:\/\/uhmwpemanufacture.com\/fr\/wp-json\/wp\/v2\/types\/product"}],"wp:featuredmedia":[{"embeddable":true,"href":"https:\/\/uhmwpemanufacture.com\/fr\/wp-json\/wp\/v2\/media\/1357"}],"wp:attachment":[{"href":"https:\/\/uhmwpemanufacture.com\/fr\/wp-json\/wp\/v2\/media?parent=1352"}],"wp:term":[{"taxonomy":"product_brand","embeddable":true,"href":"https:\/\/uhmwpemanufacture.com\/fr\/wp-json\/wp\/v2\/product_brand?post=1352"},{"taxonomy":"product_cat","embeddable":true,"href":"https:\/\/uhmwpemanufacture.com\/fr\/wp-json\/wp\/v2\/product_cat?post=1352"},{"taxonomy":"product_tag","embeddable":true,"href":"https:\/\/uhmwpemanufacture.com\/fr\/wp-json\/wp\/v2\/product_tag?post=1352"}],"curies":[{"name":"wp","href":"https:\/\/api.w.org\/{rel}","templated":true}]}}