{"id":1360,"date":"2025-09-28T08:35:44","date_gmt":"2025-09-28T08:35:44","guid":{"rendered":"https:\/\/uhmwpemanufacture.com\/?post_type=product&#038;p=1360"},"modified":"2025-09-28T08:35:44","modified_gmt":"2025-09-28T08:35:44","slug":"uhmwpe-hdpe-temporary-construction-track-road-dura-mat","status":"publish","type":"product","link":"https:\/\/uhmwpemanufacture.com\/fr\/uhmwpe-hdpe-temporary-construction-track-road-dura-mat\/","title":{"rendered":"UHMWPE HDPE Construction temporaire Voie routi\u00e8re Dura Mat"},"content":{"rendered":"<h2>UHMWPE HDPE Voie de construction temporaire Rev\u00eatement de sol Dura<\/h2>\n<p>Nos tapis dura UHMWPE et HDPE pour pistes de construction \u00e0 courte dur\u00e9e de vie sont con\u00e7us pour offrir une d\u00e9fense au sol solide, stable et r\u00e9utilisable pour les \u00e9quipements lourds, les camions et les \u00e9quipes de travail. Fabriqu\u00e9s en poly\u00e9thyl\u00e8ne haute performance, ces tapis pr\u00e9sentent une capacit\u00e9 de charge \u00e9lev\u00e9e, une r\u00e9sistance \u00e0 l'usure et une stabilit\u00e9 chimique qui garantissent leur r\u00e9sistance dans les environnements de construction difficiles. La surface antid\u00e9rapante am\u00e9liore la traction et la s\u00e9curit\u00e9 sur les sols meubles, in\u00e9gaux ou mous. L\u00e9gers et simples \u00e0 mettre en place, ils peuvent \u00eatre d\u00e9ploy\u00e9s rapidement pour l'accessibilit\u00e9 momentan\u00e9e des routes, des syst\u00e8mes de travail ou des lieux d'h\u00e9bergement. Ces rev\u00eatements de sol prot\u00e8gent le sol, r\u00e9duisent les dommages et favorisent des proc\u00e9dures efficaces sur les chantiers et les projets industriels.<\/p>","protected":false},"excerpt":{"rendered":"<p>Les tapis dura de construction temporaire en UHMWPE et HDPE offrent une protection stable du sol pour les machines lourdes. Avec leurs surfaces antid\u00e9rapantes, leur capacit\u00e9 de charge \u00e9lev\u00e9e et leur facilit\u00e9 d'installation, ils sont id\u00e9aux pour cr\u00e9er des voies d'acc\u00e8s s\u00fbres, des plates-formes de travail et des zones de rassemblement sur des terrains meubles ou irr\u00e9guliers.<\/p>","protected":false},"featured_media":1361,"template":"","meta":{"_gspb_post_css":""},"product_brand":[],"product_cat":[24,27],"product_tag":[216,76,217],"class_list":{"0":"post-1360","1":"product","2":"type-product","3":"status-publish","4":"has-post-thumbnail","6":"product_cat-ground-protection-road-mats","7":"product_cat-dura-mats","8":"product_tag-construction-track-mats","9":"product_tag-temporary-road-mats","10":"product_tag-uhmwpe-hdpe-mats","12":"first","13":"instock","14":"shipping-taxable","15":"product-type-simple"},"_links":{"self":[{"href":"https:\/\/uhmwpemanufacture.com\/fr\/wp-json\/wp\/v2\/product\/1360","targetHints":{"allow":["GET"]}}],"collection":[{"href":"https:\/\/uhmwpemanufacture.com\/fr\/wp-json\/wp\/v2\/product"}],"about":[{"href":"https:\/\/uhmwpemanufacture.com\/fr\/wp-json\/wp\/v2\/types\/product"}],"wp:featuredmedia":[{"embeddable":true,"href":"https:\/\/uhmwpemanufacture.com\/fr\/wp-json\/wp\/v2\/media\/1361"}],"wp:attachment":[{"href":"https:\/\/uhmwpemanufacture.com\/fr\/wp-json\/wp\/v2\/media?parent=1360"}],"wp:term":[{"taxonomy":"product_brand","embeddable":true,"href":"https:\/\/uhmwpemanufacture.com\/fr\/wp-json\/wp\/v2\/product_brand?post=1360"},{"taxonomy":"product_cat","embeddable":true,"href":"https:\/\/uhmwpemanufacture.com\/fr\/wp-json\/wp\/v2\/product_cat?post=1360"},{"taxonomy":"product_tag","embeddable":true,"href":"https:\/\/uhmwpemanufacture.com\/fr\/wp-json\/wp\/v2\/product_tag?post=1360"}],"curies":[{"name":"wp","href":"https:\/\/api.w.org\/{rel}","templated":true}]}}