{"id":1365,"date":"2025-09-28T08:38:45","date_gmt":"2025-09-28T08:38:45","guid":{"rendered":"https:\/\/uhmwpemanufacture.com\/?post_type=product&#038;p=1365"},"modified":"2025-09-28T08:38:45","modified_gmt":"2025-09-28T08:38:45","slug":"excavator-base-road-mats-plastic-ground-protection-mat","status":"publish","type":"product","link":"https:\/\/uhmwpemanufacture.com\/fr\/excavator-base-road-mats-plastic-ground-protection-mat\/","title":{"rendered":"Tapis de base pour pelleteuses Tapis de protection du sol en plastique"},"content":{"rendered":"<h2>Tapis d'accotement pour pelles m\u00e9caniques Tapis de d\u00e9fense des sols en plastique<\/h2>\n<p>Nos tapis de chauss\u00e9e pour chenilles d'excavateur sont con\u00e7us en plastique tr\u00e8s r\u00e9sistant pour offrir une d\u00e9fense fiable du sol dans le cadre de projets de construction, d'exploitation mini\u00e8re et de projets commerciaux. Con\u00e7us pour supporter des machines et des voitures lourdes, ces tapis emp\u00eachent l'enfoncement, l'orni\u00e9rage et les dommages caus\u00e9s au sol sur des surfaces glissantes, sablonneuses ou irr\u00e9guli\u00e8res. Leur surface antid\u00e9rapante distinctive garantit une bonne adh\u00e9rence des engins et des travailleurs, tandis que leur structure l\u00e9g\u00e8re et modulaire permet une installation et une r\u00e9utilisation rapides. Insensibles aux produits chimiques, \u00e0 l'humidit\u00e9 et aux conditions climatiques extr\u00eames, ces rev\u00eatements de sol offrent des performances durables. Ils conviennent \u00e0 la cr\u00e9ation de voies d'acc\u00e8s \u00e0 court terme, de syst\u00e8mes de travail stables et de chemins s\u00fbrs dans des conditions de sol difficiles.<\/p>","protected":false},"excerpt":{"rendered":"<p>Les tapis routiers pour chenilles de pelleteuses, fabriqu\u00e9s en plastique durable, prot\u00e8gent les surfaces du sol contre les dommages caus\u00e9s par les machines lourdes. Dot\u00e9s d'une texture antid\u00e9rapante et d'une capacit\u00e9 de charge \u00e9lev\u00e9e, ils emp\u00eachent la formation d'orni\u00e8res, garantissent un acc\u00e8s s\u00fbr et constituent des solutions r\u00e9utilisables pour les routes et les plates-formes temporaires sur les terrains meubles.<\/p>","protected":false},"featured_media":1366,"template":"","meta":{"_gspb_post_css":""},"product_brand":[],"product_cat":[24,26],"product_tag":[158,218,76],"class_list":{"0":"post-1365","1":"product","2":"type-product","3":"status-publish","4":"has-post-thumbnail","6":"product_cat-ground-protection-road-mats","7":"product_cat-base-mats","8":"product_tag-excavator-track-mats","9":"product_tag-plastic-ground-protection","10":"product_tag-temporary-road-mats","12":"first","13":"instock","14":"shipping-taxable","15":"product-type-simple"},"_links":{"self":[{"href":"https:\/\/uhmwpemanufacture.com\/fr\/wp-json\/wp\/v2\/product\/1365","targetHints":{"allow":["GET"]}}],"collection":[{"href":"https:\/\/uhmwpemanufacture.com\/fr\/wp-json\/wp\/v2\/product"}],"about":[{"href":"https:\/\/uhmwpemanufacture.com\/fr\/wp-json\/wp\/v2\/types\/product"}],"wp:featuredmedia":[{"embeddable":true,"href":"https:\/\/uhmwpemanufacture.com\/fr\/wp-json\/wp\/v2\/media\/1366"}],"wp:attachment":[{"href":"https:\/\/uhmwpemanufacture.com\/fr\/wp-json\/wp\/v2\/media?parent=1365"}],"wp:term":[{"taxonomy":"product_brand","embeddable":true,"href":"https:\/\/uhmwpemanufacture.com\/fr\/wp-json\/wp\/v2\/product_brand?post=1365"},{"taxonomy":"product_cat","embeddable":true,"href":"https:\/\/uhmwpemanufacture.com\/fr\/wp-json\/wp\/v2\/product_cat?post=1365"},{"taxonomy":"product_tag","embeddable":true,"href":"https:\/\/uhmwpemanufacture.com\/fr\/wp-json\/wp\/v2\/product_tag?post=1365"}],"curies":[{"name":"wp","href":"https:\/\/api.w.org\/{rel}","templated":true}]}}