{"id":1371,"date":"2025-09-28T08:46:18","date_gmt":"2025-09-28T08:46:18","guid":{"rendered":"https:\/\/uhmwpemanufacture.com\/?post_type=product&#038;p=1371"},"modified":"2025-09-28T08:46:18","modified_gmt":"2025-09-28T08:46:18","slug":"plastic-crane-outrigger-pads-popular-track-support-pad","status":"publish","type":"product","link":"https:\/\/uhmwpemanufacture.com\/fr\/plastic-crane-outrigger-pads-popular-track-support-pad\/","title":{"rendered":"Coussinets en plastique pour grue \u00e0 balancier Coussin de support de rail populaire"},"content":{"rendered":"<h2>Coussins en plastique pour grues et ponts roulants Coussins d'assistance pour voies ferr\u00e9es populaires<\/h2>\n<p>Nos tampons en plastique pour grues sont con\u00e7us pour fournir une assistance solide et s\u00fbre aux grues, aux ascenseurs et aux machines lourdes. Fabriqu\u00e9s en poly\u00e9thyl\u00e8ne de premi\u00e8re qualit\u00e9, ces coussins allient l\u00e9g\u00e8ret\u00e9 et capacit\u00e9 de charge \u00e9lev\u00e9e. Leur surface antid\u00e9rapante garantit un positionnement s\u00fbr, tandis que leur r\u00e9sistance \u00e0 l'humidit\u00e9, aux produits chimiques et aux conditions m\u00e9t\u00e9orologiques extr\u00eames les rend id\u00e9aux pour les probl\u00e8mes de chantier laborieux. Gr\u00e2ce \u00e0 leur ergonomie, ils sont faciles \u00e0 transporter et \u00e0 installer, offrant une solution sans risque, recyclable et \u00e9conomique. Populaires dans les projets de construction, d'\u00e9nergie et d'industrie, ces tampons d'assistance prot\u00e8gent les surfaces au sol et prolongent l'efficacit\u00e9 de l'\u00e9quipement dans les environnements populaires.<\/p>","protected":false},"excerpt":{"rendered":"<p>Les tampons en plastique pour grues offrent un support stable et durable pour les grues et les machines lourdes. L\u00e9gers et dot\u00e9s de surfaces antid\u00e9rapantes, ils r\u00e9sistent aux intemp\u00e9ries, \u00e0 l'humidit\u00e9 et aux produits chimiques tout en prot\u00e9geant les surfaces au sol. Faciles \u00e0 transporter et r\u00e9utilisables pour les projets de construction et les projets industriels.<\/p>","protected":false},"featured_media":1380,"template":"","meta":{"_gspb_post_css":""},"product_brand":[],"product_cat":[15,20],"product_tag":[197,222,221],"class_list":{"0":"post-1371","1":"product","2":"type-product","3":"status-publish","4":"has-post-thumbnail","6":"product_cat-uhmwpe-hdpe-sheets-plates","7":"product_cat-crane-outrigger-pads","8":"product_tag-crane-outrigger-pads","9":"product_tag-heavy-equipment-stabilizers","10":"product_tag-plastic-support-pads","12":"first","13":"instock","14":"shipping-taxable","15":"product-type-simple"},"_links":{"self":[{"href":"https:\/\/uhmwpemanufacture.com\/fr\/wp-json\/wp\/v2\/product\/1371","targetHints":{"allow":["GET"]}}],"collection":[{"href":"https:\/\/uhmwpemanufacture.com\/fr\/wp-json\/wp\/v2\/product"}],"about":[{"href":"https:\/\/uhmwpemanufacture.com\/fr\/wp-json\/wp\/v2\/types\/product"}],"wp:featuredmedia":[{"embeddable":true,"href":"https:\/\/uhmwpemanufacture.com\/fr\/wp-json\/wp\/v2\/media\/1380"}],"wp:attachment":[{"href":"https:\/\/uhmwpemanufacture.com\/fr\/wp-json\/wp\/v2\/media?parent=1371"}],"wp:term":[{"taxonomy":"product_brand","embeddable":true,"href":"https:\/\/uhmwpemanufacture.com\/fr\/wp-json\/wp\/v2\/product_brand?post=1371"},{"taxonomy":"product_cat","embeddable":true,"href":"https:\/\/uhmwpemanufacture.com\/fr\/wp-json\/wp\/v2\/product_cat?post=1371"},{"taxonomy":"product_tag","embeddable":true,"href":"https:\/\/uhmwpemanufacture.com\/fr\/wp-json\/wp\/v2\/product_tag?post=1371"}],"curies":[{"name":"wp","href":"https:\/\/api.w.org\/{rel}","templated":true}]}}