{"id":1372,"date":"2025-09-28T08:41:38","date_gmt":"2025-09-28T08:41:38","guid":{"rendered":"https:\/\/uhmwpemanufacture.com\/?post_type=product&#038;p=1372"},"modified":"2025-09-28T08:41:38","modified_gmt":"2025-09-28T08:41:38","slug":"customized-uhmwpe-pom-hdpe-nylon-polyethylene-pom-sheet","status":"publish","type":"product","link":"https:\/\/uhmwpemanufacture.com\/fr\/customized-uhmwpe-pom-hdpe-nylon-polyethylene-pom-sheet\/","title":{"rendered":"Pom sur mesure Uhmwpe Pom Hdpe Nylon Polyethylene Pom Sheet"},"content":{"rendered":"<h2>Feuilles personnalis\u00e9es en poly\u00e9thyl\u00e8ne UHMWPE POM HDPE Nylon<\/h2>\n<p>Nos feuilles personnalis\u00e9es en UHMWPE, POM, HDPE, nylon et poly\u00e9thyl\u00e8ne sont con\u00e7ues pour \u00eatre r\u00e9sistantes, robustes et adaptables \u00e0 toutes les applications commerciales. Ces plastiques techniques offrent une excellente r\u00e9sistance \u00e0 l'usure, une friction r\u00e9duite et une stabilit\u00e9 chimique, ce qui les rend id\u00e9aux pour les pi\u00e8ces de machines, les rev\u00eatements, les \u00e9quipements, les roulements et les pi\u00e8ces de construction. Gr\u00e2ce \u00e0 leur r\u00e9sistance \u00e9lev\u00e9e aux influences et \u00e0 leur facilit\u00e9 d'usinage, ils peuvent \u00eatre fabriqu\u00e9s dans des formes et des tailles exactes, adapt\u00e9es aux besoins de votre travail. Disponibles en plusieurs couleurs, densit\u00e9s et mesures, ces feuilles offrent une efficacit\u00e9 fiable dans des environnements exigeants. Un service de confiance pour les march\u00e9s qui ont besoin de mat\u00e9riaux plastiques r\u00e9sistants.<\/p>","protected":false},"excerpt":{"rendered":"<p>Les feuilles personnalis\u00e9es en UHMWPE, POM, HDPE, nylon et poly\u00e9thyl\u00e8ne offrent une excellente r\u00e9sistance \u00e0 l'usure, aux chocs et \u00e0 la stabilit\u00e9 chimique. Faciles \u00e0 usiner, elles sont id\u00e9ales pour les engrenages, les roulements, les rev\u00eatements et les composants industriels dans des environnements exigeants.<\/p>","protected":false},"featured_media":0,"template":"","meta":{"_gspb_post_css":""},"product_brand":[],"product_cat":[15,19,23],"product_tag":[220,219,56],"class_list":{"0":"post-1372","1":"product","2":"type-product","3":"status-publish","5":"product_cat-uhmwpe-hdpe-sheets-plates","6":"product_cat-lead-boron-polyethylene-plates","7":"product_cat-nylon-sheets","8":"product_tag-hdpe-nylon-sheet","9":"product_tag-pom-plastic-sheet","10":"product_tag-uhmwpe-sheet","12":"first","13":"instock","14":"shipping-taxable","15":"product-type-simple"},"_links":{"self":[{"href":"https:\/\/uhmwpemanufacture.com\/fr\/wp-json\/wp\/v2\/product\/1372","targetHints":{"allow":["GET"]}}],"collection":[{"href":"https:\/\/uhmwpemanufacture.com\/fr\/wp-json\/wp\/v2\/product"}],"about":[{"href":"https:\/\/uhmwpemanufacture.com\/fr\/wp-json\/wp\/v2\/types\/product"}],"wp:attachment":[{"href":"https:\/\/uhmwpemanufacture.com\/fr\/wp-json\/wp\/v2\/media?parent=1372"}],"wp:term":[{"taxonomy":"product_brand","embeddable":true,"href":"https:\/\/uhmwpemanufacture.com\/fr\/wp-json\/wp\/v2\/product_brand?post=1372"},{"taxonomy":"product_cat","embeddable":true,"href":"https:\/\/uhmwpemanufacture.com\/fr\/wp-json\/wp\/v2\/product_cat?post=1372"},{"taxonomy":"product_tag","embeddable":true,"href":"https:\/\/uhmwpemanufacture.com\/fr\/wp-json\/wp\/v2\/product_tag?post=1372"}],"curies":[{"name":"wp","href":"https:\/\/api.w.org\/{rel}","templated":true}]}}