{"id":1386,"date":"2025-09-28T08:50:18","date_gmt":"2025-09-28T08:50:18","guid":{"rendered":"https:\/\/uhmwpemanufacture.com\/?post_type=product&#038;p=1386"},"modified":"2025-09-28T08:50:18","modified_gmt":"2025-09-28T08:50:18","slug":"nylon-plate-sheet-block-cnc-machining-plastic-materials","status":"publish","type":"product","link":"https:\/\/uhmwpemanufacture.com\/fr\/nylon-plate-sheet-block-cnc-machining-plastic-materials\/","title":{"rendered":"Plaque de nylon Bloc de feuilles Usinage CNC Mati\u00e8res plastiques"},"content":{"rendered":"<h2>Plaque de nylon Bloc de feuilles Usinage CNC Produits en plastique<\/h2>\n<p>Nos plaques et blocs de nylon sont con\u00e7us pour \u00eatre r\u00e9sistants, robustes et adaptables aux applications d'usinage CNC. Connus pour leur grande r\u00e9sistance \u00e0 l'usure, leur robustesse et leur friction r\u00e9duite, les mat\u00e9riaux en nylon sont id\u00e9aux pour cr\u00e9er des \u00e9l\u00e9ments de pr\u00e9cision tels que des engrenages, des douilles, des rouleaux et des roulements. Ces feuilles de plastique conservent leur stabilit\u00e9 dimensionnelle et r\u00e9sistent aux effets, aux produits chimiques et \u00e0 l'humidit\u00e9, ce qui les rend id\u00e9ales pour les environnements industriels exigeants. Faciles \u00e0 couper, \u00e0 percer et \u00e0 \u00e9quiper, les obstructions en nylon offrent une maniabilit\u00e9 exceptionnelle tout en garantissant une longue dur\u00e9e de vie. Disponibles en diff\u00e9rentes tailles et teintes, elles offrent des performances r\u00e9put\u00e9es pour les besoins de la production et de la conception.<\/p>","protected":false},"excerpt":{"rendered":"<p>Les plaques et blocs de nylon offrent solidit\u00e9, r\u00e9sistance \u00e0 l'usure et faible friction pour l'usinage CNC. Id\u00e9ales pour les engrenages, les bagues et les roulements, elles r\u00e9sistent aux chocs, aux produits chimiques et \u00e0 l'humidit\u00e9, ce qui garantit des performances fiables dans les applications industrielles exigeantes.<\/p>","protected":false},"featured_media":1387,"template":"","meta":{"_gspb_post_css":""},"product_brand":[],"product_cat":[23],"product_tag":[224,225,223],"class_list":{"0":"post-1386","1":"product","2":"type-product","3":"status-publish","4":"has-post-thumbnail","6":"product_cat-nylon-sheets","7":"product_tag-cnc-machining-plastics","8":"product_tag-nylon-block-material","9":"product_tag-nylon-plate-sheet","11":"first","12":"instock","13":"shipping-taxable","14":"product-type-simple"},"_links":{"self":[{"href":"https:\/\/uhmwpemanufacture.com\/fr\/wp-json\/wp\/v2\/product\/1386","targetHints":{"allow":["GET"]}}],"collection":[{"href":"https:\/\/uhmwpemanufacture.com\/fr\/wp-json\/wp\/v2\/product"}],"about":[{"href":"https:\/\/uhmwpemanufacture.com\/fr\/wp-json\/wp\/v2\/types\/product"}],"wp:featuredmedia":[{"embeddable":true,"href":"https:\/\/uhmwpemanufacture.com\/fr\/wp-json\/wp\/v2\/media\/1387"}],"wp:attachment":[{"href":"https:\/\/uhmwpemanufacture.com\/fr\/wp-json\/wp\/v2\/media?parent=1386"}],"wp:term":[{"taxonomy":"product_brand","embeddable":true,"href":"https:\/\/uhmwpemanufacture.com\/fr\/wp-json\/wp\/v2\/product_brand?post=1386"},{"taxonomy":"product_cat","embeddable":true,"href":"https:\/\/uhmwpemanufacture.com\/fr\/wp-json\/wp\/v2\/product_cat?post=1386"},{"taxonomy":"product_tag","embeddable":true,"href":"https:\/\/uhmwpemanufacture.com\/fr\/wp-json\/wp\/v2\/product_tag?post=1386"}],"curies":[{"name":"wp","href":"https:\/\/api.w.org\/{rel}","templated":true}]}}