{"id":1393,"date":"2025-09-28T08:53:53","date_gmt":"2025-09-28T08:53:53","guid":{"rendered":"https:\/\/uhmwpemanufacture.com\/?post_type=product&#038;p=1393"},"modified":"2025-09-28T08:53:53","modified_gmt":"2025-09-28T08:53:53","slug":"liner-non-stick-coal-silo-silo-liner-hdpe-plate-floor-mats","status":"publish","type":"product","link":"https:\/\/uhmwpemanufacture.com\/fr\/liner-non-stick-coal-silo-silo-liner-hdpe-plate-floor-mats\/","title":{"rendered":"Rev\u00eatement anti-adh\u00e9rent pour silos \u00e0 charbon Rev\u00eatement de silo Plaque HDPE Tapis de sol"},"content":{"rendered":"<h2>Tapis de sol anti-adh\u00e9rent pour silo \u00e0 charbon en PEHD<\/h2>\n<p>Nos rev\u00eatements de silos \u00e0 charbon et nos tapis de sol en PEHD sont con\u00e7us pour offrir une efficacit\u00e9 anti-adh\u00e9rente et une r\u00e9silience remarquables dans les applications de manutention en gros. Fabriqu\u00e9s en poly\u00e9thyl\u00e8ne haute densit\u00e9, ces rev\u00eatements emp\u00eachent le charbon et les autres mat\u00e9riaux en vrac d'adh\u00e9rer aux parois ou aux sols des silos, garantissant ainsi une circulation fluide et r\u00e9duisant les blocages. Leur r\u00e9sistance \u00e9lev\u00e9e aux chocs, leur s\u00e9curit\u00e9 chimique et leur r\u00e9sistance \u00e0 l'humidit\u00e9 les rendent optimales pour les environnements exigeants tels que les mines, les centrales \u00e9lectriques et les installations de traitement. L\u00e9g\u00e8res mais solides, ces plaques sont tr\u00e8s faciles \u00e0 monter et \u00e0 conserver. Avec une longue dur\u00e9e de vie et des temps d'arr\u00eat r\u00e9duits, elles constituent une solution rentable pour un fonctionnement fiable des silos.<\/p>","protected":false},"excerpt":{"rendered":"<p>Les rev\u00eatements de silos \u00e0 charbon et les tapis de sol en HDPE offrent des surfaces anti-adh\u00e9rentes qui emp\u00eachent l'accumulation de mat\u00e9riaux et les blocages. R\u00e9sistants aux chocs, aux produits chimiques et \u00e0 l'humidit\u00e9, ils garantissent un \u00e9coulement r\u00e9gulier, une durabilit\u00e9 et une installation facile pour les mines, les centrales \u00e9lectriques et les industries de manutention de mat\u00e9riaux en vrac.<\/p>","protected":false},"featured_media":1394,"template":"","meta":{"_gspb_post_css":""},"product_brand":[],"product_cat":[15,22],"product_tag":[226,227,228],"class_list":{"0":"post-1393","1":"product","2":"type-product","3":"status-publish","4":"has-post-thumbnail","6":"product_cat-uhmwpe-hdpe-sheets-plates","7":"product_cat-coal-bunker-limit-plates","8":"product_tag-coal-silo-liner","9":"product_tag-hdpe-plate-mats","10":"product_tag-non-stick-silo-lining","12":"first","13":"instock","14":"shipping-taxable","15":"product-type-simple"},"_links":{"self":[{"href":"https:\/\/uhmwpemanufacture.com\/fr\/wp-json\/wp\/v2\/product\/1393","targetHints":{"allow":["GET"]}}],"collection":[{"href":"https:\/\/uhmwpemanufacture.com\/fr\/wp-json\/wp\/v2\/product"}],"about":[{"href":"https:\/\/uhmwpemanufacture.com\/fr\/wp-json\/wp\/v2\/types\/product"}],"wp:featuredmedia":[{"embeddable":true,"href":"https:\/\/uhmwpemanufacture.com\/fr\/wp-json\/wp\/v2\/media\/1394"}],"wp:attachment":[{"href":"https:\/\/uhmwpemanufacture.com\/fr\/wp-json\/wp\/v2\/media?parent=1393"}],"wp:term":[{"taxonomy":"product_brand","embeddable":true,"href":"https:\/\/uhmwpemanufacture.com\/fr\/wp-json\/wp\/v2\/product_brand?post=1393"},{"taxonomy":"product_cat","embeddable":true,"href":"https:\/\/uhmwpemanufacture.com\/fr\/wp-json\/wp\/v2\/product_cat?post=1393"},{"taxonomy":"product_tag","embeddable":true,"href":"https:\/\/uhmwpemanufacture.com\/fr\/wp-json\/wp\/v2\/product_tag?post=1393"}],"curies":[{"name":"wp","href":"https:\/\/api.w.org\/{rel}","templated":true}]}}