{"id":1399,"date":"2025-09-28T08:59:06","date_gmt":"2025-09-28T08:59:06","guid":{"rendered":"https:\/\/uhmwpemanufacture.com\/?post_type=product&#038;p=1399"},"modified":"2025-09-28T08:59:06","modified_gmt":"2025-09-28T08:59:06","slug":"polyethylene-engineering-plastic-sheet-board-manufacturer","status":"publish","type":"product","link":"https:\/\/uhmwpemanufacture.com\/fr\/polyethylene-engineering-plastic-sheet-board-manufacturer\/","title":{"rendered":"Poly\u00e9thyl\u00e8ne Engineering Plastic Sheet Board Manufacturer"},"content":{"rendered":"<h2>Poly\u00e9thyl\u00e8ne Plastique d'Ing\u00e9nierie Panneaux Producteurs de Feuilles de Plastique<\/h2>\n<p>Nos feuilles de plastique design en poly\u00e9thyl\u00e8ne sont con\u00e7ues pour \u00eatre r\u00e9sistantes, robustes et adaptables \u00e0 une grande vari\u00e9t\u00e9 d'applications industrielles. Fabriqu\u00e9es \u00e0 partir de PE de haute qualit\u00e9, ces plaques offrent une r\u00e9sistance exceptionnelle aux influences, une s\u00e9curit\u00e9 chimique et une faible absorption de l'humidit\u00e9. Leur surface lisse facilite le nettoyage et r\u00e9duit les frottements, ce qui les rend optimaux pour les composants de machines, les panneaux de r\u00e9duction, les rev\u00eatements cellulaires, les emballages de produits et les projets de construction. Faciles \u00e0 \u00e9quiper, \u00e0 d\u00e9couper et \u00e0 fabriquer, ils peuvent \u00eatre adapt\u00e9s en diff\u00e9rentes tailles, couleurs et \u00e9paisseurs pour r\u00e9pondre aux besoins d'un travail d\u00e9taill\u00e9. En tant que fabricant reconnu, nous fournissons des solutions fiables et durables en mati\u00e8re de feuilles de plastique.<\/p>","protected":false},"excerpt":{"rendered":"<p>Les feuilles de plastique technique en poly\u00e9thyl\u00e8ne offrent solidit\u00e9, r\u00e9sistance aux chocs et stabilit\u00e9 chimique. Avec des surfaces lisses et une faible friction, elles sont id\u00e9ales pour les machines, les rev\u00eatements, la construction et l'emballage. Elles sont disponibles dans des dimensions et des couleurs personnalis\u00e9es aupr\u00e8s d'un fabricant fiable.<\/p>","protected":false},"featured_media":1400,"template":"","meta":{"_gspb_post_css":""},"product_brand":[],"product_cat":[15,18],"product_tag":[230,231,229],"class_list":{"0":"post-1399","1":"product","2":"type-product","3":"status-publish","4":"has-post-thumbnail","6":"product_cat-uhmwpe-hdpe-sheets-plates","7":"product_cat-hdpe-sheets","8":"product_tag-engineering-pe-board","9":"product_tag-plastic-sheet-manufacturer","10":"product_tag-polyethylene-plastic-sheet","12":"first","13":"instock","14":"shipping-taxable","15":"product-type-simple"},"_links":{"self":[{"href":"https:\/\/uhmwpemanufacture.com\/fr\/wp-json\/wp\/v2\/product\/1399","targetHints":{"allow":["GET"]}}],"collection":[{"href":"https:\/\/uhmwpemanufacture.com\/fr\/wp-json\/wp\/v2\/product"}],"about":[{"href":"https:\/\/uhmwpemanufacture.com\/fr\/wp-json\/wp\/v2\/types\/product"}],"wp:featuredmedia":[{"embeddable":true,"href":"https:\/\/uhmwpemanufacture.com\/fr\/wp-json\/wp\/v2\/media\/1400"}],"wp:attachment":[{"href":"https:\/\/uhmwpemanufacture.com\/fr\/wp-json\/wp\/v2\/media?parent=1399"}],"wp:term":[{"taxonomy":"product_brand","embeddable":true,"href":"https:\/\/uhmwpemanufacture.com\/fr\/wp-json\/wp\/v2\/product_brand?post=1399"},{"taxonomy":"product_cat","embeddable":true,"href":"https:\/\/uhmwpemanufacture.com\/fr\/wp-json\/wp\/v2\/product_cat?post=1399"},{"taxonomy":"product_tag","embeddable":true,"href":"https:\/\/uhmwpemanufacture.com\/fr\/wp-json\/wp\/v2\/product_tag?post=1399"}],"curies":[{"name":"wp","href":"https:\/\/api.w.org\/{rel}","templated":true}]}}