{"id":1406,"date":"2025-09-28T09:08:09","date_gmt":"2025-09-28T09:08:09","guid":{"rendered":"https:\/\/uhmwpemanufacture.com\/?post_type=product&#038;p=1406"},"modified":"2025-09-28T09:08:09","modified_gmt":"2025-09-28T09:08:09","slug":"portable-uhmwpe-plastic-cribbing-blocks-crane-outrigger-pads","status":"publish","type":"product","link":"https:\/\/uhmwpemanufacture.com\/fr\/portable-uhmwpe-plastic-cribbing-blocks-crane-outrigger-pads\/","title":{"rendered":"Blocs d'encastrement portables en plastique UHMWPE Blocs d'encastrement pour grues"},"content":{"rendered":"<h2>Blocs d'encastrement portables en plastique UHMWPE Blocs d'encastrement pour grues<\/h2>\n<p>Nos blocs d'encastrement portables en plastique UHMWPE et nos coussins d'appui pour grues sont con\u00e7us pour offrir une r\u00e9sistance, une stabilit\u00e9 et une durabilit\u00e9 sup\u00e9rieures pour les op\u00e9rations de levage de charges lourdes. Fabriqu\u00e9s en poly\u00e9thyl\u00e8ne \u00e0 tr\u00e8s haut poids mol\u00e9culaire, ils r\u00e9sistent \u00e0 l'eau, aux produits chimiques et aux conditions m\u00e9t\u00e9orologiques extr\u00eames, garantissant ainsi des performances \u00e0 long terme sur les chantiers exigeants. La structure l\u00e9g\u00e8re mais solide permet une manipulation ais\u00e9e, tandis que la surface antid\u00e9rapante assure un placement s\u00fbr sous les grues, les stabilisateurs et les machines lourdes. Con\u00e7us pour un usage r\u00e9p\u00e9t\u00e9, ces blocs prot\u00e8gent les surfaces au sol, r\u00e9duisent l'usure des \u00e9quipements et am\u00e9liorent la s\u00e9curit\u00e9 g\u00e9n\u00e9rale du chantier. Id\u00e9al pour la construction, l'exploitation mini\u00e8re et les applications industrielles n\u00e9cessitant un support de charge fiable.<\/p>","protected":false},"excerpt":{"rendered":"<p>Les blocs d'encastrement et les blocs d'appui portables en UHMWPE offrent un support durable et l\u00e9ger pour les grues et les machines lourdes. Dot\u00e9s de surfaces antid\u00e9rapantes et r\u00e9sistants aux intemp\u00e9ries, ils assurent la stabilit\u00e9, prot\u00e8gent les surfaces au sol et garantissent des performances de levage s\u00fbres dans les secteurs de la construction et de l'industrie.<\/p>","protected":false},"featured_media":1411,"template":"","meta":{"_gspb_post_css":""},"product_brand":[],"product_cat":[15,21],"product_tag":[197,232,113],"class_list":{"0":"post-1406","1":"product","2":"type-product","3":"status-publish","4":"has-post-thumbnail","6":"product_cat-uhmwpe-hdpe-sheets-plates","7":"product_cat-uhmwpe-fender-pads","8":"product_tag-crane-outrigger-pads","9":"product_tag-portable-support-pads","10":"product_tag-uhmwpe-cribbing-blocks","12":"first","13":"instock","14":"shipping-taxable","15":"product-type-simple"},"_links":{"self":[{"href":"https:\/\/uhmwpemanufacture.com\/fr\/wp-json\/wp\/v2\/product\/1406","targetHints":{"allow":["GET"]}}],"collection":[{"href":"https:\/\/uhmwpemanufacture.com\/fr\/wp-json\/wp\/v2\/product"}],"about":[{"href":"https:\/\/uhmwpemanufacture.com\/fr\/wp-json\/wp\/v2\/types\/product"}],"wp:featuredmedia":[{"embeddable":true,"href":"https:\/\/uhmwpemanufacture.com\/fr\/wp-json\/wp\/v2\/media\/1411"}],"wp:attachment":[{"href":"https:\/\/uhmwpemanufacture.com\/fr\/wp-json\/wp\/v2\/media?parent=1406"}],"wp:term":[{"taxonomy":"product_brand","embeddable":true,"href":"https:\/\/uhmwpemanufacture.com\/fr\/wp-json\/wp\/v2\/product_brand?post=1406"},{"taxonomy":"product_cat","embeddable":true,"href":"https:\/\/uhmwpemanufacture.com\/fr\/wp-json\/wp\/v2\/product_cat?post=1406"},{"taxonomy":"product_tag","embeddable":true,"href":"https:\/\/uhmwpemanufacture.com\/fr\/wp-json\/wp\/v2\/product_tag?post=1406"}],"curies":[{"name":"wp","href":"https:\/\/api.w.org\/{rel}","templated":true}]}}