{"id":1415,"date":"2025-09-28T09:15:34","date_gmt":"2025-09-28T09:15:34","guid":{"rendered":"https:\/\/uhmwpemanufacture.com\/?post_type=product&#038;p=1415"},"modified":"2025-09-28T09:15:34","modified_gmt":"2025-09-28T09:15:34","slug":"uhmwpe-hdpe-sheets-liner-plate-stock-bin-liner-suppliers","status":"publish","type":"product","link":"https:\/\/uhmwpemanufacture.com\/fr\/uhmwpe-hdpe-sheets-liner-plate-stock-bin-liner-suppliers\/","title":{"rendered":"Feuille HDPE Uhmwpe Plaque de doublage Stock Bin Liner Suppliers"},"content":{"rendered":"<h2>UHMWPE HDPE Sheets Liner Plate Stock Container Liner Providers<\/h2>\n<p>Nos feuilles d'UHMWPE et de HDPE sont con\u00e7ues pour former des plaques de rev\u00eatement robustes destin\u00e9es aux tr\u00e9mies d'approvisionnement, aux silos et aux outils de manutention. Ces rev\u00eatements offrent une superbe r\u00e9sistance \u00e0 l'usure, une grande t\u00e9nacit\u00e9 et des propri\u00e9t\u00e9s autolubrifiantes qui garantissent un \u00e9coulement r\u00e9gulier des produits et r\u00e9duisent les risques de colmatage. Avec une stabilit\u00e9 chimique et une r\u00e9sistance \u00e0 l'humidit\u00e9 exceptionnelles, ils fonctionnent avec pr\u00e9cision m\u00eame dans des environnements commerciaux extr\u00eames. Faciles \u00e0 r\u00e9duire, \u00e0 utiliser et \u00e0 installer, ces plaques r\u00e9duisent les temps d'arr\u00eat, prolongent la dur\u00e9e de vie des outils et r\u00e9duisent les co\u00fbts d'entretien. Propos\u00e9es en diff\u00e9rentes tailles, \u00e9paisseurs et couleurs, elles constituent des services optimaux pour les secteurs de l'exploitation mini\u00e8re, de l'agriculture, des centrales nucl\u00e9aires et de la manutention en vrac.<\/p>","protected":false},"excerpt":{"rendered":"<p>Les feuilles de rev\u00eatement en UHMWPE et HDPE offrent une protection durable pour les silos et les tr\u00e9mies de stockage. Gr\u00e2ce \u00e0 leur r\u00e9sistance \u00e0 l'usure, \u00e0 leur r\u00e9sistance aux chocs et \u00e0 leur autolubrification, elles assurent un \u00e9coulement r\u00e9gulier des mati\u00e8res, r\u00e9duisent les blocages et prolongent la dur\u00e9e de vie des \u00e9quipements dans les mines, l'agriculture et les applications industrielles.<\/p>","protected":false},"featured_media":1417,"template":"","meta":{"_gspb_post_css":""},"product_brand":[],"product_cat":[15,22],"product_tag":[234,235,233],"class_list":{"0":"post-1415","1":"product","2":"type-product","3":"status-publish","4":"has-post-thumbnail","6":"product_cat-uhmwpe-hdpe-sheets-plates","7":"product_cat-coal-bunker-limit-plates","8":"product_tag-hdpe-bin-liner","9":"product_tag-stock-bin-lining-plates","10":"product_tag-uhmwpe-liner-sheet","12":"first","13":"instock","14":"shipping-taxable","15":"product-type-simple"},"_links":{"self":[{"href":"https:\/\/uhmwpemanufacture.com\/fr\/wp-json\/wp\/v2\/product\/1415","targetHints":{"allow":["GET"]}}],"collection":[{"href":"https:\/\/uhmwpemanufacture.com\/fr\/wp-json\/wp\/v2\/product"}],"about":[{"href":"https:\/\/uhmwpemanufacture.com\/fr\/wp-json\/wp\/v2\/types\/product"}],"wp:featuredmedia":[{"embeddable":true,"href":"https:\/\/uhmwpemanufacture.com\/fr\/wp-json\/wp\/v2\/media\/1417"}],"wp:attachment":[{"href":"https:\/\/uhmwpemanufacture.com\/fr\/wp-json\/wp\/v2\/media?parent=1415"}],"wp:term":[{"taxonomy":"product_brand","embeddable":true,"href":"https:\/\/uhmwpemanufacture.com\/fr\/wp-json\/wp\/v2\/product_brand?post=1415"},{"taxonomy":"product_cat","embeddable":true,"href":"https:\/\/uhmwpemanufacture.com\/fr\/wp-json\/wp\/v2\/product_cat?post=1415"},{"taxonomy":"product_tag","embeddable":true,"href":"https:\/\/uhmwpemanufacture.com\/fr\/wp-json\/wp\/v2\/product_tag?post=1415"}],"curies":[{"name":"wp","href":"https:\/\/api.w.org\/{rel}","templated":true}]}}