{"id":1421,"date":"2025-09-28T09:19:23","date_gmt":"2025-09-28T09:19:23","guid":{"rendered":"https:\/\/uhmwpemanufacture.com\/?post_type=product&#038;p=1421"},"modified":"2025-09-28T09:19:23","modified_gmt":"2025-09-28T09:19:23","slug":"high-quality-hdpe-sheet-green-hdpe-board-manufacturers","status":"publish","type":"product","link":"https:\/\/uhmwpemanufacture.com\/fr\/high-quality-hdpe-sheet-green-hdpe-board-manufacturers\/","title":{"rendered":"Feuille HDPE de haute qualit\u00e9 Panneau HDPE vert Fabricants"},"content":{"rendered":"<h2>Feuilles HDPE de haute qualit\u00e9 Fabricants de panneaux HDPE respectueux de l'environnement<\/h2>\n<p>Notre feuille HDPE verte de haute qualit\u00e9 pr\u00e9sente une r\u00e9silience, une r\u00e9sistance chimique et une r\u00e9sistance \u00e0 l'influence superbes. Con\u00e7ues pour une grande vari\u00e9t\u00e9 d'utilisations industrielles, ces plaques HDPE offrent une efficacit\u00e9 fiable dans les applications de coupe, de rev\u00eatement, de construction et de s\u00e9curit\u00e9. L\u00e9g\u00e8res mais solides, elles sont insensibles \u00e0 l'humidit\u00e9, \u00e0 la corrosion et \u00e0 l'usage, ce qui les rend optimales pour les t\u00e2ches int\u00e9rieures et ext\u00e9rieures. Dot\u00e9es d'une excellente usinabilit\u00e9, les feuilles peuvent \u00eatre r\u00e9duites, coll\u00e9es ou form\u00e9es pour r\u00e9pondre \u00e0 des exigences personnalis\u00e9es. G\u00e9n\u00e9ralement utilis\u00e9 dans les secteurs de l'agriculture, du b\u00e2timent et de la construction, et de la manutention, cet article garantit une fonctionnalit\u00e9 durable avec tr\u00e8s peu d'entretien, offrant \u00e0 la fois des performances et un bon rapport co\u00fbt-efficacit\u00e9.<\/p>","protected":false},"excerpt":{"rendered":"<p>Les feuilles de PEHD vertes de haute qualit\u00e9 se caract\u00e9risent par une forte r\u00e9sistance aux chocs, une grande durabilit\u00e9 et une excellente stabilit\u00e9 chimique. Id\u00e9ales pour le rev\u00eatement, la d\u00e9coupe et la fabrication dans les applications industrielles, agricoles et de construction, ces plaques garantissent une utilisation durable et un usinage facile.<\/p>","protected":false},"featured_media":1422,"template":"","meta":{"_gspb_post_css":""},"product_brand":[],"product_cat":[15,18],"product_tag":[236,237,59],"class_list":{"0":"post-1421","1":"product","2":"type-product","3":"status-publish","4":"has-post-thumbnail","6":"product_cat-uhmwpe-hdpe-sheets-plates","7":"product_cat-hdpe-sheets","8":"product_tag-green-plastic-board","9":"product_tag-hdpe-manufacturers","10":"product_tag-hdpe-sheet","12":"first","13":"instock","14":"shipping-taxable","15":"product-type-simple"},"_links":{"self":[{"href":"https:\/\/uhmwpemanufacture.com\/fr\/wp-json\/wp\/v2\/product\/1421","targetHints":{"allow":["GET"]}}],"collection":[{"href":"https:\/\/uhmwpemanufacture.com\/fr\/wp-json\/wp\/v2\/product"}],"about":[{"href":"https:\/\/uhmwpemanufacture.com\/fr\/wp-json\/wp\/v2\/types\/product"}],"wp:featuredmedia":[{"embeddable":true,"href":"https:\/\/uhmwpemanufacture.com\/fr\/wp-json\/wp\/v2\/media\/1422"}],"wp:attachment":[{"href":"https:\/\/uhmwpemanufacture.com\/fr\/wp-json\/wp\/v2\/media?parent=1421"}],"wp:term":[{"taxonomy":"product_brand","embeddable":true,"href":"https:\/\/uhmwpemanufacture.com\/fr\/wp-json\/wp\/v2\/product_brand?post=1421"},{"taxonomy":"product_cat","embeddable":true,"href":"https:\/\/uhmwpemanufacture.com\/fr\/wp-json\/wp\/v2\/product_cat?post=1421"},{"taxonomy":"product_tag","embeddable":true,"href":"https:\/\/uhmwpemanufacture.com\/fr\/wp-json\/wp\/v2\/product_tag?post=1421"}],"curies":[{"name":"wp","href":"https:\/\/api.w.org\/{rel}","templated":true}]}}