{"id":1429,"date":"2025-09-28T09:24:10","date_gmt":"2025-09-28T09:24:10","guid":{"rendered":"https:\/\/uhmwpemanufacture.com\/?post_type=product&#038;p=1429"},"modified":"2025-09-28T09:24:10","modified_gmt":"2025-09-28T09:24:10","slug":"custom-eco-friendly-high-quality-uhmwpe-sheet-manufacturer","status":"publish","type":"product","link":"https:\/\/uhmwpemanufacture.com\/fr\/custom-eco-friendly-high-quality-uhmwpe-sheet-manufacturer\/","title":{"rendered":"Fabricant de plaques Uhmwpe de haute qualit\u00e9 et respectueuses de l'environnement"},"content":{"rendered":"<h2>Fabricant de feuilles d'UHMWPE \u00e9cologiques de premi\u00e8re qualit\u00e9 sur mesure<\/h2>\n<p>Nos feuilles vertes personnalis\u00e9es en UHMWPE sont cr\u00e9\u00e9es pour une efficacit\u00e9 et une durabilit\u00e9 remarquables. Produites \u00e0 partir de poly\u00e9thyl\u00e8ne \u00e0 haut poids mol\u00e9culaire, ces feuilles offrent une r\u00e9sistance \u00e0 l'usure exceptionnelle, un faible frottement et une bonne r\u00e9sistance aux effets. Leurs propri\u00e9t\u00e9s non toxiques et recyclables les rendent optimales pour les industries qui recherchent des solutions \u00e9cologiques sans renoncer \u00e0 une qualit\u00e9 \u00e9lev\u00e9e. Parfaites pour le rev\u00eatement, l'usinage et les projets de conception durable, ces feuilles garantissent une longue dur\u00e9e de vie, m\u00eame dans des environnements difficiles. En tant que fabricant de confiance, nous proposons des tailles, des \u00e9paisseurs et des teintes r\u00e9glables pour r\u00e9pondre \u00e0 vos besoins pr\u00e9cis, dans le cadre d'applications industrielles et environnementales.<\/p>","protected":false},"excerpt":{"rendered":"<p>Les feuilles d'UHMWPE \u00e9cologiques personnalis\u00e9es offrent une excellente r\u00e9sistance \u00e0 l'usure et aux chocs, ainsi qu'un faible coefficient de frottement. Non toxiques et recyclables, elles sont id\u00e9ales pour le rev\u00eatement, l'usinage et l'utilisation industrielle. Elles sont disponibles dans des tailles et des couleurs personnalisables pour r\u00e9pondre aux besoins de diverses applications.<\/p>","protected":false},"featured_media":1432,"template":"","meta":{"_gspb_post_css":""},"product_brand":[],"product_cat":[15,17],"product_tag":[238,239,56],"class_list":{"0":"post-1429","1":"product","2":"type-product","3":"status-publish","4":"has-post-thumbnail","6":"product_cat-uhmwpe-hdpe-sheets-plates","7":"product_cat-uhmwpe-sheets","8":"product_tag-eco-friendly-plastic","9":"product_tag-industrial-lining","10":"product_tag-uhmwpe-sheet","12":"first","13":"instock","14":"shipping-taxable","15":"product-type-simple"},"_links":{"self":[{"href":"https:\/\/uhmwpemanufacture.com\/fr\/wp-json\/wp\/v2\/product\/1429","targetHints":{"allow":["GET"]}}],"collection":[{"href":"https:\/\/uhmwpemanufacture.com\/fr\/wp-json\/wp\/v2\/product"}],"about":[{"href":"https:\/\/uhmwpemanufacture.com\/fr\/wp-json\/wp\/v2\/types\/product"}],"wp:featuredmedia":[{"embeddable":true,"href":"https:\/\/uhmwpemanufacture.com\/fr\/wp-json\/wp\/v2\/media\/1432"}],"wp:attachment":[{"href":"https:\/\/uhmwpemanufacture.com\/fr\/wp-json\/wp\/v2\/media?parent=1429"}],"wp:term":[{"taxonomy":"product_brand","embeddable":true,"href":"https:\/\/uhmwpemanufacture.com\/fr\/wp-json\/wp\/v2\/product_brand?post=1429"},{"taxonomy":"product_cat","embeddable":true,"href":"https:\/\/uhmwpemanufacture.com\/fr\/wp-json\/wp\/v2\/product_cat?post=1429"},{"taxonomy":"product_tag","embeddable":true,"href":"https:\/\/uhmwpemanufacture.com\/fr\/wp-json\/wp\/v2\/product_tag?post=1429"}],"curies":[{"name":"wp","href":"https:\/\/api.w.org\/{rel}","templated":true}]}}