{"id":1435,"date":"2025-09-28T09:28:22","date_gmt":"2025-09-28T09:28:22","guid":{"rendered":"https:\/\/uhmwpemanufacture.com\/?post_type=product&#038;p=1435"},"modified":"2025-09-28T09:28:22","modified_gmt":"2025-09-28T09:28:22","slug":"custom-hdpe-heavy-duty-road-mats-temporary-access-road-mats","status":"publish","type":"product","link":"https:\/\/uhmwpemanufacture.com\/fr\/custom-hdpe-heavy-duty-road-mats-temporary-access-road-mats\/","title":{"rendered":"Tapis routiers HDPE sur mesure Tapis routiers d'acc\u00e8s temporaires"},"content":{"rendered":"<h2>Tapis routiers robustes en PEHD personnalis\u00e9s Tapis routiers temporaires d'accessibilit\u00e9<\/h2>\n<p>Les tapis routiers robustes en PEHD personnalis\u00e9s offrent une protection fiable du sol et une accessibilit\u00e9 temporaire pour les projets de construction, de champs p\u00e9trolif\u00e8res et d'\u00e9quipements lourds. Con\u00e7us en poly\u00e9thyl\u00e8ne haute densit\u00e9, ces tapis r\u00e9sistent \u00e0 la d\u00e9t\u00e9rioration, aux produits chimiques et aux climats extr\u00eames, tout en supportant des tonnes importantes sans se fissurer. La surface antid\u00e9rapante distinctive assure la s\u00e9curit\u00e9 sur les terrains accident\u00e9s, irr\u00e9guliers ou sensibles. L\u00e9gers mais r\u00e9sistants, ils sont faciles \u00e0 transporter, \u00e0 installer et \u00e0 r\u00e9utiliser, ce qui en fait un rem\u00e8de \u00e9cologique pour prot\u00e9ger la terre, l'herbe et les environnements de travail. Parfaits pour cr\u00e9er des routes stables \u00e0 court terme, des plates-formes de travail et des voies d'acc\u00e8s occasionnelles, ces tapis offrent r\u00e9sistance et durabilit\u00e9 pour les applications commerciales exigeantes.<\/p>","protected":false},"excerpt":{"rendered":"<p>Les tapis routiers HDPE sur mesure offrent une protection stable du sol pour les machines et les v\u00e9hicules lourds. Dot\u00e9s de surfaces antid\u00e9rapantes et d'une capacit\u00e9 de charge \u00e9lev\u00e9e, ils sont r\u00e9utilisables, r\u00e9sistants aux intemp\u00e9ries et id\u00e9aux pour la construction, les champs p\u00e9trolif\u00e8res et les voies d'acc\u00e8s temporaires sur des terrains meubles ou irr\u00e9guliers.<\/p>","protected":false},"featured_media":1437,"template":"","meta":{"_gspb_post_css":""},"product_brand":[],"product_cat":[24,27],"product_tag":[73,240,241],"class_list":{"0":"post-1435","1":"product","2":"type-product","3":"status-publish","4":"has-post-thumbnail","6":"product_cat-ground-protection-road-mats","7":"product_cat-dura-mats","8":"product_tag-hdpe-road-mats","9":"product_tag-heavy-duty-ground-mats","10":"product_tag-temporary-access-mats","12":"first","13":"instock","14":"shipping-taxable","15":"product-type-simple"},"_links":{"self":[{"href":"https:\/\/uhmwpemanufacture.com\/fr\/wp-json\/wp\/v2\/product\/1435","targetHints":{"allow":["GET"]}}],"collection":[{"href":"https:\/\/uhmwpemanufacture.com\/fr\/wp-json\/wp\/v2\/product"}],"about":[{"href":"https:\/\/uhmwpemanufacture.com\/fr\/wp-json\/wp\/v2\/types\/product"}],"wp:featuredmedia":[{"embeddable":true,"href":"https:\/\/uhmwpemanufacture.com\/fr\/wp-json\/wp\/v2\/media\/1437"}],"wp:attachment":[{"href":"https:\/\/uhmwpemanufacture.com\/fr\/wp-json\/wp\/v2\/media?parent=1435"}],"wp:term":[{"taxonomy":"product_brand","embeddable":true,"href":"https:\/\/uhmwpemanufacture.com\/fr\/wp-json\/wp\/v2\/product_brand?post=1435"},{"taxonomy":"product_cat","embeddable":true,"href":"https:\/\/uhmwpemanufacture.com\/fr\/wp-json\/wp\/v2\/product_cat?post=1435"},{"taxonomy":"product_tag","embeddable":true,"href":"https:\/\/uhmwpemanufacture.com\/fr\/wp-json\/wp\/v2\/product_tag?post=1435"}],"curies":[{"name":"wp","href":"https:\/\/api.w.org\/{rel}","templated":true}]}}