{"id":1444,"date":"2025-09-28T09:31:32","date_gmt":"2025-09-28T09:31:32","guid":{"rendered":"https:\/\/uhmwpemanufacture.com\/?post_type=product&#038;p=1444"},"modified":"2025-09-28T09:31:32","modified_gmt":"2025-09-28T09:31:32","slug":"custom-injection-molding-abs-nylon-pom-pp-pe-plastic-parts","status":"publish","type":"product","link":"https:\/\/uhmwpemanufacture.com\/fr\/custom-injection-molding-abs-nylon-pom-pp-pe-plastic-parts\/","title":{"rendered":"Pi\u00e8ces en plastique ABS Nylon POM PP PE moul\u00e9es par injection sur mesure"},"content":{"rendered":"<h2>Composants en plastique ABS Nylon POM PP PE moul\u00e9s par injection sur mesure<\/h2>\n<p>Nos solutions personnalis\u00e9es de moulage par injection fournissent des pi\u00e8ces plastiques de qualit\u00e9 sup\u00e9rieure fabriqu\u00e9es \u00e0 partir d'abdominaux, de nylon, de POM, de PP et de PE. D\u00e9velopp\u00e9s pour la pr\u00e9cision et la long\u00e9vit\u00e9, ces composants sont couramment utilis\u00e9s dans l'automobile, les appareils \u00e9lectroniques, l'emballage des produits et les applications commerciales. Fabriqu\u00e9s \u00e0 l'aide d'une technologie moderne de moulage sophistiqu\u00e9e, ils pr\u00e9sentent une excellente stabilit\u00e9 dimensionnelle, une r\u00e9sistance aux effets et une r\u00e9silience chimique. Disponibles dans une large gamme de formes, de tailles et de teintes, ces pi\u00e8ces peuvent \u00eatre personnalis\u00e9es pour r\u00e9pondre aux besoins sp\u00e9cifiques des clients. L\u00e9g\u00e8res mais solides, elles offrent des performances r\u00e9put\u00e9es dans les environnements les plus recherch\u00e9s. En tant que fournisseur de confiance, nous garantissons des services rentables pour les petites et les grandes s\u00e9ries.<\/p>","protected":false},"excerpt":{"rendered":"<p>Les pi\u00e8ces moul\u00e9es par injection sur mesure en ABS, nylon, POM, PP et PE offrent r\u00e9sistance, pr\u00e9cision et durabilit\u00e9. Id\u00e9ales pour l'automobile, l'\u00e9lectronique et l'industrie, ces pi\u00e8ces sont personnalisables en termes de forme, de taille et de couleur afin de r\u00e9pondre aux diverses exigences des applications.<\/p>","protected":false},"featured_media":1450,"template":"","meta":{"_gspb_post_css":""},"product_brand":[],"product_cat":[23,35],"product_tag":[243,125,242],"class_list":{"0":"post-1444","1":"product","2":"type-product","3":"status-publish","4":"has-post-thumbnail","6":"product_cat-nylon-sheets","7":"product_cat-pp-pe-products","8":"product_tag-abs-nylon-components","9":"product_tag-custom-plastic-parts","10":"product_tag-injection-molding-parts","12":"first","13":"instock","14":"shipping-taxable","15":"product-type-simple"},"_links":{"self":[{"href":"https:\/\/uhmwpemanufacture.com\/fr\/wp-json\/wp\/v2\/product\/1444","targetHints":{"allow":["GET"]}}],"collection":[{"href":"https:\/\/uhmwpemanufacture.com\/fr\/wp-json\/wp\/v2\/product"}],"about":[{"href":"https:\/\/uhmwpemanufacture.com\/fr\/wp-json\/wp\/v2\/types\/product"}],"wp:featuredmedia":[{"embeddable":true,"href":"https:\/\/uhmwpemanufacture.com\/fr\/wp-json\/wp\/v2\/media\/1450"}],"wp:attachment":[{"href":"https:\/\/uhmwpemanufacture.com\/fr\/wp-json\/wp\/v2\/media?parent=1444"}],"wp:term":[{"taxonomy":"product_brand","embeddable":true,"href":"https:\/\/uhmwpemanufacture.com\/fr\/wp-json\/wp\/v2\/product_brand?post=1444"},{"taxonomy":"product_cat","embeddable":true,"href":"https:\/\/uhmwpemanufacture.com\/fr\/wp-json\/wp\/v2\/product_cat?post=1444"},{"taxonomy":"product_tag","embeddable":true,"href":"https:\/\/uhmwpemanufacture.com\/fr\/wp-json\/wp\/v2\/product_tag?post=1444"}],"curies":[{"name":"wp","href":"https:\/\/api.w.org\/{rel}","templated":true}]}}