{"id":1453,"date":"2025-09-28T09:34:54","date_gmt":"2025-09-28T09:34:54","guid":{"rendered":"https:\/\/uhmwpemanufacture.com\/?post_type=product&#038;p=1453"},"modified":"2025-09-28T09:34:54","modified_gmt":"2025-09-28T09:34:54","slug":"uhmwpe-synthetic-ice-synthetic-panel-curling-practice-floor","status":"publish","type":"product","link":"https:\/\/uhmwpemanufacture.com\/fr\/uhmwpe-synthetic-ice-synthetic-panel-curling-practice-floor\/","title":{"rendered":"Uhmwpe Synthetic Ice Synthetic Panel curling Practice Floor"},"content":{"rendered":"<h2>Panneau de glace synth\u00e9tique UHMWPE Sol pour technique de curling<\/h2>\n<p>Nos panneaux de glace synth\u00e9tique UHMWPE sont con\u00e7us pour cr\u00e9er une surface lisse, semblable \u00e0 de la glace, pour l'entra\u00eenement et la pratique du curling, sans n\u00e9cessiter de r\u00e9frig\u00e9ration. Fabriqu\u00e9s en poly\u00e9thyl\u00e8ne \u00e0 tr\u00e8s haut poids mol\u00e9culaire, ces panneaux offrent des performances de mouvement exceptionnelles, un frottement r\u00e9duit et une grande durabilit\u00e9 pour une utilisation \u00e0 long terme. R\u00e9sistants aux intemp\u00e9ries et aux chocs, ils conviennent parfaitement \u00e0 l'int\u00e9rieur de votre maison et \u00e0 l'ext\u00e9rieur, ce qui les rend adapt\u00e9s aux centres sportifs, aux universit\u00e9s et aux centres de loisirs. Avec un style d'embo\u00eetement facile \u00e0 installer, les panneaux offrent une configuration rapide et une efficacit\u00e9 constante. \u00c9cologiques et abordables, ils offrent une exp\u00e9rience de curling r\u00e9aliste tout en r\u00e9duisant les frais d'entretien et d'exploitation.<\/p>","protected":false},"excerpt":{"rendered":"<p>Les panneaux de glace synth\u00e9tique en UHMWPE offrent une surface lisse, semblable \u00e0 de la glace, pour l'entra\u00eenement au curling sans r\u00e9frig\u00e9ration. Durables, \u00e0 faible friction et r\u00e9sistants aux intemp\u00e9ries, ils sont faciles \u00e0 installer et conviennent parfaitement \u00e0 l'entra\u00eenement en int\u00e9rieur ou en ext\u00e9rieur, aux installations sportives et aux centres de loisirs.<\/p>","protected":false},"featured_media":1456,"template":"","meta":{"_gspb_post_css":""},"product_brand":[],"product_cat":[29,32],"product_tag":[244,126,245],"class_list":{"0":"post-1453","1":"product","2":"type-product","3":"status-publish","4":"has-post-thumbnail","6":"product_cat-ice-rink-products","7":"product_cat-ice-synthetic-panels","8":"product_tag-curling-practice-floor","9":"product_tag-synthetic-ice-panels","10":"product_tag-uhmwpe-sports-flooring","12":"first","13":"instock","14":"shipping-taxable","15":"product-type-simple"},"_links":{"self":[{"href":"https:\/\/uhmwpemanufacture.com\/fr\/wp-json\/wp\/v2\/product\/1453","targetHints":{"allow":["GET"]}}],"collection":[{"href":"https:\/\/uhmwpemanufacture.com\/fr\/wp-json\/wp\/v2\/product"}],"about":[{"href":"https:\/\/uhmwpemanufacture.com\/fr\/wp-json\/wp\/v2\/types\/product"}],"wp:featuredmedia":[{"embeddable":true,"href":"https:\/\/uhmwpemanufacture.com\/fr\/wp-json\/wp\/v2\/media\/1456"}],"wp:attachment":[{"href":"https:\/\/uhmwpemanufacture.com\/fr\/wp-json\/wp\/v2\/media?parent=1453"}],"wp:term":[{"taxonomy":"product_brand","embeddable":true,"href":"https:\/\/uhmwpemanufacture.com\/fr\/wp-json\/wp\/v2\/product_brand?post=1453"},{"taxonomy":"product_cat","embeddable":true,"href":"https:\/\/uhmwpemanufacture.com\/fr\/wp-json\/wp\/v2\/product_cat?post=1453"},{"taxonomy":"product_tag","embeddable":true,"href":"https:\/\/uhmwpemanufacture.com\/fr\/wp-json\/wp\/v2\/product_tag?post=1453"}],"curies":[{"name":"wp","href":"https:\/\/api.w.org\/{rel}","templated":true}]}}