{"id":1461,"date":"2025-09-28T09:39:24","date_gmt":"2025-09-28T09:39:24","guid":{"rendered":"https:\/\/uhmwpemanufacture.com\/?post_type=product&#038;p=1461"},"modified":"2025-09-28T09:39:24","modified_gmt":"2025-09-28T09:39:24","slug":"custom-hockey-board-synthetic-ice-rink-skating-dasher-boards","status":"publish","type":"product","link":"https:\/\/uhmwpemanufacture.com\/fr\/custom-hockey-board-synthetic-ice-rink-skating-dasher-boards\/","title":{"rendered":"Planche de hockey sur mesure Planche de glace synth\u00e9tique pour patinoire Planche de dasher"},"content":{"rendered":"<h2>Planche de hockey personnalis\u00e9e Planche de hockey synth\u00e9tique pour patinoire<\/h2>\n<p>Nos planches de hockey personnalis\u00e9es et nos planches synth\u00e9tiques pour patinoires sont con\u00e7ues pour la durabilit\u00e9, la s\u00e9curit\u00e9 et la performance professionnelle. Fabriqu\u00e9es en poly\u00e9thyl\u00e8ne de haute qualit\u00e9, elles supportent des influences importantes tout en offrant une surface lisse et adapt\u00e9e aux joueurs pour le patinage et le jeu. Con\u00e7ues pour les ar\u00e8nes int\u00e9rieures et ext\u00e9rieures, ces planches r\u00e9sistent \u00e0 l'exposition directe aux UV, \u00e0 l'humidit\u00e9 et aux conditions climatiques difficiles, ce qui garantit une utilisation durable. La construction modulaire permet une installation, une maintenance et une personnalisation rapides pour s'adapter aux diff\u00e9rentes tailles de patinoires. Adapt\u00e9es aux centres d'entra\u00eenement, aux centres de loisirs et aux terrains de hockey experts, ces bandes offrent une stabilit\u00e9 fiable et un environnement de patinage sans risque.<\/p>","protected":false},"excerpt":{"rendered":"<p>Les planches de hockey sur mesure et les planches synth\u00e9tiques pour patinoires offrent une durabilit\u00e9, une r\u00e9sistance aux chocs et des surfaces lisses pour un patinage en toute s\u00e9curit\u00e9. Adapt\u00e9es aux patinoires int\u00e9rieures ou ext\u00e9rieures, elles pr\u00e9sentent une conception modulaire qui facilite l'installation, la personnalisation et les performances durables dans le cadre d'une utilisation r\u00e9cr\u00e9ative ou professionnelle.<\/p>","protected":false},"featured_media":1464,"template":"","meta":{"_gspb_post_css":""},"product_brand":[],"product_cat":[29,30],"product_tag":[81,247,246],"class_list":{"0":"post-1461","1":"product","2":"type-product","3":"status-publish","4":"has-post-thumbnail","6":"product_cat-ice-rink-products","7":"product_cat-hockey-ice-rink-dasher-boards","8":"product_tag-hockey-dasher-boards","9":"product_tag-skating-rink-panels","10":"product_tag-synthetic-ice-rink-boards","12":"first","13":"instock","14":"shipping-taxable","15":"product-type-simple"},"_links":{"self":[{"href":"https:\/\/uhmwpemanufacture.com\/fr\/wp-json\/wp\/v2\/product\/1461","targetHints":{"allow":["GET"]}}],"collection":[{"href":"https:\/\/uhmwpemanufacture.com\/fr\/wp-json\/wp\/v2\/product"}],"about":[{"href":"https:\/\/uhmwpemanufacture.com\/fr\/wp-json\/wp\/v2\/types\/product"}],"wp:featuredmedia":[{"embeddable":true,"href":"https:\/\/uhmwpemanufacture.com\/fr\/wp-json\/wp\/v2\/media\/1464"}],"wp:attachment":[{"href":"https:\/\/uhmwpemanufacture.com\/fr\/wp-json\/wp\/v2\/media?parent=1461"}],"wp:term":[{"taxonomy":"product_brand","embeddable":true,"href":"https:\/\/uhmwpemanufacture.com\/fr\/wp-json\/wp\/v2\/product_brand?post=1461"},{"taxonomy":"product_cat","embeddable":true,"href":"https:\/\/uhmwpemanufacture.com\/fr\/wp-json\/wp\/v2\/product_cat?post=1461"},{"taxonomy":"product_tag","embeddable":true,"href":"https:\/\/uhmwpemanufacture.com\/fr\/wp-json\/wp\/v2\/product_tag?post=1461"}],"curies":[{"name":"wp","href":"https:\/\/api.w.org\/{rel}","templated":true}]}}