{"id":1468,"date":"2025-09-28T09:42:39","date_gmt":"2025-09-28T09:42:39","guid":{"rendered":"https:\/\/uhmwpemanufacture.com\/?post_type=product&#038;p=1468"},"modified":"2025-09-28T09:42:39","modified_gmt":"2025-09-28T09:42:39","slug":"custom-plastic-outdoor-floorball-ice-hockey-dasher-board","status":"publish","type":"product","link":"https:\/\/uhmwpemanufacture.com\/fr\/custom-plastic-outdoor-floorball-ice-hockey-dasher-board\/","title":{"rendered":"Planche de jeu de hockey sur glace en plastique pour l'ext\u00e9rieur"},"content":{"rendered":"<h2>Planche de jeu de hockey sur glace en plastique pour l'ext\u00e9rieur, sur mesure<\/h2>\n<p>Nos panneaux d'affichage ext\u00e9rieurs personnalis\u00e9s en plastique pour le floorball et le hockey sur glace sont construits pour la durabilit\u00e9, la s\u00e9curit\u00e9 et l'efficacit\u00e9 fiable dans les ar\u00e8nes sp\u00e9cialis\u00e9es et de loisirs. Fabriqu\u00e9es en poly\u00e9thyl\u00e8ne de premi\u00e8re qualit\u00e9, ces bandes pr\u00e9sentent une r\u00e9sistance exceptionnelle aux effets, des surfaces lisses non abrasives et une efficacit\u00e9 durable contre les intemp\u00e9ries. Con\u00e7us pour le floorball et le hockey sur glace, ils assurent la s\u00e9curit\u00e9 des joueurs tout en pr\u00e9servant la s\u00e9curit\u00e9 structurelle en cas d'utilisation intensive. La construction modulaire permet une installation et un d\u00e9montage rapides, ainsi qu'une adaptation \u00e0 de nombreuses dimensions de patinoires. Parfaites pour les installations ext\u00e9rieures, les complexes sportifs et les centres d'entra\u00eenement, ces bandes de dashers offrent des performances fiables et un entretien facile.<\/p>","protected":false},"excerpt":{"rendered":"<p>Les panneaux d'affichage en plastique pour le floorball et le hockey sur glace sont durables, r\u00e9sistent aux chocs et offrent des surfaces lisses. Gr\u00e2ce \u00e0 leur conception modulaire et r\u00e9sistante aux intemp\u00e9ries, ils sont faciles \u00e0 installer et conviennent parfaitement aux centres d'entra\u00eenement, aux stades de loisirs et aux installations sportives professionnelles.<\/p>","protected":false},"featured_media":1469,"template":"","meta":{"_gspb_post_css":""},"product_brand":[],"product_cat":[29,33],"product_tag":[248,249,250],"class_list":{"0":"post-1468","1":"product","2":"type-product","3":"status-publish","4":"has-post-thumbnail","6":"product_cat-ice-rink-products","7":"product_cat-floor-ball-dasher-boards","8":"product_tag-floorball-dasher-boards","9":"product_tag-ice-hockey-rink-boards","10":"product_tag-outdoor-sports-panels","12":"first","13":"instock","14":"shipping-taxable","15":"product-type-simple"},"_links":{"self":[{"href":"https:\/\/uhmwpemanufacture.com\/fr\/wp-json\/wp\/v2\/product\/1468","targetHints":{"allow":["GET"]}}],"collection":[{"href":"https:\/\/uhmwpemanufacture.com\/fr\/wp-json\/wp\/v2\/product"}],"about":[{"href":"https:\/\/uhmwpemanufacture.com\/fr\/wp-json\/wp\/v2\/types\/product"}],"wp:featuredmedia":[{"embeddable":true,"href":"https:\/\/uhmwpemanufacture.com\/fr\/wp-json\/wp\/v2\/media\/1469"}],"wp:attachment":[{"href":"https:\/\/uhmwpemanufacture.com\/fr\/wp-json\/wp\/v2\/media?parent=1468"}],"wp:term":[{"taxonomy":"product_brand","embeddable":true,"href":"https:\/\/uhmwpemanufacture.com\/fr\/wp-json\/wp\/v2\/product_brand?post=1468"},{"taxonomy":"product_cat","embeddable":true,"href":"https:\/\/uhmwpemanufacture.com\/fr\/wp-json\/wp\/v2\/product_cat?post=1468"},{"taxonomy":"product_tag","embeddable":true,"href":"https:\/\/uhmwpemanufacture.com\/fr\/wp-json\/wp\/v2\/product_tag?post=1468"}],"curies":[{"name":"wp","href":"https:\/\/api.w.org\/{rel}","templated":true}]}}