{"id":1476,"date":"2025-09-28T09:46:27","date_gmt":"2025-09-28T09:46:27","guid":{"rendered":"https:\/\/uhmwpemanufacture.com\/?post_type=product&#038;p=1476"},"modified":"2025-09-28T09:46:27","modified_gmt":"2025-09-28T09:46:27","slug":"duty-uhmwpe-excavator-ground-protection-equipment-sheets","status":"publish","type":"product","link":"https:\/\/uhmwpemanufacture.com\/fr\/duty-uhmwpe-excavator-ground-protection-equipment-sheets\/","title":{"rendered":"Feuilles d'\u00e9quipement de protection du sol pour pelleteuses en UHMWPE \u00e0 usage intensif"},"content":{"rendered":"<h2>Obligation UHMWPE Excavateur Protection du sol Feuilles d'outils<\/h2>\n<p>Les plaques d'\u00e9quipement de protection du sol des excavateurs en UHMWPE d'Obligation sont con\u00e7ues pour offrir une surface r\u00e9put\u00e9e et antid\u00e9rapante aux machines lourdes sur les terrains difficiles. Fabriqu\u00e9es en poly\u00e9thyl\u00e8ne \u00e0 tr\u00e8s haut poids mol\u00e9culaire, ces feuilles r\u00e9sistent aux chocs, \u00e0 l'usure et aux intemp\u00e9ries. Leur l\u00e9g\u00e8ret\u00e9 et leur solidit\u00e9 les rendent faciles \u00e0 transf\u00e9rer, \u00e0 installer et \u00e0 recycler sur plusieurs chantiers. Parfaites pour les projets de construction, d'exploitation mini\u00e8re et d'am\u00e9nagement paysager, elles s\u00e9curisent les endroits d\u00e9licats du sol, r\u00e9duisent l'orni\u00e9rage et renforcent la s\u00e9curit\u00e9 des travailleurs et des \u00e9quipements. Dot\u00e9es d'une capacit\u00e9 de charge exceptionnelle, ces plaques constituent un support stable pour les excavateurs, les grues et autres machines lourdes.<\/p>","protected":false},"excerpt":{"rendered":"<p>Les plaques de protection des sols pour excavateurs en UHMWPE robuste offrent un support solide et antid\u00e9rapant pour les machines lourdes. L\u00e9g\u00e8res, r\u00e9sistantes aux intemp\u00e9ries et r\u00e9utilisables, elles prot\u00e8gent le sol et garantissent la s\u00e9curit\u00e9 des op\u00e9rations.<\/p>","protected":false},"featured_media":1479,"template":"","meta":{"_gspb_post_css":""},"product_brand":[],"product_cat":[24,27],"product_tag":[251,253,252],"class_list":{"0":"post-1476","1":"product","2":"type-product","3":"status-publish","4":"has-post-thumbnail","6":"product_cat-ground-protection-road-mats","7":"product_cat-dura-mats","8":"product_tag-ground-protection-sheets","9":"product_tag-heavy-equipment-mats","10":"product_tag-uhmwpe-excavator-mats","12":"first","13":"instock","14":"shipping-taxable","15":"product-type-simple"},"_links":{"self":[{"href":"https:\/\/uhmwpemanufacture.com\/fr\/wp-json\/wp\/v2\/product\/1476","targetHints":{"allow":["GET"]}}],"collection":[{"href":"https:\/\/uhmwpemanufacture.com\/fr\/wp-json\/wp\/v2\/product"}],"about":[{"href":"https:\/\/uhmwpemanufacture.com\/fr\/wp-json\/wp\/v2\/types\/product"}],"wp:featuredmedia":[{"embeddable":true,"href":"https:\/\/uhmwpemanufacture.com\/fr\/wp-json\/wp\/v2\/media\/1479"}],"wp:attachment":[{"href":"https:\/\/uhmwpemanufacture.com\/fr\/wp-json\/wp\/v2\/media?parent=1476"}],"wp:term":[{"taxonomy":"product_brand","embeddable":true,"href":"https:\/\/uhmwpemanufacture.com\/fr\/wp-json\/wp\/v2\/product_brand?post=1476"},{"taxonomy":"product_cat","embeddable":true,"href":"https:\/\/uhmwpemanufacture.com\/fr\/wp-json\/wp\/v2\/product_cat?post=1476"},{"taxonomy":"product_tag","embeddable":true,"href":"https:\/\/uhmwpemanufacture.com\/fr\/wp-json\/wp\/v2\/product_tag?post=1476"}],"curies":[{"name":"wp","href":"https:\/\/api.w.org\/{rel}","templated":true}]}}