{"id":1485,"date":"2025-09-28T09:52:16","date_gmt":"2025-09-28T09:52:16","guid":{"rendered":"https:\/\/uhmwpemanufacture.com\/?post_type=product&#038;p=1485"},"modified":"2025-09-28T09:52:16","modified_gmt":"2025-09-28T09:52:16","slug":"hdpe-road-mat-field-temporary-ground-protection-mat-dealer","status":"publish","type":"product","link":"https:\/\/uhmwpemanufacture.com\/fr\/hdpe-road-mat-field-temporary-ground-protection-mat-dealer\/","title":{"rendered":"HDPE Road Mat Field Temporary Ground Protection Mat Dealer"},"content":{"rendered":"<h2>HDPE Road Mat Area Temporary Ground Defense Floor Covering Dealer<\/h2>\n<p>Nos rev\u00eatements de sol routiers en PEHD offrent une protection fiable du sol pour les t\u00e2ches robustes, garantissant des surfaces stables et s\u00fbres dans les aires, les zones de construction et de travaux et les \u00e9v\u00e9nements ext\u00e9rieurs. Con\u00e7us \u00e0 partir d'un mat\u00e9riau HDPE tr\u00e8s r\u00e9sistant, ces tapis r\u00e9sistent aux influences, aux produits chimiques et aux intemp\u00e9ries tout en supportant des dispositifs lourds. La surface textur\u00e9e antid\u00e9rapante renforce la s\u00fbret\u00e9 et la s\u00e9curit\u00e9, tandis que les facteurs de liaison entrelac\u00e9s garantissent une installation et une s\u00e9curit\u00e9 rapides sur les terrains irr\u00e9guliers. Id\u00e9ales pour les autoroutes temporaires, l'acc\u00e8s au terrain et le soutien au sol, elles sont \u00e0 usage multiple, \u00e9cologiques et abordables. Une solution fiable pour les fournisseurs et les sp\u00e9cialistes qui recherchent la durabilit\u00e9 et la simplicit\u00e9 de manipulation dans des environnements exigeants.<\/p>","protected":false},"excerpt":{"rendered":"<p>Les tapis routiers en PEHD offrent une protection solide du sol pour les champs, la construction et les projets ext\u00e9rieurs. Gr\u00e2ce \u00e0 leur texture antid\u00e9rapante, leur durabilit\u00e9 et leur facilit\u00e9 d'installation, ils garantissent des surfaces s\u00fbres et stables pour les \u00e9quipements et les v\u00e9hicules lourds.<\/p>","protected":false},"featured_media":1487,"template":"","meta":{"_gspb_post_css":""},"product_brand":[],"product_cat":[24,26],"product_tag":[159,73,254],"class_list":{"0":"post-1485","1":"product","2":"type-product","3":"status-publish","4":"has-post-thumbnail","6":"product_cat-ground-protection-road-mats","7":"product_cat-base-mats","8":"product_tag-ground-protection-mat","9":"product_tag-hdpe-road-mats","10":"product_tag-temporary-roadway","12":"first","13":"instock","14":"shipping-taxable","15":"product-type-simple"},"_links":{"self":[{"href":"https:\/\/uhmwpemanufacture.com\/fr\/wp-json\/wp\/v2\/product\/1485","targetHints":{"allow":["GET"]}}],"collection":[{"href":"https:\/\/uhmwpemanufacture.com\/fr\/wp-json\/wp\/v2\/product"}],"about":[{"href":"https:\/\/uhmwpemanufacture.com\/fr\/wp-json\/wp\/v2\/types\/product"}],"wp:featuredmedia":[{"embeddable":true,"href":"https:\/\/uhmwpemanufacture.com\/fr\/wp-json\/wp\/v2\/media\/1487"}],"wp:attachment":[{"href":"https:\/\/uhmwpemanufacture.com\/fr\/wp-json\/wp\/v2\/media?parent=1485"}],"wp:term":[{"taxonomy":"product_brand","embeddable":true,"href":"https:\/\/uhmwpemanufacture.com\/fr\/wp-json\/wp\/v2\/product_brand?post=1485"},{"taxonomy":"product_cat","embeddable":true,"href":"https:\/\/uhmwpemanufacture.com\/fr\/wp-json\/wp\/v2\/product_cat?post=1485"},{"taxonomy":"product_tag","embeddable":true,"href":"https:\/\/uhmwpemanufacture.com\/fr\/wp-json\/wp\/v2\/product_tag?post=1485"}],"curies":[{"name":"wp","href":"https:\/\/api.w.org\/{rel}","templated":true}]}}