{"id":1492,"date":"2025-09-28T09:57:57","date_gmt":"2025-09-28T09:57:57","guid":{"rendered":"https:\/\/uhmwpemanufacture.com\/?post_type=product&#038;p=1492"},"modified":"2025-09-28T09:57:57","modified_gmt":"2025-09-28T09:57:57","slug":"high-density-polyethylene-borated-pe-sheet-uhmwpe-sheet","status":"publish","type":"product","link":"https:\/\/uhmwpemanufacture.com\/fr\/high-density-polyethylene-borated-pe-sheet-uhmwpe-sheet\/","title":{"rendered":"Poly\u00e9thyl\u00e8ne haute densit\u00e9 Feuille PE bor\u00e9e Feuille UHMWPE"},"content":{"rendered":"<h2>Poly\u00e9thyl\u00e8ne haute \u00e9paisseur Feuille PE bor\u00e9e Feuille UHMWPE<\/h2>\n<p>Nos feuilles de poly\u00e9thyl\u00e8ne haute densit\u00e9 bor\u00e9es sont con\u00e7ues pour des applications exigeantes o\u00f9 la robustesse et la s\u00e9curit\u00e9 sont essentielles. Gr\u00e2ce \u00e0 leur teneur en bore, ces feuilles UHMWPE offrent une protection exceptionnelle contre les neutrons, ce qui les rend id\u00e9ales pour les installations nucl\u00e9aires, les laboratoires et la protection industrielle. Les feuilles offrent une r\u00e9sistance \u00e9lev\u00e9e aux effets, une remarquable performance \u00e0 l'usure et une superbe s\u00e9curit\u00e9 chimique, ce qui leur assure une longue dur\u00e9e de vie dans des conditions difficiles. Leur usinabilit\u00e9 permet une fabrication sur mesure pour r\u00e9pondre \u00e0 des besoins particuliers en mati\u00e8re de blindage, de rev\u00eatement et d'utilisation structurelle. Une option fiable pour les secteurs exigeant \u00e0 la fois endurance et s\u00e9curit\u00e9 contre les rayonnements.<\/p>","protected":false},"excerpt":{"rendered":"<p>Feuille de PE bor\u00e9e en poly\u00e9thyl\u00e8ne haute densit\u00e9 La feuille UHMWPE offre une excellente r\u00e9sistance aux chocs, \u00e0 l'usure et au blindage contre les neutrons. Id\u00e9ale pour les applications industrielles, nucl\u00e9aires et de protection, elle pr\u00e9sente une stabilit\u00e9 chimique et une usinabilit\u00e9 sup\u00e9rieures.<\/p>","protected":false},"featured_media":1493,"template":"","meta":{"_gspb_post_css":""},"product_brand":[],"product_cat":[15,19],"product_tag":[255,199,56],"class_list":{"0":"post-1492","1":"product","2":"type-product","3":"status-publish","4":"has-post-thumbnail","6":"product_cat-uhmwpe-hdpe-sheets-plates","7":"product_cat-lead-boron-polyethylene-plates","8":"product_tag-borated-pe-sheet","9":"product_tag-polyethylene-board","10":"product_tag-uhmwpe-sheet","12":"first","13":"instock","14":"shipping-taxable","15":"product-type-simple"},"_links":{"self":[{"href":"https:\/\/uhmwpemanufacture.com\/fr\/wp-json\/wp\/v2\/product\/1492","targetHints":{"allow":["GET"]}}],"collection":[{"href":"https:\/\/uhmwpemanufacture.com\/fr\/wp-json\/wp\/v2\/product"}],"about":[{"href":"https:\/\/uhmwpemanufacture.com\/fr\/wp-json\/wp\/v2\/types\/product"}],"wp:featuredmedia":[{"embeddable":true,"href":"https:\/\/uhmwpemanufacture.com\/fr\/wp-json\/wp\/v2\/media\/1493"}],"wp:attachment":[{"href":"https:\/\/uhmwpemanufacture.com\/fr\/wp-json\/wp\/v2\/media?parent=1492"}],"wp:term":[{"taxonomy":"product_brand","embeddable":true,"href":"https:\/\/uhmwpemanufacture.com\/fr\/wp-json\/wp\/v2\/product_brand?post=1492"},{"taxonomy":"product_cat","embeddable":true,"href":"https:\/\/uhmwpemanufacture.com\/fr\/wp-json\/wp\/v2\/product_cat?post=1492"},{"taxonomy":"product_tag","embeddable":true,"href":"https:\/\/uhmwpemanufacture.com\/fr\/wp-json\/wp\/v2\/product_tag?post=1492"}],"curies":[{"name":"wp","href":"https:\/\/api.w.org\/{rel}","templated":true}]}}