{"id":1500,"date":"2025-09-28T10:05:19","date_gmt":"2025-09-28T10:05:19","guid":{"rendered":"https:\/\/uhmwpemanufacture.com\/?post_type=product&#038;p=1500"},"modified":"2025-09-28T10:05:19","modified_gmt":"2025-09-28T10:05:19","slug":"durable-wear-resistant-heavy-duty-black-outrigger-pads-maker","status":"publish","type":"product","link":"https:\/\/uhmwpemanufacture.com\/fr\/durable-wear-resistant-heavy-duty-black-outrigger-pads-maker\/","title":{"rendered":"Coussinets d'outrigger noirs durables et r\u00e9sistants \u00e0 l'usure Maker"},"content":{"rendered":"<h2>Des coussins solides et noirs pour la s\u00e9curit\u00e9 et la s\u00fbret\u00e9 des Outrigger<\/h2>\n<p>Nos tampons de stabilisateurs noirs robustes et r\u00e9sistants \u00e0 l'usure sont fabriqu\u00e9s en UHMWPE et HDPE, ce qui garantit un support de charge maximal et une int\u00e9grit\u00e9 durable. Ces tampons pr\u00e9sentent une r\u00e9sistance exceptionnelle aux influences, un frottement r\u00e9duit et des surfaces antid\u00e9rapantes, ce qui les rend parfaits pour les grues, les excavateurs et les \u00e9quipements de construction. Fabriqu\u00e9s avec des protections renforc\u00e9es pour faciliter le transport, ils sont l\u00e9gers tout en offrant une s\u00e9curit\u00e9 ph\u00e9nom\u00e9nale sur les sols mous ou irr\u00e9guliers. Personnalisables en termes de dimensions, de densit\u00e9 et de couleur, ils offrent un soutien au sol fiable pour les proc\u00e9dures d'entra\u00eenement lourdes, tout en r\u00e9duisant les co\u00fbts d'entretien. Ils sont parfaits pour les applications commerciales, le b\u00e2timent et la construction, et les services publics.<\/p>","protected":false},"excerpt":{"rendered":"<p>Les stabilisateurs noirs durables et r\u00e9sistants \u00e0 l'usure assurent une stabilit\u00e9 au sol fiable pour les grues et les \u00e9quipements lourds. Fabriqu\u00e9s en UHMWPE \u00e0 haute r\u00e9sistance, ils r\u00e9sistent aux fissures, absorbent la pression et sont dot\u00e9s de poign\u00e9es en corde pour faciliter le transport et l'installation, garantissant ainsi la s\u00e9curit\u00e9 et une utilisation \u00e0 long terme.<\/p>","protected":false},"featured_media":1503,"template":"","meta":{"_gspb_post_css":""},"product_brand":[],"product_cat":[15,20],"product_tag":[257,256,258],"class_list":{"0":"post-1500","1":"product","2":"type-product","3":"status-publish","4":"has-post-thumbnail","6":"product_cat-uhmwpe-hdpe-sheets-plates","7":"product_cat-crane-outrigger-pads","8":"product_tag-heavy-equipment-safety","9":"product_tag-outrigger-pads","10":"product_tag-uhmwpe-pads","12":"first","13":"instock","14":"shipping-taxable","15":"product-type-simple"},"_links":{"self":[{"href":"https:\/\/uhmwpemanufacture.com\/fr\/wp-json\/wp\/v2\/product\/1500","targetHints":{"allow":["GET"]}}],"collection":[{"href":"https:\/\/uhmwpemanufacture.com\/fr\/wp-json\/wp\/v2\/product"}],"about":[{"href":"https:\/\/uhmwpemanufacture.com\/fr\/wp-json\/wp\/v2\/types\/product"}],"wp:featuredmedia":[{"embeddable":true,"href":"https:\/\/uhmwpemanufacture.com\/fr\/wp-json\/wp\/v2\/media\/1503"}],"wp:attachment":[{"href":"https:\/\/uhmwpemanufacture.com\/fr\/wp-json\/wp\/v2\/media?parent=1500"}],"wp:term":[{"taxonomy":"product_brand","embeddable":true,"href":"https:\/\/uhmwpemanufacture.com\/fr\/wp-json\/wp\/v2\/product_brand?post=1500"},{"taxonomy":"product_cat","embeddable":true,"href":"https:\/\/uhmwpemanufacture.com\/fr\/wp-json\/wp\/v2\/product_cat?post=1500"},{"taxonomy":"product_tag","embeddable":true,"href":"https:\/\/uhmwpemanufacture.com\/fr\/wp-json\/wp\/v2\/product_tag?post=1500"}],"curies":[{"name":"wp","href":"https:\/\/api.w.org\/{rel}","templated":true}]}}