{"id":1573,"date":"2025-10-09T01:24:19","date_gmt":"2025-10-09T01:24:19","guid":{"rendered":"https:\/\/uhmwpemanufacture.com\/?post_type=product&#038;p=1573"},"modified":"2025-10-09T01:24:19","modified_gmt":"2025-10-09T01:24:19","slug":"uhmwpe-stabilizer-crane-mat-polyethylene-outrigger-pads","status":"publish","type":"product","link":"https:\/\/uhmwpemanufacture.com\/fr\/uhmwpe-stabilizer-crane-mat-polyethylene-outrigger-pads\/","title":{"rendered":"Stabilisateur UHMWPE Tapis de grue Poly\u00e9thyl\u00e8ne Coussinets de balancier"},"content":{"rendered":"<h2>Stabilisateur UHMWPE Tapis de grue Poly\u00e9thyl\u00e8ne Coussinets de balancier<\/h2>\n<p>Ces rev\u00eatements de sol pour grues stabilisatrices et tampons de stabilisateurs en UHMWPE offrent une r\u00e9sistance, une s\u00e9curit\u00e9 et une durabilit\u00e9 exceptionnelles pour les op\u00e9rations de levage lourdes. Fabriqu\u00e9s en poly\u00e9thyl\u00e8ne \u00e0 tr\u00e8s haut poids mol\u00e9culaire, ils offrent une circulation de la charge, une r\u00e9sistance \u00e0 l'usure et une efficacit\u00e9 \u00e0 l'\u00e9preuve des intemp\u00e9ries exceptionnelles. L\u00e9gers mais incroyablement r\u00e9sistants, ces coussins \u00e9vitent les dommages au sol et renforcent la s\u00e9curit\u00e9 des \u00e9quipements sur les chantiers, les champs p\u00e9trolif\u00e8res et les syst\u00e8mes de grues. Dot\u00e9s de surfaces antid\u00e9rapantes, d'une prise en charge facile et d'une absorption d'influence exceptionnelle, ils garantissent une assistance fiable sous des tonnes extr\u00eames tout en conservant une longue dur\u00e9e de vie et une grande facilit\u00e9 de manipulation.<\/p>","protected":false},"excerpt":{"rendered":"<p>Les patins de stabilisateurs de grues en poly\u00e9thyl\u00e8ne UHMWPE offrent un excellent support de charge, une bonne r\u00e9sistance \u00e0 l'usure et une grande stabilit\u00e9. L\u00e9ger, durable et facile \u00e0 manipuler pour le levage de charges lourdes et la construction.<\/p>","protected":false},"featured_media":1581,"template":"","meta":{"_gspb_post_css":""},"product_brand":[],"product_cat":[15,20],"product_tag":[261,262,63],"class_list":{"0":"post-1573","1":"product","2":"type-product","3":"status-publish","4":"has-post-thumbnail","6":"product_cat-uhmwpe-hdpe-sheets-plates","7":"product_cat-crane-outrigger-pads","8":"product_tag-crane-mats","9":"product_tag-stabilizer-pad","10":"product_tag-uhmwpe-outrigger-pads","12":"first","13":"instock","14":"shipping-taxable","15":"product-type-simple"},"_links":{"self":[{"href":"https:\/\/uhmwpemanufacture.com\/fr\/wp-json\/wp\/v2\/product\/1573","targetHints":{"allow":["GET"]}}],"collection":[{"href":"https:\/\/uhmwpemanufacture.com\/fr\/wp-json\/wp\/v2\/product"}],"about":[{"href":"https:\/\/uhmwpemanufacture.com\/fr\/wp-json\/wp\/v2\/types\/product"}],"wp:featuredmedia":[{"embeddable":true,"href":"https:\/\/uhmwpemanufacture.com\/fr\/wp-json\/wp\/v2\/media\/1581"}],"wp:attachment":[{"href":"https:\/\/uhmwpemanufacture.com\/fr\/wp-json\/wp\/v2\/media?parent=1573"}],"wp:term":[{"taxonomy":"product_brand","embeddable":true,"href":"https:\/\/uhmwpemanufacture.com\/fr\/wp-json\/wp\/v2\/product_brand?post=1573"},{"taxonomy":"product_cat","embeddable":true,"href":"https:\/\/uhmwpemanufacture.com\/fr\/wp-json\/wp\/v2\/product_cat?post=1573"},{"taxonomy":"product_tag","embeddable":true,"href":"https:\/\/uhmwpemanufacture.com\/fr\/wp-json\/wp\/v2\/product_tag?post=1573"}],"curies":[{"name":"wp","href":"https:\/\/api.w.org\/{rel}","templated":true}]}}