{"id":1574,"date":"2025-10-09T01:19:08","date_gmt":"2025-10-09T01:19:08","guid":{"rendered":"https:\/\/uhmwpemanufacture.com\/?post_type=product&#038;p=1574"},"modified":"2025-10-09T01:20:43","modified_gmt":"2025-10-09T01:20:43","slug":"high-performance-lubricating-uhmwpe-polyethylene-boron-sheet","status":"publish","type":"product","link":"https:\/\/uhmwpemanufacture.com\/fr\/high-performance-lubricating-uhmwpe-polyethylene-boron-sheet\/","title":{"rendered":"Feuille lubrifiante haute performance en poly\u00e9thyl\u00e8ne-bore (UHMWPE)"},"content":{"rendered":"<h2>Feuille lubrifiante haute performance en poly\u00e9thyl\u00e8ne-bore (UHMWPE)<\/h2>\n<p>Con\u00e7ue pour une r\u00e9sistance \u00e0 l'usure sup\u00e9rieure et un frottement r\u00e9duit, cette feuille de poly\u00e9thyl\u00e8ne UHMWPE au bore offre une efficacit\u00e9 autolubrifiante exceptionnelle dans les atmosph\u00e8res exigeantes. Sa grande r\u00e9sistance aux effets, sa s\u00e9curit\u00e9 chimique et ses propri\u00e9t\u00e9s de blindage contre les radiations en font un produit id\u00e9al pour les applications nucl\u00e9aires, m\u00e9dicales et industrielles. La surface noire et lisse permet une manipulation ais\u00e9e et un usinage sp\u00e9cifique, tout en conservant une s\u00e9curit\u00e9 dimensionnelle et une robustesse exceptionnelles dans des conditions de lots lourds. Parfait pour les rev\u00eatements, la protection des panneaux et les composants de pr\u00e9cision.<\/p>","protected":false},"excerpt":{"rendered":"<p>La feuille de poly\u00e9thyl\u00e8ne UHMWPE haute performance au bore offre une excellente r\u00e9sistance \u00e0 l'usure, \u00e0 l'autolubrification et \u00e0 l'impact pour les applications industrielles et de protection contre les radiations.<\/p>","protected":false},"featured_media":1579,"template":"","meta":{"_gspb_post_css":""},"product_brand":[],"product_cat":[15,19],"product_tag":[259,260,56],"class_list":{"0":"post-1574","1":"product","2":"type-product","3":"status-publish","4":"has-post-thumbnail","6":"product_cat-uhmwpe-hdpe-sheets-plates","7":"product_cat-lead-boron-polyethylene-plates","8":"product_tag-boron-polyethylene","9":"product_tag-radiation-shielding","10":"product_tag-uhmwpe-sheet","12":"first","13":"instock","14":"shipping-taxable","15":"product-type-simple"},"_links":{"self":[{"href":"https:\/\/uhmwpemanufacture.com\/fr\/wp-json\/wp\/v2\/product\/1574","targetHints":{"allow":["GET"]}}],"collection":[{"href":"https:\/\/uhmwpemanufacture.com\/fr\/wp-json\/wp\/v2\/product"}],"about":[{"href":"https:\/\/uhmwpemanufacture.com\/fr\/wp-json\/wp\/v2\/types\/product"}],"wp:featuredmedia":[{"embeddable":true,"href":"https:\/\/uhmwpemanufacture.com\/fr\/wp-json\/wp\/v2\/media\/1579"}],"wp:attachment":[{"href":"https:\/\/uhmwpemanufacture.com\/fr\/wp-json\/wp\/v2\/media?parent=1574"}],"wp:term":[{"taxonomy":"product_brand","embeddable":true,"href":"https:\/\/uhmwpemanufacture.com\/fr\/wp-json\/wp\/v2\/product_brand?post=1574"},{"taxonomy":"product_cat","embeddable":true,"href":"https:\/\/uhmwpemanufacture.com\/fr\/wp-json\/wp\/v2\/product_cat?post=1574"},{"taxonomy":"product_tag","embeddable":true,"href":"https:\/\/uhmwpemanufacture.com\/fr\/wp-json\/wp\/v2\/product_tag?post=1574"}],"curies":[{"name":"wp","href":"https:\/\/api.w.org\/{rel}","templated":true}]}}