{"id":1583,"date":"2025-10-09T01:29:33","date_gmt":"2025-10-09T01:29:33","guid":{"rendered":"https:\/\/uhmwpemanufacture.com\/?post_type=product&#038;p=1583"},"modified":"2025-10-09T01:29:33","modified_gmt":"2025-10-09T01:29:33","slug":"nylon-plastic-sheets-thick-natural-color-mc-nylon-sheet","status":"publish","type":"product","link":"https:\/\/uhmwpemanufacture.com\/fr\/nylon-plastic-sheets-thick-natural-color-mc-nylon-sheet\/","title":{"rendered":"Feuilles de Nylon Plastique Epais Couleur Naturelle MC Feuille de Nylon"},"content":{"rendered":"<h2>Feuilles de Nylon Plastique \u00c9paisse Teinte Naturelle MC Feuille de Nylon<\/h2>\n<p>Les feuilles de plastique MC Nylon offrent une robustesse m\u00e9canique, une durabilit\u00e9 et une r\u00e9sistance \u00e0 l'usage impressionnantes pour les applications industrielles. Ces feuilles de nylon \u00e9paisses offrent une capacit\u00e9 de charge exceptionnelle, un frottement r\u00e9duit et une grande efficacit\u00e9 contre les chocs. Disponibles en couleurs naturelles, noires et bleues, elles sont parfaites pour l'usinage d'engrenages, de bagues, de rouleaux et de pi\u00e8ces architecturales. Avec une r\u00e9sistance chimique remarquable, une s\u00e9curit\u00e9 dimensionnelle et une durabilit\u00e9 \u00e0 long terme, les feuilles de nylon MC garantissent une efficacit\u00e9 fiable dans des conditions de stress et de temp\u00e9rature \u00e9lev\u00e9s, ce qui les rend id\u00e9ales pour les utilisations m\u00e9caniques, automobiles et d'ing\u00e9nierie.<\/p>","protected":false},"excerpt":{"rendered":"<p>Les feuilles de plastique nylon MC offrent une solidit\u00e9, une r\u00e9sistance \u00e0 l'usure et une robustesse sup\u00e9rieures pour un usage industriel. Disponibles en naturel, noir et bleu, elles sont id\u00e9ales pour les engrenages, les bagues et les rouleaux n\u00e9cessitant une capacit\u00e9 de charge \u00e9lev\u00e9e et une stabilit\u00e9 dimensionnelle.<\/p>","protected":false},"featured_media":1588,"template":"","meta":{"_gspb_post_css":""},"product_brand":[],"product_cat":[23],"product_tag":[71,263,264],"class_list":{"0":"post-1583","1":"product","2":"type-product","3":"status-publish","4":"has-post-thumbnail","6":"product_cat-nylon-sheets","7":"product_tag-engineering-plastic","8":"product_tag-mc-nylon-sheet","9":"product_tag-nylon-plastic","11":"first","12":"instock","13":"shipping-taxable","14":"product-type-simple"},"_links":{"self":[{"href":"https:\/\/uhmwpemanufacture.com\/fr\/wp-json\/wp\/v2\/product\/1583","targetHints":{"allow":["GET"]}}],"collection":[{"href":"https:\/\/uhmwpemanufacture.com\/fr\/wp-json\/wp\/v2\/product"}],"about":[{"href":"https:\/\/uhmwpemanufacture.com\/fr\/wp-json\/wp\/v2\/types\/product"}],"wp:featuredmedia":[{"embeddable":true,"href":"https:\/\/uhmwpemanufacture.com\/fr\/wp-json\/wp\/v2\/media\/1588"}],"wp:attachment":[{"href":"https:\/\/uhmwpemanufacture.com\/fr\/wp-json\/wp\/v2\/media?parent=1583"}],"wp:term":[{"taxonomy":"product_brand","embeddable":true,"href":"https:\/\/uhmwpemanufacture.com\/fr\/wp-json\/wp\/v2\/product_brand?post=1583"},{"taxonomy":"product_cat","embeddable":true,"href":"https:\/\/uhmwpemanufacture.com\/fr\/wp-json\/wp\/v2\/product_cat?post=1583"},{"taxonomy":"product_tag","embeddable":true,"href":"https:\/\/uhmwpemanufacture.com\/fr\/wp-json\/wp\/v2\/product_tag?post=1583"}],"curies":[{"name":"wp","href":"https:\/\/api.w.org\/{rel}","templated":true}]}}