{"id":1589,"date":"2025-10-09T01:35:52","date_gmt":"2025-10-09T01:35:52","guid":{"rendered":"https:\/\/uhmwpemanufacture.com\/?post_type=product&#038;p=1589"},"modified":"2025-10-09T01:35:53","modified_gmt":"2025-10-09T01:35:53","slug":"high-density-polyethylene-hdpe-pp-ps-abs-plastic-sheets","status":"publish","type":"product","link":"https:\/\/uhmwpemanufacture.com\/fr\/high-density-polyethylene-hdpe-pp-ps-abs-plastic-sheets\/","title":{"rendered":"Feuilles de plastique en poly\u00e9thyl\u00e8ne haute densit\u00e9 HDPE PP PS ABS"},"content":{"rendered":"<h2>Feuilles de plastique poly\u00e9thyl\u00e8ne haute \u00e9paisseur HDPE PP PS ABS<\/h2>\n<p>Ces feuilles de plastique polyvalentes HDPE, PP, PS et ABS sont con\u00e7ues pour la long\u00e9vit\u00e9, la solidit\u00e9 et l'adaptabilit\u00e9. Dot\u00e9es d'une excellente r\u00e9sistance chimique, d'une r\u00e9sistance aux chocs et d'une stabilit\u00e9 thermique, elles conviennent aux applications industrielles, au b\u00e2timent et \u00e0 la construction, ainsi qu'aux applications industrielles. Disponibles dans des teintes vives telles que le jaune, le rouge, le bleu, le vert et bien d'autres encore, ces feuilles sont faciles \u00e0 produire, \u00e0 d\u00e9couper et \u00e0 thermoformer. Id\u00e9ales pour la signalisation, l'emballage, les panneaux de s\u00e9curit\u00e9 et les composants m\u00e9caniques, elles allient haute performance et charme visuel, offrant une utilisation fiable et durable pour de nombreux probl\u00e8mes \u00e9cologiques.<\/p>","protected":false},"excerpt":{"rendered":"<p>Les feuilles de plastique HDPE, PP, PS et ABS allient durabilit\u00e9, robustesse et flexibilit\u00e9 pour les applications industrielles et commerciales. Disponibles dans de nombreuses couleurs vives, elles r\u00e9sistent aux chocs, \u00e0 l'humidit\u00e9 et aux produits chimiques, ce qui les rend id\u00e9ales pour la signalisation, l'emballage, les panneaux et les projets de fabrication.<\/p>","protected":false},"featured_media":1590,"template":"","meta":{"_gspb_post_css":""},"product_brand":[],"product_cat":[15,18],"product_tag":[265,266,59],"class_list":{"0":"post-1589","1":"product","2":"type-product","3":"status-publish","4":"has-post-thumbnail","6":"product_cat-uhmwpe-hdpe-sheets-plates","7":"product_cat-hdpe-sheets","8":"product_tag-abs-plastic","9":"product_tag-colored-plastic-sheets","10":"product_tag-hdpe-sheet","12":"first","13":"instock","14":"shipping-taxable","15":"product-type-simple"},"_links":{"self":[{"href":"https:\/\/uhmwpemanufacture.com\/fr\/wp-json\/wp\/v2\/product\/1589","targetHints":{"allow":["GET"]}}],"collection":[{"href":"https:\/\/uhmwpemanufacture.com\/fr\/wp-json\/wp\/v2\/product"}],"about":[{"href":"https:\/\/uhmwpemanufacture.com\/fr\/wp-json\/wp\/v2\/types\/product"}],"wp:featuredmedia":[{"embeddable":true,"href":"https:\/\/uhmwpemanufacture.com\/fr\/wp-json\/wp\/v2\/media\/1590"}],"wp:attachment":[{"href":"https:\/\/uhmwpemanufacture.com\/fr\/wp-json\/wp\/v2\/media?parent=1589"}],"wp:term":[{"taxonomy":"product_brand","embeddable":true,"href":"https:\/\/uhmwpemanufacture.com\/fr\/wp-json\/wp\/v2\/product_brand?post=1589"},{"taxonomy":"product_cat","embeddable":true,"href":"https:\/\/uhmwpemanufacture.com\/fr\/wp-json\/wp\/v2\/product_cat?post=1589"},{"taxonomy":"product_tag","embeddable":true,"href":"https:\/\/uhmwpemanufacture.com\/fr\/wp-json\/wp\/v2\/product_tag?post=1589"}],"curies":[{"name":"wp","href":"https:\/\/api.w.org\/{rel}","templated":true}]}}