{"id":1594,"date":"2025-10-09T01:40:19","date_gmt":"2025-10-09T01:40:19","guid":{"rendered":"https:\/\/uhmwpemanufacture.com\/?post_type=product&#038;p=1594"},"modified":"2025-10-09T01:40:19","modified_gmt":"2025-10-09T01:40:19","slug":"uhmw-pe-sheet-plate-wear-resistant-liner-support-wholesaler","status":"publish","type":"product","link":"https:\/\/uhmwpemanufacture.com\/fr\/uhmw-pe-sheet-plate-wear-resistant-liner-support-wholesaler\/","title":{"rendered":"Plaque UHMW-PE Support de rev\u00eatement r\u00e9sistant \u00e0 l'usure Grossiste"},"content":{"rendered":"<h2>Plaque de rev\u00eatement r\u00e9sistant \u00e0 l'usure UHMW-PE Assistance grossiste<\/h2>\n<p>Les plaques en UHMW-PE sont con\u00e7ues pour offrir une r\u00e9sistance \u00e0 l'usure, une r\u00e9sistance aux chocs et une r\u00e9duction des frottements exceptionnelles. Con\u00e7us pour les atmosph\u00e8res industrielles exigeantes, ces rev\u00eatements et plaques de support offrent une excellente r\u00e9sistance aux produits chimiques, une protection contre la rouille et une longue dur\u00e9e de vie. Parfaits pour les goulottes, les r\u00e9ceptacles, les convoyeurs et les plates-formes de camions, ils r\u00e9duisent l'accumulation de produits et l'usure des \u00e9quipements. Leur surface autolubrifiante assure un fonctionnement en douceur sous des tonnes lourdes et des temp\u00e9ratures extr\u00eames. Propos\u00e9es dans des dimensions et des teintes personnalis\u00e9es, les feuilles d'UHMW-PE constituent le choix id\u00e9al pour les services de rev\u00eatement cellulaire commercial et d'assistance \u00e0 la protection de haute performance.<\/p>","protected":false},"excerpt":{"rendered":"<p>Les plaques en UHMW-PE offrent une r\u00e9sistance sup\u00e9rieure \u00e0 l'usure, une faible friction et une grande r\u00e9sistance aux chocs. Id\u00e9ales pour les rev\u00eatements, les supports et la protection industrielle, elles garantissent des performances durables et un fonctionnement sans heurts sous de lourdes charges dans des environnements difficiles.<\/p>","protected":false},"featured_media":1595,"template":"","meta":{"_gspb_post_css":""},"product_brand":[],"product_cat":[15,17],"product_tag":[268,56,267],"class_list":{"0":"post-1594","1":"product","2":"type-product","3":"status-publish","4":"has-post-thumbnail","6":"product_cat-uhmwpe-hdpe-sheets-plates","7":"product_cat-uhmwpe-sheets","8":"product_tag-industrial-plastic","9":"product_tag-uhmwpe-sheet","10":"product_tag-wear-liner","12":"first","13":"instock","14":"shipping-taxable","15":"product-type-simple"},"_links":{"self":[{"href":"https:\/\/uhmwpemanufacture.com\/fr\/wp-json\/wp\/v2\/product\/1594","targetHints":{"allow":["GET"]}}],"collection":[{"href":"https:\/\/uhmwpemanufacture.com\/fr\/wp-json\/wp\/v2\/product"}],"about":[{"href":"https:\/\/uhmwpemanufacture.com\/fr\/wp-json\/wp\/v2\/types\/product"}],"wp:featuredmedia":[{"embeddable":true,"href":"https:\/\/uhmwpemanufacture.com\/fr\/wp-json\/wp\/v2\/media\/1595"}],"wp:attachment":[{"href":"https:\/\/uhmwpemanufacture.com\/fr\/wp-json\/wp\/v2\/media?parent=1594"}],"wp:term":[{"taxonomy":"product_brand","embeddable":true,"href":"https:\/\/uhmwpemanufacture.com\/fr\/wp-json\/wp\/v2\/product_brand?post=1594"},{"taxonomy":"product_cat","embeddable":true,"href":"https:\/\/uhmwpemanufacture.com\/fr\/wp-json\/wp\/v2\/product_cat?post=1594"},{"taxonomy":"product_tag","embeddable":true,"href":"https:\/\/uhmwpemanufacture.com\/fr\/wp-json\/wp\/v2\/product_tag?post=1594"}],"curies":[{"name":"wp","href":"https:\/\/api.w.org\/{rel}","templated":true}]}}