{"id":1599,"date":"2025-10-09T01:45:48","date_gmt":"2025-10-09T01:45:48","guid":{"rendered":"https:\/\/uhmwpemanufacture.com\/?post_type=product&#038;p=1599"},"modified":"2025-10-09T01:45:48","modified_gmt":"2025-10-09T01:45:48","slug":"custom-injection-pp-pe-plastic-nylon-tooling-distributor","status":"publish","type":"product","link":"https:\/\/uhmwpemanufacture.com\/fr\/custom-injection-pp-pe-plastic-nylon-tooling-distributor\/","title":{"rendered":"Distributeur d'outillage d'injection PP PE Plastique Nylon sur mesure"},"content":{"rendered":"<h2>Repr\u00e9sentant de l'outillage PP PE Plastique Nylon sur mesure<\/h2>\n<p>Les pi\u00e8ces d'outillage en PP, PE et nylon inject\u00e9es sur mesure sont con\u00e7ues avec pr\u00e9cision pour r\u00e9pondre \u00e0 divers besoins industriels. Fabriqu\u00e9s \u00e0 l'aide d'une technologie sophistiqu\u00e9e de moulage par injection, ces composants offrent une robustesse, une s\u00e9curit\u00e9 dimensionnelle et une r\u00e9sistance chimique exceptionnelles. Id\u00e9ales pour l'automobile, l'\u00e9quipement, l'\u00e9lectronique et les articles de consommation, elles offrent des performances r\u00e9put\u00e9es et recherch\u00e9es. L'outillage garantit une mise en forme exacte, des tol\u00e9rances serr\u00e9es et une qualit\u00e9 r\u00e9guli\u00e8re tout au long des lots de fabrication. Propos\u00e9es en diff\u00e9rentes couleurs et surfaces, ces pi\u00e8ces en plastique et en nylon sont excellentes pour les conceptions personnalis\u00e9es, les prototypes et les demandes de production en grande quantit\u00e9.<\/p>","protected":false},"excerpt":{"rendered":"<p>Les pi\u00e8ces d'outillage en PP, PE et nylon inject\u00e9es sur mesure offrent une grande solidit\u00e9, une grande pr\u00e9cision et une grande r\u00e9sistance aux produits chimiques. Id\u00e9ales pour les applications dans les secteurs de l'automobile, des machines et de l'\u00e9lectronique, elles garantissent une qualit\u00e9 et une durabilit\u00e9 constantes pour les conceptions personnalis\u00e9es et les besoins de production en s\u00e9rie.<\/p>","protected":false},"featured_media":1600,"template":"","meta":{"_gspb_post_css":""},"product_brand":[],"product_cat":[35],"product_tag":[269,270,271],"class_list":{"0":"post-1599","1":"product","2":"type-product","3":"status-publish","4":"has-post-thumbnail","6":"product_cat-pp-pe-products","7":"product_tag-injection-molding","8":"product_tag-nylon-parts","9":"product_tag-plastic-tooling","11":"first","12":"instock","13":"shipping-taxable","14":"product-type-simple"},"_links":{"self":[{"href":"https:\/\/uhmwpemanufacture.com\/fr\/wp-json\/wp\/v2\/product\/1599","targetHints":{"allow":["GET"]}}],"collection":[{"href":"https:\/\/uhmwpemanufacture.com\/fr\/wp-json\/wp\/v2\/product"}],"about":[{"href":"https:\/\/uhmwpemanufacture.com\/fr\/wp-json\/wp\/v2\/types\/product"}],"wp:featuredmedia":[{"embeddable":true,"href":"https:\/\/uhmwpemanufacture.com\/fr\/wp-json\/wp\/v2\/media\/1600"}],"wp:attachment":[{"href":"https:\/\/uhmwpemanufacture.com\/fr\/wp-json\/wp\/v2\/media?parent=1599"}],"wp:term":[{"taxonomy":"product_brand","embeddable":true,"href":"https:\/\/uhmwpemanufacture.com\/fr\/wp-json\/wp\/v2\/product_brand?post=1599"},{"taxonomy":"product_cat","embeddable":true,"href":"https:\/\/uhmwpemanufacture.com\/fr\/wp-json\/wp\/v2\/product_cat?post=1599"},{"taxonomy":"product_tag","embeddable":true,"href":"https:\/\/uhmwpemanufacture.com\/fr\/wp-json\/wp\/v2\/product_tag?post=1599"}],"curies":[{"name":"wp","href":"https:\/\/api.w.org\/{rel}","templated":true}]}}