{"id":1604,"date":"2025-10-09T01:51:52","date_gmt":"2025-10-09T01:51:52","guid":{"rendered":"https:\/\/uhmwpemanufacture.com\/?post_type=product&#038;p=1604"},"modified":"2025-10-09T01:51:52","modified_gmt":"2025-10-09T01:51:52","slug":"premium-hdpe-synthetic-ice-panels-high-glide-manufacturer","status":"publish","type":"product","link":"https:\/\/uhmwpemanufacture.com\/fr\/premium-hdpe-synthetic-ice-panels-high-glide-manufacturer\/","title":{"rendered":"Panneaux de glace synth\u00e9tiques HDPE Premium High Glide Fabricant"},"content":{"rendered":"<h2>Panneaux de glace synth\u00e9tiques HDPE Premium High Glide Fabricant<\/h2>\n<p>Les panneaux de glace synth\u00e9tique HDPE de Costs sont con\u00e7us pour offrir une exp\u00e9rience de patinage lisse et de haute glisse \u00e9quivalente \u00e0 celle de la glace v\u00e9ritable. Fabriqu\u00e9s \u00e0 partir de poly\u00e9thyl\u00e8ne haute densit\u00e9, ces panneaux offrent une robustesse exceptionnelle, une friction r\u00e9duite et une r\u00e9sistance \u00e0 l'usure, au climat et aux chocs. Parfaits pour les patinoires int\u00e9rieures et ext\u00e9rieures, les centres d'entra\u00eenement et les centres de loisirs, ils permettent de patiner toute l'ann\u00e9e sans r\u00e9frig\u00e9ration. Facile \u00e0 installer et \u00e0 conserver, la disposition des entrelacs permet d'obtenir une surface homog\u00e8ne et une efficacit\u00e9 constante. Parfaits pour le hockey, le patinage \u00e0 num\u00e9ros et les loisirs, ces panneaux de glace artificielle offrent une option de patinage abordable et respectueuse de l'environnement.<\/p>","protected":false},"excerpt":{"rendered":"<p class=\"sr-only\"><span style=\"font-size: 16px;\">Les panneaux de glace synth\u00e9tique HDPE de premi\u00e8re qualit\u00e9 offrent une surface lisse et tr\u00e8s glissante pour le patinage tout au long de l'ann\u00e9e. Durables, r\u00e9sistants aux intemp\u00e9ries et faciles \u00e0 installer, ils offrent des performances de glace r\u00e9alistes pour le hockey, le patinage artistique et l'entra\u00eenement \u00e0 l'int\u00e9rieur ou \u00e0 l'ext\u00e9rieur.<\/span><\/p>","protected":false},"featured_media":1610,"template":"","meta":{"_gspb_post_css":""},"product_brand":[],"product_cat":[29,32],"product_tag":[273,274,272],"class_list":{"0":"post-1604","1":"product","2":"type-product","3":"status-publish","4":"has-post-thumbnail","6":"product_cat-ice-rink-products","7":"product_cat-ice-synthetic-panels","8":"product_tag-hdpe-panels","9":"product_tag-skating-rink","10":"product_tag-synthetic-ice","12":"first","13":"instock","14":"shipping-taxable","15":"product-type-simple"},"_links":{"self":[{"href":"https:\/\/uhmwpemanufacture.com\/fr\/wp-json\/wp\/v2\/product\/1604","targetHints":{"allow":["GET"]}}],"collection":[{"href":"https:\/\/uhmwpemanufacture.com\/fr\/wp-json\/wp\/v2\/product"}],"about":[{"href":"https:\/\/uhmwpemanufacture.com\/fr\/wp-json\/wp\/v2\/types\/product"}],"wp:featuredmedia":[{"embeddable":true,"href":"https:\/\/uhmwpemanufacture.com\/fr\/wp-json\/wp\/v2\/media\/1610"}],"wp:attachment":[{"href":"https:\/\/uhmwpemanufacture.com\/fr\/wp-json\/wp\/v2\/media?parent=1604"}],"wp:term":[{"taxonomy":"product_brand","embeddable":true,"href":"https:\/\/uhmwpemanufacture.com\/fr\/wp-json\/wp\/v2\/product_brand?post=1604"},{"taxonomy":"product_cat","embeddable":true,"href":"https:\/\/uhmwpemanufacture.com\/fr\/wp-json\/wp\/v2\/product_cat?post=1604"},{"taxonomy":"product_tag","embeddable":true,"href":"https:\/\/uhmwpemanufacture.com\/fr\/wp-json\/wp\/v2\/product_tag?post=1604"}],"curies":[{"name":"wp","href":"https:\/\/api.w.org\/{rel}","templated":true}]}}