{"id":1611,"date":"2025-10-09T01:57:02","date_gmt":"2025-10-09T01:57:02","guid":{"rendered":"https:\/\/uhmwpemanufacture.com\/?post_type=product&#038;p=1611"},"modified":"2025-10-09T01:57:02","modified_gmt":"2025-10-09T01:57:02","slug":"ice-skating-wall-synthetic-ice-hockey-rink-flooring-dealer","status":"publish","type":"product","link":"https:\/\/uhmwpemanufacture.com\/fr\/ice-skating-wall-synthetic-ice-hockey-rink-flooring-dealer\/","title":{"rendered":"Mur de patinage sur glace Revendeur de rev\u00eatements synth\u00e9tiques pour patinoire de hockey sur glace"},"content":{"rendered":"<h2>Mur de patinage sur glace Revendeur de rev\u00eatements synth\u00e9tiques pour patinoire de hockey sur glace<\/h2>\n<p>Les syst\u00e8mes de rev\u00eatement de sol et de mur des patinoires synth\u00e9tiques sont con\u00e7us pour reproduire la glace r\u00e9elle pour le patinage professionnel et de loisir. Fabriqu\u00e9s \u00e0 partir de produits polym\u00e8res de haute qualit\u00e9, ces panneaux offrent une glisse, une r\u00e9sistance aux effets et une robustesse exceptionnelles pour un usage int\u00e9rieur et ext\u00e9rieur. La conception des entrelacs garantit une surface homog\u00e8ne et une installation simple, tandis que les obstacles muraux solides am\u00e9liorent la s\u00e9curit\u00e9 de la patinoire. Parfait pour le hockey sur glace, le patinage artistique et les centres d'entra\u00eenement, ce rev\u00eatement de sol offre une efficacit\u00e9 r\u00e9guli\u00e8re dans tous les environnements sans n\u00e9cessiter de r\u00e9frig\u00e9ration, d\u00e9veloppant ainsi un service de patinage respectueux de l'environnement et rentable.<\/p>","protected":false},"excerpt":{"rendered":"<p class=\"sr-only\"><span style=\"font-size: 16px;\">Le rev\u00eatement synth\u00e9tique pour patinoires de hockey avec syst\u00e8mes muraux durables offre une glisse douce, une forte r\u00e9sistance aux chocs et une installation facile. Id\u00e9al pour le hockey, le patinage et l'entra\u00eenement, il offre des performances tout au long de l'ann\u00e9e \u00e0 l'int\u00e9rieur ou \u00e0 l'ext\u00e9rieur sans r\u00e9frig\u00e9ration.<\/span><\/p>","protected":false},"featured_media":1616,"template":"","meta":{"_gspb_post_css":""},"product_brand":[],"product_cat":[29,30],"product_tag":[276,277,275],"class_list":{"0":"post-1611","1":"product","2":"type-product","3":"status-publish","4":"has-post-thumbnail","6":"product_cat-ice-rink-products","7":"product_cat-hockey-ice-rink-dasher-boards","8":"product_tag-hockey-flooring","9":"product_tag-skating-wall-system","10":"product_tag-synthetic-ice-rink","12":"first","13":"instock","14":"shipping-taxable","15":"product-type-simple"},"_links":{"self":[{"href":"https:\/\/uhmwpemanufacture.com\/fr\/wp-json\/wp\/v2\/product\/1611","targetHints":{"allow":["GET"]}}],"collection":[{"href":"https:\/\/uhmwpemanufacture.com\/fr\/wp-json\/wp\/v2\/product"}],"about":[{"href":"https:\/\/uhmwpemanufacture.com\/fr\/wp-json\/wp\/v2\/types\/product"}],"wp:featuredmedia":[{"embeddable":true,"href":"https:\/\/uhmwpemanufacture.com\/fr\/wp-json\/wp\/v2\/media\/1616"}],"wp:attachment":[{"href":"https:\/\/uhmwpemanufacture.com\/fr\/wp-json\/wp\/v2\/media?parent=1611"}],"wp:term":[{"taxonomy":"product_brand","embeddable":true,"href":"https:\/\/uhmwpemanufacture.com\/fr\/wp-json\/wp\/v2\/product_brand?post=1611"},{"taxonomy":"product_cat","embeddable":true,"href":"https:\/\/uhmwpemanufacture.com\/fr\/wp-json\/wp\/v2\/product_cat?post=1611"},{"taxonomy":"product_tag","embeddable":true,"href":"https:\/\/uhmwpemanufacture.com\/fr\/wp-json\/wp\/v2\/product_tag?post=1611"}],"curies":[{"name":"wp","href":"https:\/\/api.w.org\/{rel}","templated":true}]}}