{"id":1617,"date":"2025-10-09T02:00:30","date_gmt":"2025-10-09T02:00:30","guid":{"rendered":"https:\/\/uhmwpemanufacture.com\/?post_type=product&#038;p=1617"},"modified":"2025-10-09T02:00:30","modified_gmt":"2025-10-09T02:00:30","slug":"gravel-road-road-heavy-duty-track-mats-roadway-access-mats","status":"publish","type":"product","link":"https:\/\/uhmwpemanufacture.com\/fr\/gravel-road-road-heavy-duty-track-mats-roadway-access-mats\/","title":{"rendered":"Tapis de gravier Tapis de chenilles robustes Tapis d'acc\u00e8s \u00e0 la route"},"content":{"rendered":"<h2>Route en pierre concass\u00e9e Tapis de roulement robustes Acc\u00e8s \u00e0 l'autoroute Rev\u00eatements de sol<\/h2>\n<p>Les rev\u00eatements de sol pour routes en pierre concass\u00e9e et pour voies ferr\u00e9es \u00e0 usage intensif offrent une s\u00e9curit\u00e9 au sol solide, stable et recyclable pour les \u00e9quipements lourds et les camions. Fabriqu\u00e9s en poly\u00e9thyl\u00e8ne haute densit\u00e9 (PEHD), ces rev\u00eatements de sol pour acc\u00e8s aux autoroutes sont con\u00e7us pour r\u00e9sister \u00e0 des charges extr\u00eames, arr\u00eater les d\u00e9g\u00e2ts au sol et garantir un passage sans risque sur des surfaces molles ou irr\u00e9guli\u00e8res. Id\u00e9aux pour les sites de construction, les champs p\u00e9trolif\u00e8res, les occasions et les autoroutes temporaires, ils comprennent des surfaces antid\u00e9rapantes et des liens d'embo\u00eetement faciles pour une installation rapide. Durables, r\u00e9sistants aux intemp\u00e9ries et faciles \u00e0 nettoyer, ces rev\u00eatements de sol constituent une option fiable pour cr\u00e9er des surfaces de travail stables dans des environnements difficiles.<\/p>","protected":false},"excerpt":{"rendered":"<p>Les tapis de gravier robustes offrent une protection solide et stable pour les v\u00e9hicules et les \u00e9quipements lourds. Fabriqu\u00e9s en PEHD durable, ils r\u00e9sistent aux chocs, aux intemp\u00e9ries et \u00e0 l'usure. Ils sont id\u00e9aux pour la construction, les champs p\u00e9trolif\u00e8res et les voies d'acc\u00e8s temporaires.<\/p>","protected":false},"featured_media":1619,"template":"","meta":{"_gspb_post_css":""},"product_brand":[],"product_cat":[24,27],"product_tag":[139,200,278],"class_list":{"0":"post-1617","1":"product","2":"type-product","3":"status-publish","4":"has-post-thumbnail","6":"product_cat-ground-protection-road-mats","7":"product_cat-dura-mats","8":"product_tag-ground-protection","9":"product_tag-hdpe-track-mats","10":"product_tag-road-mats","12":"first","13":"instock","14":"shipping-taxable","15":"product-type-simple"},"_links":{"self":[{"href":"https:\/\/uhmwpemanufacture.com\/fr\/wp-json\/wp\/v2\/product\/1617","targetHints":{"allow":["GET"]}}],"collection":[{"href":"https:\/\/uhmwpemanufacture.com\/fr\/wp-json\/wp\/v2\/product"}],"about":[{"href":"https:\/\/uhmwpemanufacture.com\/fr\/wp-json\/wp\/v2\/types\/product"}],"wp:featuredmedia":[{"embeddable":true,"href":"https:\/\/uhmwpemanufacture.com\/fr\/wp-json\/wp\/v2\/media\/1619"}],"wp:attachment":[{"href":"https:\/\/uhmwpemanufacture.com\/fr\/wp-json\/wp\/v2\/media?parent=1617"}],"wp:term":[{"taxonomy":"product_brand","embeddable":true,"href":"https:\/\/uhmwpemanufacture.com\/fr\/wp-json\/wp\/v2\/product_brand?post=1617"},{"taxonomy":"product_cat","embeddable":true,"href":"https:\/\/uhmwpemanufacture.com\/fr\/wp-json\/wp\/v2\/product_cat?post=1617"},{"taxonomy":"product_tag","embeddable":true,"href":"https:\/\/uhmwpemanufacture.com\/fr\/wp-json\/wp\/v2\/product_tag?post=1617"}],"curies":[{"name":"wp","href":"https:\/\/api.w.org\/{rel}","templated":true}]}}