{"id":1620,"date":"2025-10-09T02:39:18","date_gmt":"2025-10-09T02:39:18","guid":{"rendered":"https:\/\/uhmwpemanufacture.com\/?post_type=product&#038;p=1620"},"modified":"2025-10-09T02:39:18","modified_gmt":"2025-10-09T02:39:18","slug":"hdpe-lightweight-ground-traction-ground-protection-base-mats","status":"publish","type":"product","link":"https:\/\/uhmwpemanufacture.com\/fr\/hdpe-lightweight-ground-traction-ground-protection-base-mats\/","title":{"rendered":"Tapis de base de protection du sol \u00e0 traction l\u00e9g\u00e8re HDPE"},"content":{"rendered":"<h2>Tapis de base de s\u00e9curit\u00e9 au sol HDPE Lightweight Ground Grip<\/h2>\n<p>Les tapis de protection du sol l\u00e9gers en PEHD sont con\u00e7us pour fournir un support solide et s\u00fbr aux automobiles et aux \u00e9quipements sur des surfaces molles ou in\u00e9gales. Fabriqu\u00e9s en poly\u00e9thyl\u00e8ne haute densit\u00e9, ces rev\u00eatements de sol pr\u00e9sentent une surface de traction antid\u00e9rapante qui assure la s\u00e9curit\u00e9 et pr\u00e9vient les dommages au sol. Ils sont robustes, r\u00e9sistants aux intemp\u00e9ries et faciles \u00e0 mettre en place, ce qui les rend appropri\u00e9s pour le b\u00e2timent et la construction, les \u00e9v\u00e9nements et les voies d'acc\u00e8s de courte dur\u00e9e. Leur l\u00e9g\u00e8ret\u00e9 permet une configuration et un transport rapides, tandis que le syst\u00e8me d'embo\u00eetement offre une connexion s\u00fbre et s\u00e9curis\u00e9e pour des surfaces de travail stables. Parfaites pour prot\u00e9ger les pelouses, les roches concass\u00e9es ou les sols dans des atmosph\u00e8res exigeantes.<\/p>","protected":false},"excerpt":{"rendered":"<p>Les tapis l\u00e9gers de protection du sol en PEHD offrent un support stable et antid\u00e9rapant aux v\u00e9hicules et aux \u00e9quipements. Durables, r\u00e9utilisables et faciles \u00e0 installer, ils pr\u00e9viennent les dommages au sol sur les chantiers de construction, les \u00e9v\u00e9nements et les terrains meubles. Id\u00e9al pour les routes temporaires et les zones de travail.<\/p>","protected":false},"featured_media":1622,"template":"","meta":{"_gspb_post_css":""},"product_brand":[],"product_cat":[24,26],"product_tag":[72,279,280],"class_list":{"0":"post-1620","1":"product","2":"type-product","3":"status-publish","4":"has-post-thumbnail","6":"product_cat-ground-protection-road-mats","7":"product_cat-base-mats","8":"product_tag-ground-protection-mats","9":"product_tag-hdpe-base-mats","10":"product_tag-traction-mats","12":"first","13":"instock","14":"shipping-taxable","15":"product-type-simple"},"_links":{"self":[{"href":"https:\/\/uhmwpemanufacture.com\/fr\/wp-json\/wp\/v2\/product\/1620","targetHints":{"allow":["GET"]}}],"collection":[{"href":"https:\/\/uhmwpemanufacture.com\/fr\/wp-json\/wp\/v2\/product"}],"about":[{"href":"https:\/\/uhmwpemanufacture.com\/fr\/wp-json\/wp\/v2\/types\/product"}],"wp:featuredmedia":[{"embeddable":true,"href":"https:\/\/uhmwpemanufacture.com\/fr\/wp-json\/wp\/v2\/media\/1622"}],"wp:attachment":[{"href":"https:\/\/uhmwpemanufacture.com\/fr\/wp-json\/wp\/v2\/media?parent=1620"}],"wp:term":[{"taxonomy":"product_brand","embeddable":true,"href":"https:\/\/uhmwpemanufacture.com\/fr\/wp-json\/wp\/v2\/product_brand?post=1620"},{"taxonomy":"product_cat","embeddable":true,"href":"https:\/\/uhmwpemanufacture.com\/fr\/wp-json\/wp\/v2\/product_cat?post=1620"},{"taxonomy":"product_tag","embeddable":true,"href":"https:\/\/uhmwpemanufacture.com\/fr\/wp-json\/wp\/v2\/product_tag?post=1620"}],"curies":[{"name":"wp","href":"https:\/\/api.w.org\/{rel}","templated":true}]}}