{"id":1625,"date":"2025-10-09T02:46:57","date_gmt":"2025-10-09T02:46:57","guid":{"rendered":"https:\/\/uhmwpemanufacture.com\/?post_type=product&#038;p=1625"},"modified":"2025-10-09T02:46:57","modified_gmt":"2025-10-09T02:46:57","slug":"hdpe-polyethylene-borated-board-uhmwpe-sheet-plastic-sheets","status":"publish","type":"product","link":"https:\/\/uhmwpemanufacture.com\/fr\/hdpe-polyethylene-borated-board-uhmwpe-sheet-plastic-sheets\/","title":{"rendered":"HDPE Polyethylene Borated Board UHMWPE Sheet Feuilles en plastique"},"content":{"rendered":"<h2>HDPE Polyethylene Borated Board UHMWPE Sheet Feuilles en plastique<\/h2>\n<p>Les plaques bor\u00e9es en poly\u00e9thyl\u00e8ne HDPE et les plaques UHMWPE sont con\u00e7ues pour offrir une robustesse, une r\u00e9sistance \u00e0 l'usure et une protection contre les rayonnements remarquables. Infus\u00e9es de bore, ces feuilles offrent une superbe absorption des neutrons, ce qui les rend excellentes pour les applications nucl\u00e9aires, cliniques et de protection. Leur friction r\u00e9duite, leur haute r\u00e9sistance aux effets et leur s\u00e9curit\u00e9 chimique garantissent une r\u00e9silience durable dans des conditions difficiles. Faciles \u00e0 usiner et \u00e0 fabriquer, elles conviennent au rev\u00eatement, au blindage et \u00e0 la protection structurelle. Propos\u00e9es dans des densit\u00e9s et des dimensions personnalis\u00e9es, ces feuilles de plastique offrent des performances r\u00e9put\u00e9es avec des propri\u00e9t\u00e9s de s\u00e9curit\u00e9 et de r\u00e9sistance m\u00e9canique exceptionnelles.<\/p>","protected":false},"excerpt":{"rendered":"<p>Les plaques bor\u00e9es en poly\u00e9thyl\u00e8ne HDPE et les plaques UHMWPE offrent une excellente r\u00e9sistance \u00e0 l'usure, une grande solidit\u00e9 et un blindage contre les radiations. Id\u00e9ales pour les applications m\u00e9dicales, nucl\u00e9aires et industrielles, elles offrent une faible friction, des performances \u00e9lev\u00e9es en mati\u00e8re d'impact et une stabilit\u00e9 chimique pour une protection \u00e0 long terme.<\/p>","protected":false},"featured_media":1629,"template":"","meta":{"_gspb_post_css":""},"product_brand":[],"product_cat":[15,19],"product_tag":[281,260,56],"class_list":{"0":"post-1625","1":"product","2":"type-product","3":"status-publish","4":"has-post-thumbnail","6":"product_cat-uhmwpe-hdpe-sheets-plates","7":"product_cat-lead-boron-polyethylene-plates","8":"product_tag-borated-polyethylene","9":"product_tag-radiation-shielding","10":"product_tag-uhmwpe-sheet","12":"first","13":"instock","14":"shipping-taxable","15":"product-type-simple"},"_links":{"self":[{"href":"https:\/\/uhmwpemanufacture.com\/fr\/wp-json\/wp\/v2\/product\/1625","targetHints":{"allow":["GET"]}}],"collection":[{"href":"https:\/\/uhmwpemanufacture.com\/fr\/wp-json\/wp\/v2\/product"}],"about":[{"href":"https:\/\/uhmwpemanufacture.com\/fr\/wp-json\/wp\/v2\/types\/product"}],"wp:featuredmedia":[{"embeddable":true,"href":"https:\/\/uhmwpemanufacture.com\/fr\/wp-json\/wp\/v2\/media\/1629"}],"wp:attachment":[{"href":"https:\/\/uhmwpemanufacture.com\/fr\/wp-json\/wp\/v2\/media?parent=1625"}],"wp:term":[{"taxonomy":"product_brand","embeddable":true,"href":"https:\/\/uhmwpemanufacture.com\/fr\/wp-json\/wp\/v2\/product_brand?post=1625"},{"taxonomy":"product_cat","embeddable":true,"href":"https:\/\/uhmwpemanufacture.com\/fr\/wp-json\/wp\/v2\/product_cat?post=1625"},{"taxonomy":"product_tag","embeddable":true,"href":"https:\/\/uhmwpemanufacture.com\/fr\/wp-json\/wp\/v2\/product_tag?post=1625"}],"curies":[{"name":"wp","href":"https:\/\/api.w.org\/{rel}","templated":true}]}}