{"id":1630,"date":"2025-10-09T02:51:32","date_gmt":"2025-10-09T02:51:32","guid":{"rendered":"https:\/\/uhmwpemanufacture.com\/?post_type=product&#038;p=1630"},"modified":"2025-10-09T02:51:32","modified_gmt":"2025-10-09T02:51:32","slug":"high-density-ultra-high-molecular-weight-nylon-plates-dealer","status":"publish","type":"product","link":"https:\/\/uhmwpemanufacture.com\/fr\/high-density-ultra-high-molecular-weight-nylon-plates-dealer\/","title":{"rendered":"Plaques de nylon haute densit\u00e9 \u00e0 poids mol\u00e9culaire ultra-\u00e9lev\u00e9 Revendeur"},"content":{"rendered":"<h2>Plaques de nylon haute densit\u00e9 \u00e0 poids mol\u00e9culaire ultra-\u00e9lev\u00e9<\/h2>\n<p>Les plaques de nylon haute densit\u00e9 \u00e0 poids mol\u00e9culaire ultra-\u00e9lev\u00e9 sont cr\u00e9\u00e9es pour offrir une r\u00e9sistance m\u00e9canique, une r\u00e9sistance \u00e0 l'usure et une long\u00e9vit\u00e9 aux chocs de premier ordre. Ces plaques allient la robustesse du nylon aux performances des plastiques de conception, ce qui les rend optimales pour les \u00e9quipements, les rouleaux, les bagues et les pi\u00e8ces architecturales. Dot\u00e9es d'une r\u00e9sistance chimique exceptionnelle, de propri\u00e9t\u00e9s autolubrifiantes et d'une s\u00e9curit\u00e9 dimensionnelle, elles fonctionnent de mani\u00e8re fiable sous de lourdes charges et \u00e0 des temp\u00e9ratures \u00e9lev\u00e9es. Faciles \u00e0 mettre en \u0153uvre et disponibles en diff\u00e9rentes densit\u00e9s et couleurs, ces plaques de nylon sont largement utilis\u00e9es dans les applications industrielles, automobiles et m\u00e9caniques pour des solutions r\u00e9silientes et performantes.<\/p>","protected":false},"excerpt":{"rendered":"<p>Les plaques de nylon haute densit\u00e9 \u00e0 poids mol\u00e9culaire ultra-\u00e9lev\u00e9 offrent une solidit\u00e9, une r\u00e9sistance \u00e0 l'usure et une durabilit\u00e9 aux chocs exceptionnelles. Id\u00e9ales pour les engrenages, les rouleaux et les bagues, elles garantissent des performances stables et durables dans les applications m\u00e9caniques et industrielles soumises \u00e0 de lourdes charges.<\/p>","protected":false},"featured_media":1631,"template":"","meta":{"_gspb_post_css":""},"product_brand":[],"product_cat":[23],"product_tag":[71,105,282],"class_list":{"0":"post-1630","1":"product","2":"type-product","3":"status-publish","4":"has-post-thumbnail","6":"product_cat-nylon-sheets","7":"product_tag-engineering-plastic","8":"product_tag-nylon-plate","9":"product_tag-uhmw-nylon","11":"first","12":"instock","13":"shipping-taxable","14":"product-type-simple"},"_links":{"self":[{"href":"https:\/\/uhmwpemanufacture.com\/fr\/wp-json\/wp\/v2\/product\/1630","targetHints":{"allow":["GET"]}}],"collection":[{"href":"https:\/\/uhmwpemanufacture.com\/fr\/wp-json\/wp\/v2\/product"}],"about":[{"href":"https:\/\/uhmwpemanufacture.com\/fr\/wp-json\/wp\/v2\/types\/product"}],"wp:featuredmedia":[{"embeddable":true,"href":"https:\/\/uhmwpemanufacture.com\/fr\/wp-json\/wp\/v2\/media\/1631"}],"wp:attachment":[{"href":"https:\/\/uhmwpemanufacture.com\/fr\/wp-json\/wp\/v2\/media?parent=1630"}],"wp:term":[{"taxonomy":"product_brand","embeddable":true,"href":"https:\/\/uhmwpemanufacture.com\/fr\/wp-json\/wp\/v2\/product_brand?post=1630"},{"taxonomy":"product_cat","embeddable":true,"href":"https:\/\/uhmwpemanufacture.com\/fr\/wp-json\/wp\/v2\/product_cat?post=1630"},{"taxonomy":"product_tag","embeddable":true,"href":"https:\/\/uhmwpemanufacture.com\/fr\/wp-json\/wp\/v2\/product_tag?post=1630"}],"curies":[{"name":"wp","href":"https:\/\/api.w.org\/{rel}","templated":true}]}}