{"id":1644,"date":"2025-10-09T02:59:16","date_gmt":"2025-10-09T02:59:16","guid":{"rendered":"https:\/\/uhmwpemanufacture.com\/?post_type=product&#038;p=1644"},"modified":"2025-10-09T02:59:16","modified_gmt":"2025-10-09T02:59:16","slug":"wholesale-polyethylene-shock-resistance-uhmwpe-sheet-dealer","status":"publish","type":"product","link":"https:\/\/uhmwpemanufacture.com\/fr\/wholesale-polyethylene-shock-resistance-uhmwpe-sheet-dealer\/","title":{"rendered":"Revendeur en gros de feuilles de poly\u00e9thyl\u00e8ne Uhmwpe r\u00e9sistantes aux chocs"},"content":{"rendered":"<h2>Fournisseur en gros de feuilles de poly\u00e9thyl\u00e8ne UHMWPE r\u00e9sistantes aux chocs<\/h2>\n<p>Les feuilles de poly\u00e9thyl\u00e8ne UHMWPE sont con\u00e7ues pour offrir une r\u00e9sistance sup\u00e9rieure aux chocs, une r\u00e9silience et une faible efficacit\u00e9 de frottement. Fabriqu\u00e9es \u00e0 partir de poly\u00e9thyl\u00e8ne \u00e0 tr\u00e8s haut poids mol\u00e9culaire, ces feuilles offrent une superbe r\u00e9sistance \u00e0 l'usure, une grande t\u00e9nacit\u00e9 et une grande stabilit\u00e9 chimique, ce qui les rend id\u00e9ales pour les applications industrielles lourdes. Parfaites pour les rev\u00eatements, les pare-chocs, les composants de machines et les panneaux de protection, elles minimisent les frottements, les bruits et l'usure des \u00e9quipements. Insensibles \u00e0 l'humidit\u00e9, \u00e0 la rouille et aux temp\u00e9ratures extr\u00eames, les feuilles d'UHMWPE garantissent une longue dur\u00e9e de vie et une efficacit\u00e9 constante. Disponibles en diff\u00e9rentes dimensions et couleurs pour les demandes de production en gros et personnalis\u00e9es.<\/p>","protected":false},"excerpt":{"rendered":"<p>Les feuilles de poly\u00e9thyl\u00e8ne UHMWPE offrent une excellente r\u00e9sistance aux chocs, une durabilit\u00e9 \u00e0 l'usure et une faible friction pour un usage industriel. Id\u00e9ales pour les rev\u00eatements, les pare-chocs et les pi\u00e8ces de machines, elles r\u00e9sistent aux chocs, \u00e0 l'humidit\u00e9 et \u00e0 la corrosion, garantissant des performances fiables \u00e0 long terme dans des environnements exigeants.<\/p>","protected":false},"featured_media":1645,"template":"","meta":{"_gspb_post_css":""},"product_brand":[],"product_cat":[15,17],"product_tag":[283,284,56],"class_list":{"0":"post-1644","1":"product","2":"type-product","3":"status-publish","4":"has-post-thumbnail","6":"product_cat-uhmwpe-hdpe-sheets-plates","7":"product_cat-uhmwpe-sheets","8":"product_tag-polyethylene-plate","9":"product_tag-shock-resistant-plastic","10":"product_tag-uhmwpe-sheet","12":"first","13":"instock","14":"shipping-taxable","15":"product-type-simple"},"_links":{"self":[{"href":"https:\/\/uhmwpemanufacture.com\/fr\/wp-json\/wp\/v2\/product\/1644","targetHints":{"allow":["GET"]}}],"collection":[{"href":"https:\/\/uhmwpemanufacture.com\/fr\/wp-json\/wp\/v2\/product"}],"about":[{"href":"https:\/\/uhmwpemanufacture.com\/fr\/wp-json\/wp\/v2\/types\/product"}],"wp:featuredmedia":[{"embeddable":true,"href":"https:\/\/uhmwpemanufacture.com\/fr\/wp-json\/wp\/v2\/media\/1645"}],"wp:attachment":[{"href":"https:\/\/uhmwpemanufacture.com\/fr\/wp-json\/wp\/v2\/media?parent=1644"}],"wp:term":[{"taxonomy":"product_brand","embeddable":true,"href":"https:\/\/uhmwpemanufacture.com\/fr\/wp-json\/wp\/v2\/product_brand?post=1644"},{"taxonomy":"product_cat","embeddable":true,"href":"https:\/\/uhmwpemanufacture.com\/fr\/wp-json\/wp\/v2\/product_cat?post=1644"},{"taxonomy":"product_tag","embeddable":true,"href":"https:\/\/uhmwpemanufacture.com\/fr\/wp-json\/wp\/v2\/product_tag?post=1644"}],"curies":[{"name":"wp","href":"https:\/\/api.w.org\/{rel}","templated":true}]}}