{"id":1654,"date":"2025-10-09T03:08:50","date_gmt":"2025-10-09T03:08:50","guid":{"rendered":"https:\/\/uhmwpemanufacture.com\/?post_type=product&#038;p=1654"},"modified":"2025-10-09T03:08:50","modified_gmt":"2025-10-09T03:08:50","slug":"uhmwpe-hdpe-plastic-thick-hockeyicerink-dasher-boards","status":"publish","type":"product","link":"https:\/\/uhmwpemanufacture.com\/fr\/uhmwpe-hdpe-plastic-thick-hockeyicerink-dasher-boards\/","title":{"rendered":"Uhmwpe Plastique HDPE Epais Hockey(Ice)rink dasher boards"},"content":{"rendered":"<h2>Plastique UHMWPE HDPE Plaque \u00e9paisse pour patinoire de hockey (glace)<\/h2>\n<p>Les panneaux dasher en plastique \u00e9pais UHMWPE et HDPE sont con\u00e7us pour offrir une grande durabilit\u00e9, une r\u00e9sistance aux influences et une efficacit\u00e9 sans faille dans les patinoires de glace et de hockey. Cr\u00e9\u00e9es pour r\u00e9sister aux collisions \u00e0 fort impact, ces plaques offrent une excellente polyvalence, une r\u00e9sistance aux intemp\u00e9ries et une surface constante pour un jeu tr\u00e9pidant. Leur surface antiadh\u00e9sive et \u00e0 faible friction garantit un mouvement fluide du palet et un entretien tr\u00e8s facile. Id\u00e9ales pour les secteurs sp\u00e9cialis\u00e9s, les centres d'entra\u00eenement et les patinoires de loisirs, elles offrent une int\u00e9grit\u00e9 r\u00e9siliente \u00e0 l'int\u00e9rieur comme \u00e0 l'ext\u00e9rieur. L\u00e9gers mais solides, ces panneaux offrent une installation et une personnalisation tr\u00e8s faciles pour les syst\u00e8mes de patinoires mobiles ou \u00e0 long terme.<\/p>","protected":false},"excerpt":{"rendered":"<p>Les panneaux de dames pour patinoires de hockey en UHMWPE et HDPE \u00e9pais offrent une grande r\u00e9sistance aux chocs, une bonne glisse de la rondelle et une durabilit\u00e9 \u00e0 long terme. Id\u00e9ales pour les patinoires, les centres d'entra\u00eenement et les ar\u00e8nes, elles garantissent s\u00e9curit\u00e9, solidit\u00e9 et facilit\u00e9 d'installation pour une utilisation en int\u00e9rieur comme en ext\u00e9rieur.<\/p>","protected":false},"featured_media":1656,"template":"","meta":{"_gspb_post_css":""},"product_brand":[],"product_cat":[29,30],"product_tag":[288,81,289],"class_list":{"0":"post-1654","1":"product","2":"type-product","3":"status-publish","4":"has-post-thumbnail","6":"product_cat-ice-rink-products","7":"product_cat-hockey-ice-rink-dasher-boards","8":"product_tag-hdpe-rink-boards","9":"product_tag-hockey-dasher-boards","10":"product_tag-uhmwpe-panels","12":"first","13":"instock","14":"shipping-taxable","15":"product-type-simple"},"_links":{"self":[{"href":"https:\/\/uhmwpemanufacture.com\/fr\/wp-json\/wp\/v2\/product\/1654","targetHints":{"allow":["GET"]}}],"collection":[{"href":"https:\/\/uhmwpemanufacture.com\/fr\/wp-json\/wp\/v2\/product"}],"about":[{"href":"https:\/\/uhmwpemanufacture.com\/fr\/wp-json\/wp\/v2\/types\/product"}],"wp:featuredmedia":[{"embeddable":true,"href":"https:\/\/uhmwpemanufacture.com\/fr\/wp-json\/wp\/v2\/media\/1656"}],"wp:attachment":[{"href":"https:\/\/uhmwpemanufacture.com\/fr\/wp-json\/wp\/v2\/media?parent=1654"}],"wp:term":[{"taxonomy":"product_brand","embeddable":true,"href":"https:\/\/uhmwpemanufacture.com\/fr\/wp-json\/wp\/v2\/product_brand?post=1654"},{"taxonomy":"product_cat","embeddable":true,"href":"https:\/\/uhmwpemanufacture.com\/fr\/wp-json\/wp\/v2\/product_cat?post=1654"},{"taxonomy":"product_tag","embeddable":true,"href":"https:\/\/uhmwpemanufacture.com\/fr\/wp-json\/wp\/v2\/product_tag?post=1654"}],"curies":[{"name":"wp","href":"https:\/\/api.w.org\/{rel}","templated":true}]}}