{"id":1661,"date":"2025-10-09T06:14:31","date_gmt":"2025-10-09T06:14:31","guid":{"rendered":"https:\/\/uhmwpemanufacture.com\/?post_type=product&#038;p=1661"},"modified":"2025-10-09T06:14:31","modified_gmt":"2025-10-09T06:14:31","slug":"uhmwpe-paving-board-ground-protection-panel-dura-mats-dealer","status":"publish","type":"product","link":"https:\/\/uhmwpemanufacture.com\/fr\/uhmwpe-paving-board-ground-protection-panel-dura-mats-dealer\/","title":{"rendered":"Panneau de protection du sol Uhmwpe Paving Board Dura Mats Dealer"},"content":{"rendered":"<h2>Uhmwpe Paving Board Ground Defense Panel Dura Mats Dealership<\/h2>\n<p>Les panneaux de pavage Uhmwpe sont con\u00e7us pour assurer une protection solide des sols dans les secteurs de la construction, des champs p\u00e9trolif\u00e8res et des sites occasionnels. Ces tapis Dura sont fabriqu\u00e9s \u00e0 partir de poly\u00e9thyl\u00e8ne \u00e0 tr\u00e8s haut poids mol\u00e9culaire, ce qui leur conf\u00e8re une solidit\u00e9, une r\u00e9sistance aux chocs et une adaptabilit\u00e9 remarquables. Leur surface rubis antid\u00e9rapante assure une traction s\u00fbre pour les camions et les machines sur des surfaces molles ou in\u00e9gales. L\u00e9gers mais robustes, ils sont faciles \u00e0 installer, r\u00e9utilisables et insensibles \u00e0 l'eau, \u00e0 la corrosion et aux temp\u00e9ratures extr\u00eames. Parfaits pour cr\u00e9er des routes temporaires, des syst\u00e8mes de travail ou des parcours d'accessibilit\u00e9, ces panneaux offrent une s\u00e9curit\u00e9 de surface fiable et une efficacit\u00e9 durable, des atmosph\u00e8res recherch\u00e9es.<\/p>","protected":false},"excerpt":{"rendered":"<p>Les panneaux de pavage durables en UHMWPE offrent une protection robuste pour les v\u00e9hicules et les machines sur des surfaces molles ou irr\u00e9guli\u00e8res. Con\u00e7us avec une texture diamant\u00e9e antid\u00e9rapante, ces tapis Dura sont l\u00e9gers, r\u00e9utilisables et r\u00e9sistants aux chocs, \u00e0 la corrosion et aux intemp\u00e9ries. Ils sont id\u00e9aux pour les zones de construction et de travail en ext\u00e9rieur.<\/p>","protected":false},"featured_media":1677,"template":"","meta":{"_gspb_post_css":""},"product_brand":[],"product_cat":[24,27],"product_tag":[295,296,138],"class_list":{"0":"post-1661","1":"product","2":"type-product","3":"status-publish","4":"has-post-thumbnail","6":"product_cat-ground-protection-road-mats","7":"product_cat-dura-mats","8":"product_tag-ground-protection-board","9":"product_tag-temporary-road-panel","10":"product_tag-uhmwpe-mats","12":"first","13":"instock","14":"shipping-taxable","15":"product-type-simple"},"_links":{"self":[{"href":"https:\/\/uhmwpemanufacture.com\/fr\/wp-json\/wp\/v2\/product\/1661","targetHints":{"allow":["GET"]}}],"collection":[{"href":"https:\/\/uhmwpemanufacture.com\/fr\/wp-json\/wp\/v2\/product"}],"about":[{"href":"https:\/\/uhmwpemanufacture.com\/fr\/wp-json\/wp\/v2\/types\/product"}],"wp:featuredmedia":[{"embeddable":true,"href":"https:\/\/uhmwpemanufacture.com\/fr\/wp-json\/wp\/v2\/media\/1677"}],"wp:attachment":[{"href":"https:\/\/uhmwpemanufacture.com\/fr\/wp-json\/wp\/v2\/media?parent=1661"}],"wp:term":[{"taxonomy":"product_brand","embeddable":true,"href":"https:\/\/uhmwpemanufacture.com\/fr\/wp-json\/wp\/v2\/product_brand?post=1661"},{"taxonomy":"product_cat","embeddable":true,"href":"https:\/\/uhmwpemanufacture.com\/fr\/wp-json\/wp\/v2\/product_cat?post=1661"},{"taxonomy":"product_tag","embeddable":true,"href":"https:\/\/uhmwpemanufacture.com\/fr\/wp-json\/wp\/v2\/product_tag?post=1661"}],"curies":[{"name":"wp","href":"https:\/\/api.w.org\/{rel}","templated":true}]}}