{"id":1662,"date":"2025-10-09T04:01:23","date_gmt":"2025-10-09T04:01:23","guid":{"rendered":"https:\/\/uhmwpemanufacture.com\/?post_type=product&#038;p=1662"},"modified":"2025-10-09T04:01:23","modified_gmt":"2025-10-09T04:01:23","slug":"uhmwpe-dura-hdpe-rig-mats-temporary-paving-board-supplier","status":"publish","type":"product","link":"https:\/\/uhmwpemanufacture.com\/fr\/uhmwpe-dura-hdpe-rig-mats-temporary-paving-board-supplier\/","title":{"rendered":"Uhmwpe Dura HDPE Rig Mats Temporary Paving Board Supplier"},"content":{"rendered":"<h2>Uhmwpe Dura HDPE Rig Mats - Option de pavage temporaire de longue dur\u00e9e<\/h2>\n<p>Les rev\u00eatements de sol pour plates-formes Uhmwpe Dura HDPE constituent une surface solide et recyclable pour les autoroutes \u00e0 usage intensif et \u00e0 courte dur\u00e9e de vie, l'acc\u00e8s aux chantiers et le soutien des machines. Fabriqu\u00e9s en poly\u00e9thyl\u00e8ne haute densit\u00e9, ces tapis r\u00e9sistent \u00e0 la rouille, aux produits chimiques et aux conditions climatiques difficiles. Leur surface rubis distinctive garantit une adh\u00e9rence exceptionnelle, tandis que les gestions d\u00e9coup\u00e9es avec pr\u00e9cision permettent un transport et une installation faciles. Convenant aux secteurs du b\u00e2timent et de la construction, aux champs p\u00e9trolif\u00e8res et aux \u00e9v\u00e9nements ext\u00e9rieurs, ces panneaux orange, \u00e9cologiques et rouges dynamiques allient robustesse, flexibilit\u00e9 et longue dur\u00e9e de vie pour une s\u00e9curit\u00e9 au sol digne de confiance.<\/p>","protected":false},"excerpt":{"rendered":"<p>Les tapis de forage en PEHD \u00e0 haute r\u00e9sistance fournissent des routes temporaires stables et des plates-formes de travail pour la construction, les champs p\u00e9trolif\u00e8res et les \u00e9v\u00e9nements. R\u00e9sistantes aux chocs, \u00e0 la corrosion et aux temp\u00e9ratures extr\u00eames, ces planches color\u00e9es assurent une traction fiable et une installation facile pour une protection tout-terrain.<\/p>","protected":false},"featured_media":1665,"template":"","meta":{"_gspb_post_css":""},"product_brand":[],"product_cat":[24,27],"product_tag":[139,290,291],"class_list":{"0":"post-1662","1":"product","2":"type-product","3":"status-publish","4":"has-post-thumbnail","6":"product_cat-ground-protection-road-mats","7":"product_cat-dura-mats","8":"product_tag-ground-protection","9":"product_tag-hdpe-rig-mats","10":"product_tag-temporary-paving-board","12":"first","13":"instock","14":"shipping-taxable","15":"product-type-simple"},"_links":{"self":[{"href":"https:\/\/uhmwpemanufacture.com\/fr\/wp-json\/wp\/v2\/product\/1662","targetHints":{"allow":["GET"]}}],"collection":[{"href":"https:\/\/uhmwpemanufacture.com\/fr\/wp-json\/wp\/v2\/product"}],"about":[{"href":"https:\/\/uhmwpemanufacture.com\/fr\/wp-json\/wp\/v2\/types\/product"}],"wp:featuredmedia":[{"embeddable":true,"href":"https:\/\/uhmwpemanufacture.com\/fr\/wp-json\/wp\/v2\/media\/1665"}],"wp:attachment":[{"href":"https:\/\/uhmwpemanufacture.com\/fr\/wp-json\/wp\/v2\/media?parent=1662"}],"wp:term":[{"taxonomy":"product_brand","embeddable":true,"href":"https:\/\/uhmwpemanufacture.com\/fr\/wp-json\/wp\/v2\/product_brand?post=1662"},{"taxonomy":"product_cat","embeddable":true,"href":"https:\/\/uhmwpemanufacture.com\/fr\/wp-json\/wp\/v2\/product_cat?post=1662"},{"taxonomy":"product_tag","embeddable":true,"href":"https:\/\/uhmwpemanufacture.com\/fr\/wp-json\/wp\/v2\/product_tag?post=1662"}],"curies":[{"name":"wp","href":"https:\/\/api.w.org\/{rel}","templated":true}]}}