{"id":1666,"date":"2025-10-09T06:07:39","date_gmt":"2025-10-09T06:07:39","guid":{"rendered":"https:\/\/uhmwpemanufacture.com\/?post_type=product&#038;p=1666"},"modified":"2025-10-09T06:07:39","modified_gmt":"2025-10-09T06:07:39","slug":"uhmwpe-hockey-rink-dasher-board-custom-cut-pe-wholesaler","status":"publish","type":"product","link":"https:\/\/uhmwpemanufacture.com\/fr\/uhmwpe-hockey-rink-dasher-board-custom-cut-pe-wholesaler\/","title":{"rendered":"UHMWPE Hockey Rink Dasher Board Custom Cut PE Wholesaler"},"content":{"rendered":"<h2>UHMWPE Hockey Rink Dasher Board Custom Cut PE Wholesaler<\/h2>\n<p>Les panneaux de hockey UHMWPE sont con\u00e7us pour les terrains professionnels et de loisirs, et offrent une robustesse et une r\u00e9sistance aux chocs remarquables. Fabriqu\u00e9es en poly\u00e9thyl\u00e8ne \u00e0 tr\u00e8s haut poids mol\u00e9culaire, ces bandes offrent une surface lisse et anti-adh\u00e9rente qui r\u00e9duit le frottement du palet et le risque de blessure des joueurs. La d\u00e9coupe sur mesure permet une installation flexible pour les patinoires int\u00e9rieures et ext\u00e9rieures. R\u00e9sistants aux intemp\u00e9ries et aux fissures, ces panneaux en PE garantissent une utilisation durable dans des environnements exigeants, ce qui en fait le choix id\u00e9al pour les installations sportives, les patinoires et les secteurs d'entra\u00eenement \u00e0 la recherche d'une option d'obstacle de patinoire fiable et n\u00e9cessitant peu d'entretien.<\/p>","protected":false},"excerpt":{"rendered":"<p>Les panneaux de hockey en UHMWPE de haute qualit\u00e9 offrent une surface lisse et durable, id\u00e9ale pour les patinoires et les terrains d'entra\u00eenement. R\u00e9sistantes aux chocs, aux fissures et \u00e0 l'usure, ces bandes en PE assurent une excellente glisse du palet et la s\u00e9curit\u00e9 des joueurs. Des dimensions personnalis\u00e9es sont disponibles pour un usage professionnel ou r\u00e9cr\u00e9atif.<\/p>","protected":false},"featured_media":1668,"template":"","meta":{"_gspb_post_css":""},"product_brand":[],"product_cat":[29,30],"product_tag":[294,292,293],"class_list":{"0":"post-1666","1":"product","2":"type-product","3":"status-publish","4":"has-post-thumbnail","6":"product_cat-ice-rink-products","7":"product_cat-hockey-ice-rink-dasher-boards","8":"product_tag-custom-pe-board","9":"product_tag-hockey-dasher-board","10":"product_tag-uhmwpe-rink-panel","12":"first","13":"instock","14":"shipping-taxable","15":"product-type-simple"},"_links":{"self":[{"href":"https:\/\/uhmwpemanufacture.com\/fr\/wp-json\/wp\/v2\/product\/1666","targetHints":{"allow":["GET"]}}],"collection":[{"href":"https:\/\/uhmwpemanufacture.com\/fr\/wp-json\/wp\/v2\/product"}],"about":[{"href":"https:\/\/uhmwpemanufacture.com\/fr\/wp-json\/wp\/v2\/types\/product"}],"wp:featuredmedia":[{"embeddable":true,"href":"https:\/\/uhmwpemanufacture.com\/fr\/wp-json\/wp\/v2\/media\/1668"}],"wp:attachment":[{"href":"https:\/\/uhmwpemanufacture.com\/fr\/wp-json\/wp\/v2\/media?parent=1666"}],"wp:term":[{"taxonomy":"product_brand","embeddable":true,"href":"https:\/\/uhmwpemanufacture.com\/fr\/wp-json\/wp\/v2\/product_brand?post=1666"},{"taxonomy":"product_cat","embeddable":true,"href":"https:\/\/uhmwpemanufacture.com\/fr\/wp-json\/wp\/v2\/product_cat?post=1666"},{"taxonomy":"product_tag","embeddable":true,"href":"https:\/\/uhmwpemanufacture.com\/fr\/wp-json\/wp\/v2\/product_tag?post=1666"}],"curies":[{"name":"wp","href":"https:\/\/api.w.org\/{rel}","templated":true}]}}