{"id":1678,"date":"2025-10-09T06:17:38","date_gmt":"2025-10-09T06:17:38","guid":{"rendered":"https:\/\/uhmwpemanufacture.com\/?post_type=product&#038;p=1678"},"modified":"2025-10-09T06:17:38","modified_gmt":"2025-10-09T06:17:38","slug":"custom-hdpe-polyethylene-lead-boron-board-sheet-exporter","status":"publish","type":"product","link":"https:\/\/uhmwpemanufacture.com\/fr\/custom-hdpe-polyethylene-lead-boron-board-sheet-exporter\/","title":{"rendered":"Exportateur de plaques de poly\u00e9thyl\u00e8ne plomb-bore HDPE sur mesure"},"content":{"rendered":"<h2>Exportateur de plaques de poly\u00e9thyl\u00e8ne de plomb-bore HDPE sur mesure<\/h2>\n<p>Les plaques personnalis\u00e9es de poly\u00e9thyl\u00e8ne HDPE au plomb et au bore sont con\u00e7ues pour les applications de protection contre les rayonnements et d'absorption des neutrons. Fabriqu\u00e9es \u00e0 partir d'un m\u00e9lange pr\u00e9cis de bore et de poly\u00e9thyl\u00e8ne haute densit\u00e9, ces plaques pr\u00e9sentent une r\u00e9sistance m\u00e9canique et chimique exceptionnelle, ainsi qu'une s\u00e9curit\u00e9 durable. Id\u00e9ales pour les installations nucl\u00e9aires, les salles d'imagerie m\u00e9dicale et les laboratoires de radiologie, elles offrent une s\u00e9curit\u00e9 r\u00e9put\u00e9e tout en restant tr\u00e8s faciles \u00e0 fabriquer et \u00e0 installer. Disponibles dans des dimensions et des \u00e9paisseurs personnalis\u00e9es, ces plaques noires durables offrent une efficacit\u00e9 exceptionnelle dans les atmosph\u00e8res difficiles, ce qui en fait l'option recommand\u00e9e pour les solutions de protection sp\u00e9cialis\u00e9e et d'ing\u00e9nierie de protection.<\/p>","protected":false},"excerpt":{"rendered":"<p>Les plaques de poly\u00e9thyl\u00e8ne haute densit\u00e9 au plomb et au bore offrent un blindage sup\u00e9rieur contre les neutrons et les radiations. Ces feuilles con\u00e7ues sur mesure combinent robustesse, stabilit\u00e9 et r\u00e9sistance chimique, et sont id\u00e9ales pour les applications de radioprotection nucl\u00e9aire, m\u00e9dicale et industrielle, avec une durabilit\u00e9 \u00e0 long terme.<\/p>","protected":false},"featured_media":1680,"template":"","meta":{"_gspb_post_css":""},"product_brand":[],"product_cat":[15,19],"product_tag":[299,297,298],"class_list":{"0":"post-1678","1":"product","2":"type-product","3":"status-publish","4":"has-post-thumbnail","6":"product_cat-uhmwpe-hdpe-sheets-plates","7":"product_cat-lead-boron-polyethylene-plates","8":"product_tag-hdpe-polyethylene-panel","9":"product_tag-lead-boron-board","10":"product_tag-radiation-shielding-sheet","12":"first","13":"instock","14":"shipping-taxable","15":"product-type-simple"},"_links":{"self":[{"href":"https:\/\/uhmwpemanufacture.com\/fr\/wp-json\/wp\/v2\/product\/1678","targetHints":{"allow":["GET"]}}],"collection":[{"href":"https:\/\/uhmwpemanufacture.com\/fr\/wp-json\/wp\/v2\/product"}],"about":[{"href":"https:\/\/uhmwpemanufacture.com\/fr\/wp-json\/wp\/v2\/types\/product"}],"wp:featuredmedia":[{"embeddable":true,"href":"https:\/\/uhmwpemanufacture.com\/fr\/wp-json\/wp\/v2\/media\/1680"}],"wp:attachment":[{"href":"https:\/\/uhmwpemanufacture.com\/fr\/wp-json\/wp\/v2\/media?parent=1678"}],"wp:term":[{"taxonomy":"product_brand","embeddable":true,"href":"https:\/\/uhmwpemanufacture.com\/fr\/wp-json\/wp\/v2\/product_brand?post=1678"},{"taxonomy":"product_cat","embeddable":true,"href":"https:\/\/uhmwpemanufacture.com\/fr\/wp-json\/wp\/v2\/product_cat?post=1678"},{"taxonomy":"product_tag","embeddable":true,"href":"https:\/\/uhmwpemanufacture.com\/fr\/wp-json\/wp\/v2\/product_tag?post=1678"}],"curies":[{"name":"wp","href":"https:\/\/api.w.org\/{rel}","templated":true}]}}