{"id":1685,"date":"2025-10-09T06:21:18","date_gmt":"2025-10-09T06:21:18","guid":{"rendered":"https:\/\/uhmwpemanufacture.com\/?post_type=product&#038;p=1685"},"modified":"2025-10-09T06:21:18","modified_gmt":"2025-10-09T06:21:18","slug":"wear-resistant-outrigger-pads-uhmw-crane-foot-support-plate","status":"publish","type":"product","link":"https:\/\/uhmwpemanufacture.com\/fr\/wear-resistant-outrigger-pads-uhmw-crane-foot-support-plate\/","title":{"rendered":"Plaque de support de pied de grue r\u00e9sistante \u00e0 l'usure Uhmw"},"content":{"rendered":"<h2>Plaques d'appui des pieds de grue r\u00e9sistantes \u00e0 l'usure Plaque d'appui des pieds de grue UHMW<\/h2>\n<p>Les patins de stabilisateurs UHMW offrent une r\u00e9sistance et une s\u00e9curit\u00e9 exceptionnelles pour les grues, les v\u00e9hicules et les engins lourds. Fabriqu\u00e9es en poly\u00e9thyl\u00e8ne \u00e0 tr\u00e8s haut poids mol\u00e9culaire, ces couches de soutien du pied offrent une r\u00e9sistance \u00e0 l'usure, une absorption des effets et une r\u00e9partition des lots sup\u00e9rieures sur les sols mous ou irr\u00e9guliers. Leur surface antid\u00e9rapante et leur d\u00e9coupe pr\u00e9cise garantissent une manipulation ais\u00e9e, une s\u00e9curit\u00e9 et une long\u00e9vit\u00e9 recherch\u00e9es dans les proc\u00e9dures de construction et de formation. Con\u00e7us pour remplacer les patins conventionnels en bois ou en acier, les patins en UHMW sont l\u00e9gers, r\u00e9sistants aux intemp\u00e9ries et \u00e0 la corrosion, et offrent une efficacit\u00e9 durable pour les applications commerciales, de construction et de grues mobiles dans le monde entier.<\/p>","protected":false},"excerpt":{"rendered":"<p>Les patins de stabilisateurs en UHMW offrent un support au sol solide et stable pour les grues et les machines lourdes. L\u00e9gers et durables, ils r\u00e9sistent \u00e0 l'usure, aux chocs et \u00e0 la corrosion tout en assurant une r\u00e9partition s\u00fbre de la charge sur des surfaces molles ou irr\u00e9guli\u00e8res. Id\u00e9al pour les op\u00e9rations de construction et de levage industriel.<\/p>","protected":false},"featured_media":1686,"template":"","meta":{"_gspb_post_css":""},"product_brand":[],"product_cat":[15,20],"product_tag":[301,302,300],"class_list":{"0":"post-1685","1":"product","2":"type-product","3":"status-publish","4":"has-post-thumbnail","6":"product_cat-uhmwpe-hdpe-sheets-plates","7":"product_cat-crane-outrigger-pads","8":"product_tag-crane-support-plate","9":"product_tag-heavy-equipment-pad","10":"product_tag-uhmw-outrigger-pad","12":"first","13":"instock","14":"shipping-taxable","15":"product-type-simple"},"_links":{"self":[{"href":"https:\/\/uhmwpemanufacture.com\/fr\/wp-json\/wp\/v2\/product\/1685","targetHints":{"allow":["GET"]}}],"collection":[{"href":"https:\/\/uhmwpemanufacture.com\/fr\/wp-json\/wp\/v2\/product"}],"about":[{"href":"https:\/\/uhmwpemanufacture.com\/fr\/wp-json\/wp\/v2\/types\/product"}],"wp:featuredmedia":[{"embeddable":true,"href":"https:\/\/uhmwpemanufacture.com\/fr\/wp-json\/wp\/v2\/media\/1686"}],"wp:attachment":[{"href":"https:\/\/uhmwpemanufacture.com\/fr\/wp-json\/wp\/v2\/media?parent=1685"}],"wp:term":[{"taxonomy":"product_brand","embeddable":true,"href":"https:\/\/uhmwpemanufacture.com\/fr\/wp-json\/wp\/v2\/product_brand?post=1685"},{"taxonomy":"product_cat","embeddable":true,"href":"https:\/\/uhmwpemanufacture.com\/fr\/wp-json\/wp\/v2\/product_cat?post=1685"},{"taxonomy":"product_tag","embeddable":true,"href":"https:\/\/uhmwpemanufacture.com\/fr\/wp-json\/wp\/v2\/product_tag?post=1685"}],"curies":[{"name":"wp","href":"https:\/\/api.w.org\/{rel}","templated":true}]}}