{"id":1689,"date":"2025-10-09T06:24:02","date_gmt":"2025-10-09T06:24:02","guid":{"rendered":"https:\/\/uhmwpemanufacture.com\/?post_type=product&#038;p=1689"},"modified":"2025-10-09T06:24:02","modified_gmt":"2025-10-09T06:24:02","slug":"ultra-high-molecular-weight-polyethylene-hdpe-sheet-board","status":"publish","type":"product","link":"https:\/\/uhmwpemanufacture.com\/fr\/ultra-high-molecular-weight-polyethylene-hdpe-sheet-board\/","title":{"rendered":"Poly\u00e9thyl\u00e8ne \u00e0 poids mol\u00e9culaire ultra \u00e9lev\u00e9 HDPE Sheet Board"},"content":{"rendered":"<h2>Poly\u00e9thyl\u00e8ne \u00e0 poids mol\u00e9culaire ultra \u00e9lev\u00e9 PEHD Panneau UHMWPE<\/h2>\n<p>Les panneaux en poly\u00e9thyl\u00e8ne \u00e0 poids mol\u00e9culaire ultra \u00e9lev\u00e9 (UHMWPE) sont con\u00e7us pour offrir une robustesse sup\u00e9rieure, une friction r\u00e9duite et une r\u00e9sistance durable \u00e0 l'usure. Ces feuilles blanches de PEHD offrent une excellente r\u00e9sistance aux produits chimiques, aux chocs et \u00e0 l'abrasion, ce qui les rend adapt\u00e9es aux applications commerciales, aquatiques et alimentaires. L\u00e9g\u00e8res mais tr\u00e8s durables, les plaques d'UHMWPE garantissent des performances r\u00e9guli\u00e8res dans les syst\u00e8mes de convoyage, les rev\u00eatements et les surfaces de s\u00e9curit\u00e9. Leurs propri\u00e9t\u00e9s r\u00e9sidentielles anti-adh\u00e9rentes et r\u00e9sistantes \u00e0 l'humidit\u00e9 les rendent tr\u00e8s faciles \u00e0 ranger et \u00e0 entretenir, m\u00eame dans des environnements exigeants. Des dimensions et des densit\u00e9s sur mesure sont facilement disponibles pour r\u00e9pondre aux divers besoins d'ing\u00e9nierie et de production.<\/p>","protected":false},"excerpt":{"rendered":"<p>Les plaques UHMWPE offrent une solidit\u00e9 exceptionnelle, une r\u00e9sistance \u00e0 l'usure et une faible friction. Id\u00e9ales pour les applications industrielles, marines et alimentaires, ces feuilles HDPE offrent une excellente r\u00e9sistance aux chocs et aux produits chimiques, ainsi qu'une performance lisse et durable pour une utilisation \u00e0 long terme.<\/p>","protected":false},"featured_media":1695,"template":"","meta":{"_gspb_post_css":""},"product_brand":[],"product_cat":[15,18],"product_tag":[59,304,303],"class_list":{"0":"post-1689","1":"product","2":"type-product","3":"status-publish","4":"has-post-thumbnail","6":"product_cat-uhmwpe-hdpe-sheets-plates","7":"product_cat-hdpe-sheets","8":"product_tag-hdpe-sheet","9":"product_tag-polyethylene-panel","10":"product_tag-uhmwpe-board","12":"first","13":"instock","14":"shipping-taxable","15":"product-type-simple"},"_links":{"self":[{"href":"https:\/\/uhmwpemanufacture.com\/fr\/wp-json\/wp\/v2\/product\/1689","targetHints":{"allow":["GET"]}}],"collection":[{"href":"https:\/\/uhmwpemanufacture.com\/fr\/wp-json\/wp\/v2\/product"}],"about":[{"href":"https:\/\/uhmwpemanufacture.com\/fr\/wp-json\/wp\/v2\/types\/product"}],"wp:featuredmedia":[{"embeddable":true,"href":"https:\/\/uhmwpemanufacture.com\/fr\/wp-json\/wp\/v2\/media\/1695"}],"wp:attachment":[{"href":"https:\/\/uhmwpemanufacture.com\/fr\/wp-json\/wp\/v2\/media?parent=1689"}],"wp:term":[{"taxonomy":"product_brand","embeddable":true,"href":"https:\/\/uhmwpemanufacture.com\/fr\/wp-json\/wp\/v2\/product_brand?post=1689"},{"taxonomy":"product_cat","embeddable":true,"href":"https:\/\/uhmwpemanufacture.com\/fr\/wp-json\/wp\/v2\/product_cat?post=1689"},{"taxonomy":"product_tag","embeddable":true,"href":"https:\/\/uhmwpemanufacture.com\/fr\/wp-json\/wp\/v2\/product_tag?post=1689"}],"curies":[{"name":"wp","href":"https:\/\/api.w.org\/{rel}","templated":true}]}}