{"id":1696,"date":"2025-10-09T06:27:49","date_gmt":"2025-10-09T06:27:49","guid":{"rendered":"https:\/\/uhmwpemanufacture.com\/?post_type=product&#038;p=1696"},"modified":"2025-10-09T06:27:49","modified_gmt":"2025-10-09T06:27:49","slug":"custom-resistant-hockeyicerink-dasher-boards-manufacturer","status":"publish","type":"product","link":"https:\/\/uhmwpemanufacture.com\/fr\/custom-resistant-hockeyicerink-dasher-boards-manufacturer\/","title":{"rendered":"Panneaux de dames de hockey (glace) r\u00e9sistants aux intemp\u00e9ries Fabricant de panneaux de dames de hockey (glace)"},"content":{"rendered":"<h2>Fabrication de planches de hockey (glace) r\u00e9sistantes \u00e0 l'abrasion sur mesure<\/h2>\n<p>Les panneaux d'affichage personnalis\u00e9s pour les patinoires de hockey sont construits pour les patinoires d'experts et de divertissement, offrant une robustesse et une r\u00e9sistance aux influences remarquables. Fabriqu\u00e9es \u00e0 partir de produits de haute qualit\u00e9, notamment le PEHD et des structures l\u00e9g\u00e8res en alliage d'aluminium, ces bandes garantissent la s\u00fbret\u00e9 et la s\u00e9curit\u00e9, la stabilit\u00e9 et le bon rebond du palet tout au long du jeu. La surface r\u00e9sistante aux UV et \u00e0 l'humidit\u00e9 offre une efficacit\u00e9 durable \u00e0 l'int\u00e9rieur comme \u00e0 l'ext\u00e9rieur. Con\u00e7ue pour une installation et un entretien tr\u00e8s faciles, chaque planche peut \u00eatre personnalis\u00e9e en termes de dimensions, de teintes et de design pour r\u00e9pondre aux exigences de la patinoire. Convient au hockey sur glace, aux installations de patinage et aux centres d'entra\u00eenement qui ont besoin de barri\u00e8res de patinoire fiables et performantes.<\/p>","protected":false},"excerpt":{"rendered":"<p>Les panneaux d'affichage durables pour les patinoires de hockey sont fabriqu\u00e9s \u00e0 partir de PEHD et d'aluminium de haute qualit\u00e9 pour une r\u00e9sistance sup\u00e9rieure aux chocs et un jeu fluide. Con\u00e7ues pour les patinoires et les pistes en ligne, elles garantissent la s\u00e9curit\u00e9, une installation facile et des performances durables. Des tailles et des couleurs personnalis\u00e9es sont disponibles pour les ar\u00e8nes professionnelles ou r\u00e9cr\u00e9atives.<\/p>","protected":false},"featured_media":1698,"template":"","meta":{"_gspb_post_css":""},"product_brand":[],"product_cat":[29,30],"product_tag":[306,81,305],"class_list":{"0":"post-1696","1":"product","2":"type-product","3":"status-publish","4":"has-post-thumbnail","6":"product_cat-ice-rink-products","7":"product_cat-hockey-ice-rink-dasher-boards","8":"product_tag-hdpe-rink-panels","9":"product_tag-hockey-dasher-boards","10":"product_tag-ice-rink-barrier","12":"first","13":"instock","14":"shipping-taxable","15":"product-type-simple"},"_links":{"self":[{"href":"https:\/\/uhmwpemanufacture.com\/fr\/wp-json\/wp\/v2\/product\/1696","targetHints":{"allow":["GET"]}}],"collection":[{"href":"https:\/\/uhmwpemanufacture.com\/fr\/wp-json\/wp\/v2\/product"}],"about":[{"href":"https:\/\/uhmwpemanufacture.com\/fr\/wp-json\/wp\/v2\/types\/product"}],"wp:featuredmedia":[{"embeddable":true,"href":"https:\/\/uhmwpemanufacture.com\/fr\/wp-json\/wp\/v2\/media\/1698"}],"wp:attachment":[{"href":"https:\/\/uhmwpemanufacture.com\/fr\/wp-json\/wp\/v2\/media?parent=1696"}],"wp:term":[{"taxonomy":"product_brand","embeddable":true,"href":"https:\/\/uhmwpemanufacture.com\/fr\/wp-json\/wp\/v2\/product_brand?post=1696"},{"taxonomy":"product_cat","embeddable":true,"href":"https:\/\/uhmwpemanufacture.com\/fr\/wp-json\/wp\/v2\/product_cat?post=1696"},{"taxonomy":"product_tag","embeddable":true,"href":"https:\/\/uhmwpemanufacture.com\/fr\/wp-json\/wp\/v2\/product_tag?post=1696"}],"curies":[{"name":"wp","href":"https:\/\/api.w.org\/{rel}","templated":true}]}}